{"id":17586,"date":"2026-05-03T13:55:40","date_gmt":"2026-05-03T13:55:40","guid":{"rendered":"https:\/\/styrpaadyr.dk\/?post_type=product&#038;p=17586"},"modified":"2026-05-03T13:57:04","modified_gmt":"2026-05-03T13:57:04","slug":"snackit-hestekoedstrips-200g","status":"publish","type":"product","link":"https:\/\/styrpaadyr.dk\/en\/product\/snackit-hestekoedstrips-200g\/","title":{"rendered":"Snack&#8217;it Hestek\u00f8dstrips 200g"},"content":{"rendered":"<p>Med disse l\u00e6kre hakkede og ovnbagte hestek\u00f8dstrips er du garanteret en l\u00e6kker snack til hunden. Velfungerende til hunde med allergi. Med det h\u00f8je protein indhold er dette med til at vedligeholde hundens muskler.<\/p>\n<p>EU Oprindelse.<\/p>\n<p>Gives under tilsyn og med frisk drikkevand til r\u00e5dighed.<\/p>","protected":false},"excerpt":{"rendered":"<p>Med disse l\u00e6kre hakkede og ovnbagte hestek\u00f8dstrips er du garanteret en l\u00e6kker snack til hunden. Velfungerende til hunde med allergi. Med det h\u00f8je protein indhold er dette med til at vedligeholde hundens muskler. EU Oprindelse. Gives under tilsyn og med frisk drikkevand til r\u00e5dighed.<\/p>","protected":false},"featured_media":17587,"comment_status":"open","ping_status":"closed","template":"","meta":[],"product_brand":[],"product_cat":[121,247],"product_tag":[],"class_list":{"0":"post-17586","1":"product","2":"type-product","3":"status-publish","4":"has-post-thumbnail","6":"product_cat-hund","7":"product_cat-hunde-snacks","9":"first","10":"instock","11":"shipping-taxable","12":"purchasable","13":"product-type-simple"},"yoast_head":"<!-- This site is optimized with the Yoast SEO plugin v27.6 - https:\/\/yoast.com\/product\/yoast-seo-wordpress\/ -->\n<title>Snack&#039;it Hestek\u00f8dstrips 200g - Styr p\u00e5 dyr<\/title>\n<meta name=\"description\" content=\"Med disse l\u00e6kre hestek\u00f8dstrips er du garanteret en l\u00e6kker snack til hunden. Hakket og ovnbagt.\u00a0Hestek\u00f8d er velfungerende til hunde med allergi.\" \/>\n<meta name=\"robots\" content=\"index, follow, max-snippet:-1, max-image-preview:large, max-video-preview:-1\" \/>\n<link rel=\"canonical\" href=\"https:\/\/styrpaadyr.dk\/en\/product\/snackit-hestekoedstrips-200g\/\" \/>\n<meta property=\"og:locale\" content=\"en_US\" \/>\n<meta property=\"og:type\" content=\"article\" \/>\n<meta property=\"og:title\" content=\"Snack&#039;it Hestek\u00f8dstrips 200g - Styr p\u00e5 dyr\" \/>\n<meta property=\"og:description\" content=\"Med disse l\u00e6kre hestek\u00f8dstrips er du garanteret en l\u00e6kker snack til hunden. Hakket og ovnbagt.\u00a0Hestek\u00f8d er velfungerende til hunde med allergi.\" \/>\n<meta property=\"og:url\" content=\"https:\/\/styrpaadyr.dk\/en\/product\/snackit-hestekoedstrips-200g\/\" \/>\n<meta property=\"og:site_name\" content=\"Styr p\u00e5 dyr\" \/>\n<meta property=\"article:publisher\" content=\"https:\/\/www.facebook.com\/styrpaadyr\" \/>\n<meta property=\"article:modified_time\" content=\"2026-05-03T13:57:04+00:00\" \/>\n<meta property=\"og:image\" content=\"https:\/\/styrpaadyr.dk\/wp-content\/uploads\/2026\/05\/Snackit-Hestekoedstrips-200g-1.png\" \/>\n\t<meta property=\"og:image:width\" content=\"1000\" \/>\n\t<meta property=\"og:image:height\" content=\"1000\" \/>\n\t<meta property=\"og:image:type\" content=\"image\/png\" \/>\n<meta name=\"twitter:card\" content=\"summary_large_image\" \/>\n<meta name=\"twitter:label1\" content=\"Est. reading time\" \/>\n\t<meta name=\"twitter:data1\" content=\"1 minute\" \/>\n<script type=\"application\/ld+json\" class=\"yoast-schema-graph\">{\"@context\":\"https:\\\/\\\/schema.org\",\"@graph\":[{\"@type\":\"WebPage\",\"@id\":\"https:\\\/\\\/styrpaadyr.dk\\\/vare\\\/snackit-hestekoedstrips-200g\\\/\",\"url\":\"https:\\\/\\\/styrpaadyr.dk\\\/vare\\\/snackit-hestekoedstrips-200g\\\/\",\"name\":\"Snack'it Hestek\u00f8dstrips 200g - Styr p\u00e5 dyr\",\"isPartOf\":{\"@id\":\"https:\\\/\\\/styrpaadyr.dk\\\/#website\"},\"primaryImageOfPage\":{\"@id\":\"https:\\\/\\\/styrpaadyr.dk\\\/vare\\\/snackit-hestekoedstrips-200g\\\/#primaryimage\"},\"image\":{\"@id\":\"https:\\\/\\\/styrpaadyr.dk\\\/vare\\\/snackit-hestekoedstrips-200g\\\/#primaryimage\"},\"thumbnailUrl\":\"https:\\\/\\\/styrpaadyr.dk\\\/wp-content\\\/uploads\\\/2026\\\/05\\\/Snackit-Hestekoedstrips-200g-1.png\",\"datePublished\":\"2026-05-03T13:55:40+00:00\",\"dateModified\":\"2026-05-03T13:57:04+00:00\",\"description\":\"Med disse l\u00e6kre hestek\u00f8dstrips er du garanteret en l\u00e6kker snack til hunden. Hakket og ovnbagt.\u00a0Hestek\u00f8d er velfungerende til hunde med allergi.\",\"breadcrumb\":{\"@id\":\"https:\\\/\\\/styrpaadyr.dk\\\/vare\\\/snackit-hestekoedstrips-200g\\\/#breadcrumb\"},\"inLanguage\":\"en-US\",\"potentialAction\":[{\"@type\":\"ReadAction\",\"target\":[\"https:\\\/\\\/styrpaadyr.dk\\\/vare\\\/snackit-hestekoedstrips-200g\\\/\"]}]},{\"@type\":\"ImageObject\",\"inLanguage\":\"en-US\",\"@id\":\"https:\\\/\\\/styrpaadyr.dk\\\/vare\\\/snackit-hestekoedstrips-200g\\\/#primaryimage\",\"url\":\"https:\\\/\\\/styrpaadyr.dk\\\/wp-content\\\/uploads\\\/2026\\\/05\\\/Snackit-Hestekoedstrips-200g-1.png\",\"contentUrl\":\"https:\\\/\\\/styrpaadyr.dk\\\/wp-content\\\/uploads\\\/2026\\\/05\\\/Snackit-Hestekoedstrips-200g-1.png\",\"width\":1000,\"height\":1000},{\"@type\":\"BreadcrumbList\",\"@id\":\"https:\\\/\\\/styrpaadyr.dk\\\/vare\\\/snackit-hestekoedstrips-200g\\\/#breadcrumb\",\"itemListElement\":[{\"@type\":\"ListItem\",\"position\":1,\"name\":\"Hjem\",\"item\":\"https:\\\/\\\/styrpaadyr.dk\\\/\"},{\"@type\":\"ListItem\",\"position\":2,\"name\":\"Shop\",\"item\":\"https:\\\/\\\/styrpaadyr.dk\\\/shop\\\/\"},{\"@type\":\"ListItem\",\"position\":3,\"name\":\"Snack&#8217;it Hestek\u00f8dstrips 200g\"}]},{\"@type\":\"WebSite\",\"@id\":\"https:\\\/\\\/styrpaadyr.dk\\\/#website\",\"url\":\"https:\\\/\\\/styrpaadyr.dk\\\/\",\"name\":\"Styr p\u00e5 dyr\",\"description\":\"Din ekspert inden for dyr\",\"publisher\":{\"@id\":\"https:\\\/\\\/styrpaadyr.dk\\\/#organization\"},\"potentialAction\":[{\"@type\":\"SearchAction\",\"target\":{\"@type\":\"EntryPoint\",\"urlTemplate\":\"https:\\\/\\\/styrpaadyr.dk\\\/?s={search_term_string}\"},\"query-input\":{\"@type\":\"PropertyValueSpecification\",\"valueRequired\":true,\"valueName\":\"search_term_string\"}}],\"inLanguage\":\"en-US\"},{\"@type\":\"Organization\",\"@id\":\"https:\\\/\\\/styrpaadyr.dk\\\/#organization\",\"name\":\"Styr p\u00e5 dyr\",\"url\":\"https:\\\/\\\/styrpaadyr.dk\\\/\",\"logo\":{\"@type\":\"ImageObject\",\"inLanguage\":\"en-US\",\"@id\":\"https:\\\/\\\/styrpaadyr.dk\\\/#\\\/schema\\\/logo\\\/image\\\/\",\"url\":\"https:\\\/\\\/styrpaadyr.dk\\\/wp-content\\\/uploads\\\/2022\\\/07\\\/logo_3_ub.png\",\"contentUrl\":\"https:\\\/\\\/styrpaadyr.dk\\\/wp-content\\\/uploads\\\/2022\\\/07\\\/logo_3_ub.png\",\"width\":282,\"height\":91,\"caption\":\"Styr p\u00e5 dyr\"},\"image\":{\"@id\":\"https:\\\/\\\/styrpaadyr.dk\\\/#\\\/schema\\\/logo\\\/image\\\/\"},\"sameAs\":[\"https:\\\/\\\/www.facebook.com\\\/styrpaadyr\"]}]}<\/script>\n<!-- \/ Yoast SEO plugin. -->","yoast_head_json":{"title":"Snack'it Hestek\u00f8dstrips 200g - Styr p\u00e5 dyr","description":"Med disse l\u00e6kre hestek\u00f8dstrips er du garanteret en l\u00e6kker snack til hunden. Hakket og ovnbagt.\u00a0Hestek\u00f8d er velfungerende til hunde med allergi.","robots":{"index":"index","follow":"follow","max-snippet":"max-snippet:-1","max-image-preview":"max-image-preview:large","max-video-preview":"max-video-preview:-1"},"canonical":"https:\/\/styrpaadyr.dk\/en\/product\/snackit-hestekoedstrips-200g\/","og_locale":"en_US","og_type":"article","og_title":"Snack'it Hestek\u00f8dstrips 200g - Styr p\u00e5 dyr","og_description":"Med disse l\u00e6kre hestek\u00f8dstrips er du garanteret en l\u00e6kker snack til hunden. Hakket og ovnbagt.\u00a0Hestek\u00f8d er velfungerende til hunde med allergi.","og_url":"https:\/\/styrpaadyr.dk\/en\/product\/snackit-hestekoedstrips-200g\/","og_site_name":"Styr p\u00e5 dyr","article_publisher":"https:\/\/www.facebook.com\/styrpaadyr","article_modified_time":"2026-05-03T13:57:04+00:00","og_image":[{"width":1000,"height":1000,"url":"https:\/\/styrpaadyr.dk\/wp-content\/uploads\/2026\/05\/Snackit-Hestekoedstrips-200g-1.png","type":"image\/png"}],"twitter_card":"summary_large_image","twitter_misc":{"Est. reading time":"1 minute"},"schema":{"@context":"https:\/\/schema.org","@graph":[{"@type":"WebPage","@id":"https:\/\/styrpaadyr.dk\/vare\/snackit-hestekoedstrips-200g\/","url":"https:\/\/styrpaadyr.dk\/vare\/snackit-hestekoedstrips-200g\/","name":"Snack'it Hestek\u00f8dstrips 200g - Styr p\u00e5 dyr","isPartOf":{"@id":"https:\/\/styrpaadyr.dk\/#website"},"primaryImageOfPage":{"@id":"https:\/\/styrpaadyr.dk\/vare\/snackit-hestekoedstrips-200g\/#primaryimage"},"image":{"@id":"https:\/\/styrpaadyr.dk\/vare\/snackit-hestekoedstrips-200g\/#primaryimage"},"thumbnailUrl":"https:\/\/styrpaadyr.dk\/wp-content\/uploads\/2026\/05\/Snackit-Hestekoedstrips-200g-1.png","datePublished":"2026-05-03T13:55:40+00:00","dateModified":"2026-05-03T13:57:04+00:00","description":"Med disse l\u00e6kre hestek\u00f8dstrips er du garanteret en l\u00e6kker snack til hunden. Hakket og ovnbagt.\u00a0Hestek\u00f8d er velfungerende til hunde med allergi.","breadcrumb":{"@id":"https:\/\/styrpaadyr.dk\/vare\/snackit-hestekoedstrips-200g\/#breadcrumb"},"inLanguage":"en-US","potentialAction":[{"@type":"ReadAction","target":["https:\/\/styrpaadyr.dk\/vare\/snackit-hestekoedstrips-200g\/"]}]},{"@type":"ImageObject","inLanguage":"en-US","@id":"https:\/\/styrpaadyr.dk\/vare\/snackit-hestekoedstrips-200g\/#primaryimage","url":"https:\/\/styrpaadyr.dk\/wp-content\/uploads\/2026\/05\/Snackit-Hestekoedstrips-200g-1.png","contentUrl":"https:\/\/styrpaadyr.dk\/wp-content\/uploads\/2026\/05\/Snackit-Hestekoedstrips-200g-1.png","width":1000,"height":1000},{"@type":"BreadcrumbList","@id":"https:\/\/styrpaadyr.dk\/vare\/snackit-hestekoedstrips-200g\/#breadcrumb","itemListElement":[{"@type":"ListItem","position":1,"name":"Hjem","item":"https:\/\/styrpaadyr.dk\/"},{"@type":"ListItem","position":2,"name":"Shop","item":"https:\/\/styrpaadyr.dk\/shop\/"},{"@type":"ListItem","position":3,"name":"Snack&#8217;it Hestek\u00f8dstrips 200g"}]},{"@type":"WebSite","@id":"https:\/\/styrpaadyr.dk\/#website","url":"https:\/\/styrpaadyr.dk\/","name":"Styr p\u00e5 dyr","description":"Din ekspert inden for dyr","publisher":{"@id":"https:\/\/styrpaadyr.dk\/#organization"},"potentialAction":[{"@type":"SearchAction","target":{"@type":"EntryPoint","urlTemplate":"https:\/\/styrpaadyr.dk\/?s={search_term_string}"},"query-input":{"@type":"PropertyValueSpecification","valueRequired":true,"valueName":"search_term_string"}}],"inLanguage":"en-US"},{"@type":"Organization","@id":"https:\/\/styrpaadyr.dk\/#organization","name":"Styr p\u00e5 dyr","url":"https:\/\/styrpaadyr.dk\/","logo":{"@type":"ImageObject","inLanguage":"en-US","@id":"https:\/\/styrpaadyr.dk\/#\/schema\/logo\/image\/","url":"https:\/\/styrpaadyr.dk\/wp-content\/uploads\/2022\/07\/logo_3_ub.png","contentUrl":"https:\/\/styrpaadyr.dk\/wp-content\/uploads\/2022\/07\/logo_3_ub.png","width":282,"height":91,"caption":"Styr p\u00e5 dyr"},"image":{"@id":"https:\/\/styrpaadyr.dk\/#\/schema\/logo\/image\/"},"sameAs":["https:\/\/www.facebook.com\/styrpaadyr"]}]}},"_links":{"self":[{"href":"https:\/\/styrpaadyr.dk\/en\/wp-json\/wp\/v2\/product\/17586","targetHints":{"allow":["GET"]}}],"collection":[{"href":"https:\/\/styrpaadyr.dk\/en\/wp-json\/wp\/v2\/product"}],"about":[{"href":"https:\/\/styrpaadyr.dk\/en\/wp-json\/wp\/v2\/types\/product"}],"replies":[{"embeddable":true,"href":"https:\/\/styrpaadyr.dk\/en\/wp-json\/wp\/v2\/comments?post=17586"}],"version-history":[{"count":1,"href":"https:\/\/styrpaadyr.dk\/en\/wp-json\/wp\/v2\/product\/17586\/revisions"}],"predecessor-version":[{"id":17588,"href":"https:\/\/styrpaadyr.dk\/en\/wp-json\/wp\/v2\/product\/17586\/revisions\/17588"}],"wp:featuredmedia":[{"embeddable":true,"href":"https:\/\/styrpaadyr.dk\/en\/wp-json\/wp\/v2\/media\/17587"}],"wp:attachment":[{"href":"https:\/\/styrpaadyr.dk\/en\/wp-json\/wp\/v2\/media?parent=17586"}],"wp:term":[{"taxonomy":"product_brand","embeddable":true,"href":"https:\/\/styrpaadyr.dk\/en\/wp-json\/wp\/v2\/product_brand?post=17586"},{"taxonomy":"product_cat","embeddable":true,"href":"https:\/\/styrpaadyr.dk\/en\/wp-json\/wp\/v2\/product_cat?post=17586"},{"taxonomy":"product_tag","embeddable":true,"href":"https:\/\/styrpaadyr.dk\/en\/wp-json\/wp\/v2\/product_tag?post=17586"}],"curies":[{"name":"wp","href":"https:\/\/api.w.org\/{rel}","templated":true}]}}