{"id":17568,"date":"2026-04-30T10:09:26","date_gmt":"2026-04-30T10:09:26","guid":{"rendered":"https:\/\/styrpaadyr.dk\/?post_type=product&#038;p=17568"},"modified":"2026-04-30T10:09:26","modified_gmt":"2026-04-30T10:09:26","slug":"snackit-hestepandebrask-200g","status":"publish","type":"product","link":"https:\/\/styrpaadyr.dk\/en\/product\/snackit-hestepandebrask-200g\/","title":{"rendered":"Snack&#8217;it Hestepandebrask 200g"},"content":{"rendered":"<p>Snack&#8217;it hestepandebrask er det perfekte valg for hundeejere, der \u00f8nsker at fork\u00e6le deres firbenede venner med en sund og naturlig snack. Disse tyggeben er lavet af 100% hest, hvilket g\u00f8r dem s\u00e6rligt velegnede til sensitive hunde. Med sit hypoallergene indhold er Snack&#8217;it hestepandebrask ideel for hunde med f\u00f8devareallergier eller sart ford\u00f8jelse. Denne tyggeoplevelse er sk\u00e5nsom for maven og hj\u00e6lper med at holde allergiske reaktioner p\u00e5 afstand.<\/p>\n<p>Produceret i EU.<\/p>\n<p>Gives under opsyn og med frisk drikkevand til r\u00e5dighed.<\/p>","protected":false},"excerpt":{"rendered":"<p>Snack&#8217;it hestepandebrask er det perfekte valg for hundeejere, der \u00f8nsker at fork\u00e6le deres firbenede venner med en sund og naturlig snack. Disse tyggeben er lavet af 100% hest, hvilket g\u00f8r dem s\u00e6rligt velegnede til sensitive hunde. Med sit hypoallergene indhold er Snack&#8217;it hestepandebrask ideel for hunde med f\u00f8devareallergier eller sart ford\u00f8jelse. Denne tyggeoplevelse er sk\u00e5nsom [&hellip;]<\/p>\n","protected":false},"featured_media":0,"comment_status":"open","ping_status":"closed","template":"","meta":[],"product_brand":[248],"product_cat":[121,247],"product_tag":[272,249,251],"class_list":{"0":"post-17568","1":"product","2":"type-product","3":"status-publish","5":"product_brand-snackit","6":"product_cat-hund","7":"product_cat-hunde-snacks","8":"product_tag-hestepandebrask","9":"product_tag-hund","10":"product_tag-hundesnacks","12":"first","13":"outofstock","14":"shipping-taxable","15":"purchasable","16":"product-type-simple"},"yoast_head":"<!-- This site is optimized with the Yoast SEO plugin v27.6 - https:\/\/yoast.com\/product\/yoast-seo-wordpress\/ -->\n<title>Snack&#039;it Hestepandebrask 200g - Styr p\u00e5 dyr<\/title>\n<meta name=\"description\" content=\"Disse tyggeben er lavet af 100% hest. Med sit hypoallergene indhold er Snack&#039;it hestepandebrask ideel for hunde med f\u00f8devareallergier eller sart ford\u00f8jelse\" \/>\n<meta name=\"robots\" content=\"index, follow, max-snippet:-1, max-image-preview:large, max-video-preview:-1\" \/>\n<link rel=\"canonical\" href=\"https:\/\/styrpaadyr.dk\/en\/product\/snackit-hestepandebrask-200g\/\" \/>\n<meta property=\"og:locale\" content=\"en_US\" \/>\n<meta property=\"og:type\" content=\"article\" \/>\n<meta property=\"og:title\" content=\"Snack&#039;it Hestepandebrask 200g - Styr p\u00e5 dyr\" \/>\n<meta property=\"og:description\" content=\"Disse tyggeben er lavet af 100% hest. Med sit hypoallergene indhold er Snack&#039;it hestepandebrask ideel for hunde med f\u00f8devareallergier eller sart ford\u00f8jelse\" \/>\n<meta property=\"og:url\" content=\"https:\/\/styrpaadyr.dk\/en\/product\/snackit-hestepandebrask-200g\/\" \/>\n<meta property=\"og:site_name\" content=\"Styr p\u00e5 dyr\" \/>\n<meta property=\"article:publisher\" content=\"https:\/\/www.facebook.com\/styrpaadyr\" \/>\n<meta name=\"twitter:card\" content=\"summary_large_image\" \/>\n<meta name=\"twitter:label1\" content=\"Est. reading time\" \/>\n\t<meta name=\"twitter:data1\" content=\"1 minute\" \/>\n<script type=\"application\/ld+json\" class=\"yoast-schema-graph\">{\"@context\":\"https:\\\/\\\/schema.org\",\"@graph\":[{\"@type\":\"WebPage\",\"@id\":\"https:\\\/\\\/styrpaadyr.dk\\\/vare\\\/snackit-hestepandebrask-200g\\\/\",\"url\":\"https:\\\/\\\/styrpaadyr.dk\\\/vare\\\/snackit-hestepandebrask-200g\\\/\",\"name\":\"Snack'it Hestepandebrask 200g - Styr p\u00e5 dyr\",\"isPartOf\":{\"@id\":\"https:\\\/\\\/styrpaadyr.dk\\\/#website\"},\"datePublished\":\"2026-04-30T10:09:26+00:00\",\"description\":\"Disse tyggeben er lavet af 100% hest. Med sit hypoallergene indhold er Snack'it hestepandebrask ideel for hunde med f\u00f8devareallergier eller sart ford\u00f8jelse\",\"breadcrumb\":{\"@id\":\"https:\\\/\\\/styrpaadyr.dk\\\/vare\\\/snackit-hestepandebrask-200g\\\/#breadcrumb\"},\"inLanguage\":\"en-US\",\"potentialAction\":[{\"@type\":\"ReadAction\",\"target\":[\"https:\\\/\\\/styrpaadyr.dk\\\/vare\\\/snackit-hestepandebrask-200g\\\/\"]}]},{\"@type\":\"BreadcrumbList\",\"@id\":\"https:\\\/\\\/styrpaadyr.dk\\\/vare\\\/snackit-hestepandebrask-200g\\\/#breadcrumb\",\"itemListElement\":[{\"@type\":\"ListItem\",\"position\":1,\"name\":\"Hjem\",\"item\":\"https:\\\/\\\/styrpaadyr.dk\\\/\"},{\"@type\":\"ListItem\",\"position\":2,\"name\":\"Shop\",\"item\":\"https:\\\/\\\/styrpaadyr.dk\\\/shop\\\/\"},{\"@type\":\"ListItem\",\"position\":3,\"name\":\"Snack&#8217;it Hestepandebrask 200g\"}]},{\"@type\":\"WebSite\",\"@id\":\"https:\\\/\\\/styrpaadyr.dk\\\/#website\",\"url\":\"https:\\\/\\\/styrpaadyr.dk\\\/\",\"name\":\"Styr p\u00e5 dyr\",\"description\":\"Din ekspert inden for dyr\",\"publisher\":{\"@id\":\"https:\\\/\\\/styrpaadyr.dk\\\/#organization\"},\"potentialAction\":[{\"@type\":\"SearchAction\",\"target\":{\"@type\":\"EntryPoint\",\"urlTemplate\":\"https:\\\/\\\/styrpaadyr.dk\\\/?s={search_term_string}\"},\"query-input\":{\"@type\":\"PropertyValueSpecification\",\"valueRequired\":true,\"valueName\":\"search_term_string\"}}],\"inLanguage\":\"en-US\"},{\"@type\":\"Organization\",\"@id\":\"https:\\\/\\\/styrpaadyr.dk\\\/#organization\",\"name\":\"Styr p\u00e5 dyr\",\"url\":\"https:\\\/\\\/styrpaadyr.dk\\\/\",\"logo\":{\"@type\":\"ImageObject\",\"inLanguage\":\"en-US\",\"@id\":\"https:\\\/\\\/styrpaadyr.dk\\\/#\\\/schema\\\/logo\\\/image\\\/\",\"url\":\"https:\\\/\\\/styrpaadyr.dk\\\/wp-content\\\/uploads\\\/2022\\\/07\\\/logo_3_ub.png\",\"contentUrl\":\"https:\\\/\\\/styrpaadyr.dk\\\/wp-content\\\/uploads\\\/2022\\\/07\\\/logo_3_ub.png\",\"width\":282,\"height\":91,\"caption\":\"Styr p\u00e5 dyr\"},\"image\":{\"@id\":\"https:\\\/\\\/styrpaadyr.dk\\\/#\\\/schema\\\/logo\\\/image\\\/\"},\"sameAs\":[\"https:\\\/\\\/www.facebook.com\\\/styrpaadyr\"]}]}<\/script>\n<!-- \/ Yoast SEO plugin. -->","yoast_head_json":{"title":"Snack'it Hestepandebrask 200g - Styr p\u00e5 dyr","description":"Disse tyggeben er lavet af 100% hest. Med sit hypoallergene indhold er Snack'it hestepandebrask ideel for hunde med f\u00f8devareallergier eller sart ford\u00f8jelse","robots":{"index":"index","follow":"follow","max-snippet":"max-snippet:-1","max-image-preview":"max-image-preview:large","max-video-preview":"max-video-preview:-1"},"canonical":"https:\/\/styrpaadyr.dk\/en\/product\/snackit-hestepandebrask-200g\/","og_locale":"en_US","og_type":"article","og_title":"Snack'it Hestepandebrask 200g - Styr p\u00e5 dyr","og_description":"Disse tyggeben er lavet af 100% hest. Med sit hypoallergene indhold er Snack'it hestepandebrask ideel for hunde med f\u00f8devareallergier eller sart ford\u00f8jelse","og_url":"https:\/\/styrpaadyr.dk\/en\/product\/snackit-hestepandebrask-200g\/","og_site_name":"Styr p\u00e5 dyr","article_publisher":"https:\/\/www.facebook.com\/styrpaadyr","twitter_card":"summary_large_image","twitter_misc":{"Est. reading time":"1 minute"},"schema":{"@context":"https:\/\/schema.org","@graph":[{"@type":"WebPage","@id":"https:\/\/styrpaadyr.dk\/vare\/snackit-hestepandebrask-200g\/","url":"https:\/\/styrpaadyr.dk\/vare\/snackit-hestepandebrask-200g\/","name":"Snack'it Hestepandebrask 200g - Styr p\u00e5 dyr","isPartOf":{"@id":"https:\/\/styrpaadyr.dk\/#website"},"datePublished":"2026-04-30T10:09:26+00:00","description":"Disse tyggeben er lavet af 100% hest. Med sit hypoallergene indhold er Snack'it hestepandebrask ideel for hunde med f\u00f8devareallergier eller sart ford\u00f8jelse","breadcrumb":{"@id":"https:\/\/styrpaadyr.dk\/vare\/snackit-hestepandebrask-200g\/#breadcrumb"},"inLanguage":"en-US","potentialAction":[{"@type":"ReadAction","target":["https:\/\/styrpaadyr.dk\/vare\/snackit-hestepandebrask-200g\/"]}]},{"@type":"BreadcrumbList","@id":"https:\/\/styrpaadyr.dk\/vare\/snackit-hestepandebrask-200g\/#breadcrumb","itemListElement":[{"@type":"ListItem","position":1,"name":"Hjem","item":"https:\/\/styrpaadyr.dk\/"},{"@type":"ListItem","position":2,"name":"Shop","item":"https:\/\/styrpaadyr.dk\/shop\/"},{"@type":"ListItem","position":3,"name":"Snack&#8217;it Hestepandebrask 200g"}]},{"@type":"WebSite","@id":"https:\/\/styrpaadyr.dk\/#website","url":"https:\/\/styrpaadyr.dk\/","name":"Styr p\u00e5 dyr","description":"Din ekspert inden for dyr","publisher":{"@id":"https:\/\/styrpaadyr.dk\/#organization"},"potentialAction":[{"@type":"SearchAction","target":{"@type":"EntryPoint","urlTemplate":"https:\/\/styrpaadyr.dk\/?s={search_term_string}"},"query-input":{"@type":"PropertyValueSpecification","valueRequired":true,"valueName":"search_term_string"}}],"inLanguage":"en-US"},{"@type":"Organization","@id":"https:\/\/styrpaadyr.dk\/#organization","name":"Styr p\u00e5 dyr","url":"https:\/\/styrpaadyr.dk\/","logo":{"@type":"ImageObject","inLanguage":"en-US","@id":"https:\/\/styrpaadyr.dk\/#\/schema\/logo\/image\/","url":"https:\/\/styrpaadyr.dk\/wp-content\/uploads\/2022\/07\/logo_3_ub.png","contentUrl":"https:\/\/styrpaadyr.dk\/wp-content\/uploads\/2022\/07\/logo_3_ub.png","width":282,"height":91,"caption":"Styr p\u00e5 dyr"},"image":{"@id":"https:\/\/styrpaadyr.dk\/#\/schema\/logo\/image\/"},"sameAs":["https:\/\/www.facebook.com\/styrpaadyr"]}]}},"_links":{"self":[{"href":"https:\/\/styrpaadyr.dk\/en\/wp-json\/wp\/v2\/product\/17568","targetHints":{"allow":["GET"]}}],"collection":[{"href":"https:\/\/styrpaadyr.dk\/en\/wp-json\/wp\/v2\/product"}],"about":[{"href":"https:\/\/styrpaadyr.dk\/en\/wp-json\/wp\/v2\/types\/product"}],"replies":[{"embeddable":true,"href":"https:\/\/styrpaadyr.dk\/en\/wp-json\/wp\/v2\/comments?post=17568"}],"version-history":[{"count":1,"href":"https:\/\/styrpaadyr.dk\/en\/wp-json\/wp\/v2\/product\/17568\/revisions"}],"predecessor-version":[{"id":17569,"href":"https:\/\/styrpaadyr.dk\/en\/wp-json\/wp\/v2\/product\/17568\/revisions\/17569"}],"wp:attachment":[{"href":"https:\/\/styrpaadyr.dk\/en\/wp-json\/wp\/v2\/media?parent=17568"}],"wp:term":[{"taxonomy":"product_brand","embeddable":true,"href":"https:\/\/styrpaadyr.dk\/en\/wp-json\/wp\/v2\/product_brand?post=17568"},{"taxonomy":"product_cat","embeddable":true,"href":"https:\/\/styrpaadyr.dk\/en\/wp-json\/wp\/v2\/product_cat?post=17568"},{"taxonomy":"product_tag","embeddable":true,"href":"https:\/\/styrpaadyr.dk\/en\/wp-json\/wp\/v2\/product_tag?post=17568"}],"curies":[{"name":"wp","href":"https:\/\/api.w.org\/{rel}","templated":true}]}}