{"id":17566,"date":"2026-04-30T09:58:14","date_gmt":"2026-04-30T09:58:14","guid":{"rendered":"https:\/\/styrpaadyr.dk\/?post_type=product&#038;p=17566"},"modified":"2026-04-30T09:58:30","modified_gmt":"2026-04-30T09:58:30","slug":"snackit-hestenakkesener-250g","status":"publish","type":"product","link":"https:\/\/styrpaadyr.dk\/en\/product\/snackit-hestenakkesener-250g\/","title":{"rendered":"Snack&#8217;it Hestenakkesener 250g"},"content":{"rendered":"<p>Snack&#8217;it Hestenakkesener er den perfekte snack til din firbenede ven. Fremstillet af 100% ren hest, g\u00f8r denne tyggegodbid b\u00e5de naturlig og fri for tils\u00e6tningsstoffer, hvilket g\u00f8r den til et ideelt valg for k\u00e6ledyr med f\u00f8lsomme maver eller allergier. P\u00e5 grund af sin faste tekstur giver Snack&#8217;it Hestenakkesener langvarig tyggegl\u00e6de, der kan hj\u00e6lpe med at pleje dit k\u00e6ledyrs t\u00e6nder og reducere plak. Dette g\u00f8r det til en b\u00e5de sund og tilfredsstillende snack.<\/p>\n<p>Produceret i EU.<\/p>\n<p>Give under opsyn med frisk drikkevand til r\u00e5dighed.<\/p>","protected":false},"excerpt":{"rendered":"<p>Snack&#8217;it Hestenakkesener er den perfekte snack til din firbenede ven. Fremstillet af 100% ren hest, g\u00f8r denne tyggegodbid b\u00e5de naturlig og fri for tils\u00e6tningsstoffer, hvilket g\u00f8r den til et ideelt valg for k\u00e6ledyr med f\u00f8lsomme maver eller allergier. P\u00e5 grund af sin faste tekstur giver Snack&#8217;it Hestenakkesener langvarig tyggegl\u00e6de, der kan hj\u00e6lpe med at pleje [&hellip;]<\/p>\n","protected":false},"featured_media":0,"comment_status":"open","ping_status":"closed","template":"","meta":[],"product_brand":[248],"product_cat":[121,247],"product_tag":[270,249,251,271],"class_list":{"0":"post-17566","1":"product","2":"type-product","3":"status-publish","5":"product_brand-snackit","6":"product_cat-hund","7":"product_cat-hunde-snacks","8":"product_tag-hestenakkesener","9":"product_tag-hund","10":"product_tag-hundesnacks","11":"product_tag-tyggegodbid","13":"first","14":"outofstock","15":"shipping-taxable","16":"purchasable","17":"product-type-simple"},"yoast_head":"<!-- This site is optimized with the Yoast SEO plugin v27.6 - https:\/\/yoast.com\/product\/yoast-seo-wordpress\/ -->\n<title>Snack&#039;it Hestenakkesener 250g - Styr p\u00e5 dyr<\/title>\n<meta name=\"description\" content=\"Snack&#039;it Hestenakkesener giver langvarig tyggegl\u00e6de, der kan hj\u00e6lpe med at pleje din hunds t\u00e6nder og reducere plak. Produceret af 100% Hest.\" \/>\n<meta name=\"robots\" content=\"index, follow, max-snippet:-1, max-image-preview:large, max-video-preview:-1\" \/>\n<link rel=\"canonical\" href=\"https:\/\/styrpaadyr.dk\/en\/product\/snackit-hestenakkesener-250g\/\" \/>\n<meta property=\"og:locale\" content=\"en_US\" \/>\n<meta property=\"og:type\" content=\"article\" \/>\n<meta property=\"og:title\" content=\"Snack&#039;it Hestenakkesener 250g - Styr p\u00e5 dyr\" \/>\n<meta property=\"og:description\" content=\"Snack&#039;it Hestenakkesener giver langvarig tyggegl\u00e6de, der kan hj\u00e6lpe med at pleje din hunds t\u00e6nder og reducere plak. Produceret af 100% Hest.\" \/>\n<meta property=\"og:url\" content=\"https:\/\/styrpaadyr.dk\/en\/product\/snackit-hestenakkesener-250g\/\" \/>\n<meta property=\"og:site_name\" content=\"Styr p\u00e5 dyr\" \/>\n<meta property=\"article:publisher\" content=\"https:\/\/www.facebook.com\/styrpaadyr\" \/>\n<meta property=\"article:modified_time\" content=\"2026-04-30T09:58:30+00:00\" \/>\n<meta name=\"twitter:card\" content=\"summary_large_image\" \/>\n<meta name=\"twitter:label1\" content=\"Est. reading time\" \/>\n\t<meta name=\"twitter:data1\" content=\"1 minute\" \/>\n<script type=\"application\/ld+json\" class=\"yoast-schema-graph\">{\"@context\":\"https:\\\/\\\/schema.org\",\"@graph\":[{\"@type\":\"WebPage\",\"@id\":\"https:\\\/\\\/styrpaadyr.dk\\\/vare\\\/snackit-hestenakkesener-250g\\\/\",\"url\":\"https:\\\/\\\/styrpaadyr.dk\\\/vare\\\/snackit-hestenakkesener-250g\\\/\",\"name\":\"Snack'it Hestenakkesener 250g - Styr p\u00e5 dyr\",\"isPartOf\":{\"@id\":\"https:\\\/\\\/styrpaadyr.dk\\\/#website\"},\"datePublished\":\"2026-04-30T09:58:14+00:00\",\"dateModified\":\"2026-04-30T09:58:30+00:00\",\"description\":\"Snack'it Hestenakkesener giver langvarig tyggegl\u00e6de, der kan hj\u00e6lpe med at pleje din hunds t\u00e6nder og reducere plak. Produceret af 100% Hest.\",\"breadcrumb\":{\"@id\":\"https:\\\/\\\/styrpaadyr.dk\\\/vare\\\/snackit-hestenakkesener-250g\\\/#breadcrumb\"},\"inLanguage\":\"en-US\",\"potentialAction\":[{\"@type\":\"ReadAction\",\"target\":[\"https:\\\/\\\/styrpaadyr.dk\\\/vare\\\/snackit-hestenakkesener-250g\\\/\"]}]},{\"@type\":\"BreadcrumbList\",\"@id\":\"https:\\\/\\\/styrpaadyr.dk\\\/vare\\\/snackit-hestenakkesener-250g\\\/#breadcrumb\",\"itemListElement\":[{\"@type\":\"ListItem\",\"position\":1,\"name\":\"Hjem\",\"item\":\"https:\\\/\\\/styrpaadyr.dk\\\/\"},{\"@type\":\"ListItem\",\"position\":2,\"name\":\"Shop\",\"item\":\"https:\\\/\\\/styrpaadyr.dk\\\/shop\\\/\"},{\"@type\":\"ListItem\",\"position\":3,\"name\":\"Snack&#8217;it Hestenakkesener 250g\"}]},{\"@type\":\"WebSite\",\"@id\":\"https:\\\/\\\/styrpaadyr.dk\\\/#website\",\"url\":\"https:\\\/\\\/styrpaadyr.dk\\\/\",\"name\":\"Styr p\u00e5 dyr\",\"description\":\"Din ekspert inden for dyr\",\"publisher\":{\"@id\":\"https:\\\/\\\/styrpaadyr.dk\\\/#organization\"},\"potentialAction\":[{\"@type\":\"SearchAction\",\"target\":{\"@type\":\"EntryPoint\",\"urlTemplate\":\"https:\\\/\\\/styrpaadyr.dk\\\/?s={search_term_string}\"},\"query-input\":{\"@type\":\"PropertyValueSpecification\",\"valueRequired\":true,\"valueName\":\"search_term_string\"}}],\"inLanguage\":\"en-US\"},{\"@type\":\"Organization\",\"@id\":\"https:\\\/\\\/styrpaadyr.dk\\\/#organization\",\"name\":\"Styr p\u00e5 dyr\",\"url\":\"https:\\\/\\\/styrpaadyr.dk\\\/\",\"logo\":{\"@type\":\"ImageObject\",\"inLanguage\":\"en-US\",\"@id\":\"https:\\\/\\\/styrpaadyr.dk\\\/#\\\/schema\\\/logo\\\/image\\\/\",\"url\":\"https:\\\/\\\/styrpaadyr.dk\\\/wp-content\\\/uploads\\\/2022\\\/07\\\/logo_3_ub.png\",\"contentUrl\":\"https:\\\/\\\/styrpaadyr.dk\\\/wp-content\\\/uploads\\\/2022\\\/07\\\/logo_3_ub.png\",\"width\":282,\"height\":91,\"caption\":\"Styr p\u00e5 dyr\"},\"image\":{\"@id\":\"https:\\\/\\\/styrpaadyr.dk\\\/#\\\/schema\\\/logo\\\/image\\\/\"},\"sameAs\":[\"https:\\\/\\\/www.facebook.com\\\/styrpaadyr\"]}]}<\/script>\n<!-- \/ Yoast SEO plugin. -->","yoast_head_json":{"title":"Snack'it Hestenakkesener 250g - Styr p\u00e5 dyr","description":"Snack'it Hestenakkesener giver langvarig tyggegl\u00e6de, der kan hj\u00e6lpe med at pleje din hunds t\u00e6nder og reducere plak. Produceret af 100% Hest.","robots":{"index":"index","follow":"follow","max-snippet":"max-snippet:-1","max-image-preview":"max-image-preview:large","max-video-preview":"max-video-preview:-1"},"canonical":"https:\/\/styrpaadyr.dk\/en\/product\/snackit-hestenakkesener-250g\/","og_locale":"en_US","og_type":"article","og_title":"Snack'it Hestenakkesener 250g - Styr p\u00e5 dyr","og_description":"Snack'it Hestenakkesener giver langvarig tyggegl\u00e6de, der kan hj\u00e6lpe med at pleje din hunds t\u00e6nder og reducere plak. Produceret af 100% Hest.","og_url":"https:\/\/styrpaadyr.dk\/en\/product\/snackit-hestenakkesener-250g\/","og_site_name":"Styr p\u00e5 dyr","article_publisher":"https:\/\/www.facebook.com\/styrpaadyr","article_modified_time":"2026-04-30T09:58:30+00:00","twitter_card":"summary_large_image","twitter_misc":{"Est. reading time":"1 minute"},"schema":{"@context":"https:\/\/schema.org","@graph":[{"@type":"WebPage","@id":"https:\/\/styrpaadyr.dk\/vare\/snackit-hestenakkesener-250g\/","url":"https:\/\/styrpaadyr.dk\/vare\/snackit-hestenakkesener-250g\/","name":"Snack'it Hestenakkesener 250g - Styr p\u00e5 dyr","isPartOf":{"@id":"https:\/\/styrpaadyr.dk\/#website"},"datePublished":"2026-04-30T09:58:14+00:00","dateModified":"2026-04-30T09:58:30+00:00","description":"Snack'it Hestenakkesener giver langvarig tyggegl\u00e6de, der kan hj\u00e6lpe med at pleje din hunds t\u00e6nder og reducere plak. Produceret af 100% Hest.","breadcrumb":{"@id":"https:\/\/styrpaadyr.dk\/vare\/snackit-hestenakkesener-250g\/#breadcrumb"},"inLanguage":"en-US","potentialAction":[{"@type":"ReadAction","target":["https:\/\/styrpaadyr.dk\/vare\/snackit-hestenakkesener-250g\/"]}]},{"@type":"BreadcrumbList","@id":"https:\/\/styrpaadyr.dk\/vare\/snackit-hestenakkesener-250g\/#breadcrumb","itemListElement":[{"@type":"ListItem","position":1,"name":"Hjem","item":"https:\/\/styrpaadyr.dk\/"},{"@type":"ListItem","position":2,"name":"Shop","item":"https:\/\/styrpaadyr.dk\/shop\/"},{"@type":"ListItem","position":3,"name":"Snack&#8217;it Hestenakkesener 250g"}]},{"@type":"WebSite","@id":"https:\/\/styrpaadyr.dk\/#website","url":"https:\/\/styrpaadyr.dk\/","name":"Styr p\u00e5 dyr","description":"Din ekspert inden for dyr","publisher":{"@id":"https:\/\/styrpaadyr.dk\/#organization"},"potentialAction":[{"@type":"SearchAction","target":{"@type":"EntryPoint","urlTemplate":"https:\/\/styrpaadyr.dk\/?s={search_term_string}"},"query-input":{"@type":"PropertyValueSpecification","valueRequired":true,"valueName":"search_term_string"}}],"inLanguage":"en-US"},{"@type":"Organization","@id":"https:\/\/styrpaadyr.dk\/#organization","name":"Styr p\u00e5 dyr","url":"https:\/\/styrpaadyr.dk\/","logo":{"@type":"ImageObject","inLanguage":"en-US","@id":"https:\/\/styrpaadyr.dk\/#\/schema\/logo\/image\/","url":"https:\/\/styrpaadyr.dk\/wp-content\/uploads\/2022\/07\/logo_3_ub.png","contentUrl":"https:\/\/styrpaadyr.dk\/wp-content\/uploads\/2022\/07\/logo_3_ub.png","width":282,"height":91,"caption":"Styr p\u00e5 dyr"},"image":{"@id":"https:\/\/styrpaadyr.dk\/#\/schema\/logo\/image\/"},"sameAs":["https:\/\/www.facebook.com\/styrpaadyr"]}]}},"_links":{"self":[{"href":"https:\/\/styrpaadyr.dk\/en\/wp-json\/wp\/v2\/product\/17566","targetHints":{"allow":["GET"]}}],"collection":[{"href":"https:\/\/styrpaadyr.dk\/en\/wp-json\/wp\/v2\/product"}],"about":[{"href":"https:\/\/styrpaadyr.dk\/en\/wp-json\/wp\/v2\/types\/product"}],"replies":[{"embeddable":true,"href":"https:\/\/styrpaadyr.dk\/en\/wp-json\/wp\/v2\/comments?post=17566"}],"version-history":[{"count":1,"href":"https:\/\/styrpaadyr.dk\/en\/wp-json\/wp\/v2\/product\/17566\/revisions"}],"predecessor-version":[{"id":17567,"href":"https:\/\/styrpaadyr.dk\/en\/wp-json\/wp\/v2\/product\/17566\/revisions\/17567"}],"wp:attachment":[{"href":"https:\/\/styrpaadyr.dk\/en\/wp-json\/wp\/v2\/media?parent=17566"}],"wp:term":[{"taxonomy":"product_brand","embeddable":true,"href":"https:\/\/styrpaadyr.dk\/en\/wp-json\/wp\/v2\/product_brand?post=17566"},{"taxonomy":"product_cat","embeddable":true,"href":"https:\/\/styrpaadyr.dk\/en\/wp-json\/wp\/v2\/product_cat?post=17566"},{"taxonomy":"product_tag","embeddable":true,"href":"https:\/\/styrpaadyr.dk\/en\/wp-json\/wp\/v2\/product_tag?post=17566"}],"curies":[{"name":"wp","href":"https:\/\/api.w.org\/{rel}","templated":true}]}}