{"id":17562,"date":"2026-04-29T15:50:02","date_gmt":"2026-04-29T15:50:02","guid":{"rendered":"https:\/\/styrpaadyr.dk\/?post_type=product&#038;p=17562"},"modified":"2026-04-29T15:50:02","modified_gmt":"2026-04-29T15:50:02","slug":"snackit-hestelever-200g","status":"publish","type":"product","link":"https:\/\/styrpaadyr.dk\/en\/product\/snackit-hestelever-200g\/","title":{"rendered":"Snack&#8217;it Hestelever 200g"},"content":{"rendered":"<p>Snack&#8217;it hestelever tyggesnack til hunde er en l\u00e6kker og n\u00e6ringsrig godbid, der fork\u00e6ler din firbenede ven. Den er fremstillet af 100% naturlig hestelever, hvilket sikrer h\u00f8j kvalitet. Denne snack er ogs\u00e5 ideel for hunde med f\u00f8lsomme maver eller f\u00f8devareallergier, da hestelever er en sk\u00e5nsom proteinkilde.<\/p>\n<p>EU oprindelse.<\/p>\n<p>Gives under tilsyn og med frisk drikkevand til r\u00e5dighed.<\/p>","protected":false},"excerpt":{"rendered":"<p>Snack&#8217;it hestelever tyggesnack til hunde er en l\u00e6kker og n\u00e6ringsrig godbid, der fork\u00e6ler din firbenede ven. Den er fremstillet af 100% naturlig hestelever, hvilket sikrer h\u00f8j kvalitet. Denne snack er ogs\u00e5 ideel for hunde med f\u00f8lsomme maver eller f\u00f8devareallergier, da hestelever er en sk\u00e5nsom proteinkilde. EU oprindelse. Gives under tilsyn og med frisk drikkevand til [&hellip;]<\/p>\n","protected":false},"featured_media":17563,"comment_status":"open","ping_status":"closed","template":"","meta":[],"product_brand":[248],"product_cat":[121,247],"product_tag":[268,249,251,269],"class_list":{"0":"post-17562","1":"product","2":"type-product","3":"status-publish","4":"has-post-thumbnail","6":"product_brand-snackit","7":"product_cat-hund","8":"product_cat-hunde-snacks","9":"product_tag-hestelever","10":"product_tag-hund","11":"product_tag-hundesnacks","12":"product_tag-tyggesnack","14":"first","15":"instock","16":"shipping-taxable","17":"purchasable","18":"product-type-simple"},"yoast_head":"<!-- This site is optimized with the Yoast SEO plugin v27.6 - https:\/\/yoast.com\/product\/yoast-seo-wordpress\/ -->\n<title>Snack&#039;it Hestelever 200g - Styr p\u00e5 dyr<\/title>\n<meta name=\"description\" content=\"Snack&#039;it hestelever tyggesnack til hunde er en l\u00e6kker og n\u00e6ringsrig godbid, der fork\u00e6ler din firbenede ven. Den er fremstillet af 100% naturlig hestelever.\" \/>\n<meta name=\"robots\" content=\"index, follow, max-snippet:-1, max-image-preview:large, max-video-preview:-1\" \/>\n<link rel=\"canonical\" href=\"https:\/\/styrpaadyr.dk\/en\/product\/snackit-hestelever-200g\/\" \/>\n<meta property=\"og:locale\" content=\"en_US\" \/>\n<meta property=\"og:type\" content=\"article\" \/>\n<meta property=\"og:title\" content=\"Snack&#039;it Hestelever 200g - Styr p\u00e5 dyr\" \/>\n<meta property=\"og:description\" content=\"Snack&#039;it hestelever tyggesnack til hunde er en l\u00e6kker og n\u00e6ringsrig godbid, der fork\u00e6ler din firbenede ven. Den er fremstillet af 100% naturlig hestelever.\" \/>\n<meta property=\"og:url\" content=\"https:\/\/styrpaadyr.dk\/en\/product\/snackit-hestelever-200g\/\" \/>\n<meta property=\"og:site_name\" content=\"Styr p\u00e5 dyr\" \/>\n<meta property=\"article:publisher\" content=\"https:\/\/www.facebook.com\/styrpaadyr\" \/>\n<meta property=\"og:image\" content=\"https:\/\/styrpaadyr.dk\/wp-content\/uploads\/2026\/04\/01-106-Snackit-Hestelever-200g.png\" \/>\n\t<meta property=\"og:image:width\" content=\"1000\" \/>\n\t<meta property=\"og:image:height\" content=\"1000\" \/>\n\t<meta property=\"og:image:type\" content=\"image\/png\" \/>\n<meta name=\"twitter:card\" content=\"summary_large_image\" \/>\n<meta name=\"twitter:label1\" content=\"Est. reading time\" \/>\n\t<meta name=\"twitter:data1\" content=\"1 minute\" \/>\n<script type=\"application\/ld+json\" class=\"yoast-schema-graph\">{\"@context\":\"https:\\\/\\\/schema.org\",\"@graph\":[{\"@type\":\"WebPage\",\"@id\":\"https:\\\/\\\/styrpaadyr.dk\\\/vare\\\/snackit-hestelever-200g\\\/\",\"url\":\"https:\\\/\\\/styrpaadyr.dk\\\/vare\\\/snackit-hestelever-200g\\\/\",\"name\":\"Snack'it Hestelever 200g - Styr p\u00e5 dyr\",\"isPartOf\":{\"@id\":\"https:\\\/\\\/styrpaadyr.dk\\\/#website\"},\"primaryImageOfPage\":{\"@id\":\"https:\\\/\\\/styrpaadyr.dk\\\/vare\\\/snackit-hestelever-200g\\\/#primaryimage\"},\"image\":{\"@id\":\"https:\\\/\\\/styrpaadyr.dk\\\/vare\\\/snackit-hestelever-200g\\\/#primaryimage\"},\"thumbnailUrl\":\"https:\\\/\\\/styrpaadyr.dk\\\/wp-content\\\/uploads\\\/2026\\\/04\\\/01-106-Snackit-Hestelever-200g.png\",\"datePublished\":\"2026-04-29T15:50:02+00:00\",\"description\":\"Snack'it hestelever tyggesnack til hunde er en l\u00e6kker og n\u00e6ringsrig godbid, der fork\u00e6ler din firbenede ven. Den er fremstillet af 100% naturlig hestelever.\",\"breadcrumb\":{\"@id\":\"https:\\\/\\\/styrpaadyr.dk\\\/vare\\\/snackit-hestelever-200g\\\/#breadcrumb\"},\"inLanguage\":\"en-US\",\"potentialAction\":[{\"@type\":\"ReadAction\",\"target\":[\"https:\\\/\\\/styrpaadyr.dk\\\/vare\\\/snackit-hestelever-200g\\\/\"]}]},{\"@type\":\"ImageObject\",\"inLanguage\":\"en-US\",\"@id\":\"https:\\\/\\\/styrpaadyr.dk\\\/vare\\\/snackit-hestelever-200g\\\/#primaryimage\",\"url\":\"https:\\\/\\\/styrpaadyr.dk\\\/wp-content\\\/uploads\\\/2026\\\/04\\\/01-106-Snackit-Hestelever-200g.png\",\"contentUrl\":\"https:\\\/\\\/styrpaadyr.dk\\\/wp-content\\\/uploads\\\/2026\\\/04\\\/01-106-Snackit-Hestelever-200g.png\",\"width\":1000,\"height\":1000},{\"@type\":\"BreadcrumbList\",\"@id\":\"https:\\\/\\\/styrpaadyr.dk\\\/vare\\\/snackit-hestelever-200g\\\/#breadcrumb\",\"itemListElement\":[{\"@type\":\"ListItem\",\"position\":1,\"name\":\"Hjem\",\"item\":\"https:\\\/\\\/styrpaadyr.dk\\\/\"},{\"@type\":\"ListItem\",\"position\":2,\"name\":\"Shop\",\"item\":\"https:\\\/\\\/styrpaadyr.dk\\\/shop\\\/\"},{\"@type\":\"ListItem\",\"position\":3,\"name\":\"Snack&#8217;it Hestelever 200g\"}]},{\"@type\":\"WebSite\",\"@id\":\"https:\\\/\\\/styrpaadyr.dk\\\/#website\",\"url\":\"https:\\\/\\\/styrpaadyr.dk\\\/\",\"name\":\"Styr p\u00e5 dyr\",\"description\":\"Din ekspert inden for dyr\",\"publisher\":{\"@id\":\"https:\\\/\\\/styrpaadyr.dk\\\/#organization\"},\"potentialAction\":[{\"@type\":\"SearchAction\",\"target\":{\"@type\":\"EntryPoint\",\"urlTemplate\":\"https:\\\/\\\/styrpaadyr.dk\\\/?s={search_term_string}\"},\"query-input\":{\"@type\":\"PropertyValueSpecification\",\"valueRequired\":true,\"valueName\":\"search_term_string\"}}],\"inLanguage\":\"en-US\"},{\"@type\":\"Organization\",\"@id\":\"https:\\\/\\\/styrpaadyr.dk\\\/#organization\",\"name\":\"Styr p\u00e5 dyr\",\"url\":\"https:\\\/\\\/styrpaadyr.dk\\\/\",\"logo\":{\"@type\":\"ImageObject\",\"inLanguage\":\"en-US\",\"@id\":\"https:\\\/\\\/styrpaadyr.dk\\\/#\\\/schema\\\/logo\\\/image\\\/\",\"url\":\"https:\\\/\\\/styrpaadyr.dk\\\/wp-content\\\/uploads\\\/2022\\\/07\\\/logo_3_ub.png\",\"contentUrl\":\"https:\\\/\\\/styrpaadyr.dk\\\/wp-content\\\/uploads\\\/2022\\\/07\\\/logo_3_ub.png\",\"width\":282,\"height\":91,\"caption\":\"Styr p\u00e5 dyr\"},\"image\":{\"@id\":\"https:\\\/\\\/styrpaadyr.dk\\\/#\\\/schema\\\/logo\\\/image\\\/\"},\"sameAs\":[\"https:\\\/\\\/www.facebook.com\\\/styrpaadyr\"]}]}<\/script>\n<!-- \/ Yoast SEO plugin. -->","yoast_head_json":{"title":"Snack'it Hestelever 200g - Styr p\u00e5 dyr","description":"Snack'it hestelever tyggesnack til hunde er en l\u00e6kker og n\u00e6ringsrig godbid, der fork\u00e6ler din firbenede ven. Den er fremstillet af 100% naturlig hestelever.","robots":{"index":"index","follow":"follow","max-snippet":"max-snippet:-1","max-image-preview":"max-image-preview:large","max-video-preview":"max-video-preview:-1"},"canonical":"https:\/\/styrpaadyr.dk\/en\/product\/snackit-hestelever-200g\/","og_locale":"en_US","og_type":"article","og_title":"Snack'it Hestelever 200g - Styr p\u00e5 dyr","og_description":"Snack'it hestelever tyggesnack til hunde er en l\u00e6kker og n\u00e6ringsrig godbid, der fork\u00e6ler din firbenede ven. Den er fremstillet af 100% naturlig hestelever.","og_url":"https:\/\/styrpaadyr.dk\/en\/product\/snackit-hestelever-200g\/","og_site_name":"Styr p\u00e5 dyr","article_publisher":"https:\/\/www.facebook.com\/styrpaadyr","og_image":[{"width":1000,"height":1000,"url":"https:\/\/styrpaadyr.dk\/wp-content\/uploads\/2026\/04\/01-106-Snackit-Hestelever-200g.png","type":"image\/png"}],"twitter_card":"summary_large_image","twitter_misc":{"Est. reading time":"1 minute"},"schema":{"@context":"https:\/\/schema.org","@graph":[{"@type":"WebPage","@id":"https:\/\/styrpaadyr.dk\/vare\/snackit-hestelever-200g\/","url":"https:\/\/styrpaadyr.dk\/vare\/snackit-hestelever-200g\/","name":"Snack'it Hestelever 200g - Styr p\u00e5 dyr","isPartOf":{"@id":"https:\/\/styrpaadyr.dk\/#website"},"primaryImageOfPage":{"@id":"https:\/\/styrpaadyr.dk\/vare\/snackit-hestelever-200g\/#primaryimage"},"image":{"@id":"https:\/\/styrpaadyr.dk\/vare\/snackit-hestelever-200g\/#primaryimage"},"thumbnailUrl":"https:\/\/styrpaadyr.dk\/wp-content\/uploads\/2026\/04\/01-106-Snackit-Hestelever-200g.png","datePublished":"2026-04-29T15:50:02+00:00","description":"Snack'it hestelever tyggesnack til hunde er en l\u00e6kker og n\u00e6ringsrig godbid, der fork\u00e6ler din firbenede ven. Den er fremstillet af 100% naturlig hestelever.","breadcrumb":{"@id":"https:\/\/styrpaadyr.dk\/vare\/snackit-hestelever-200g\/#breadcrumb"},"inLanguage":"en-US","potentialAction":[{"@type":"ReadAction","target":["https:\/\/styrpaadyr.dk\/vare\/snackit-hestelever-200g\/"]}]},{"@type":"ImageObject","inLanguage":"en-US","@id":"https:\/\/styrpaadyr.dk\/vare\/snackit-hestelever-200g\/#primaryimage","url":"https:\/\/styrpaadyr.dk\/wp-content\/uploads\/2026\/04\/01-106-Snackit-Hestelever-200g.png","contentUrl":"https:\/\/styrpaadyr.dk\/wp-content\/uploads\/2026\/04\/01-106-Snackit-Hestelever-200g.png","width":1000,"height":1000},{"@type":"BreadcrumbList","@id":"https:\/\/styrpaadyr.dk\/vare\/snackit-hestelever-200g\/#breadcrumb","itemListElement":[{"@type":"ListItem","position":1,"name":"Hjem","item":"https:\/\/styrpaadyr.dk\/"},{"@type":"ListItem","position":2,"name":"Shop","item":"https:\/\/styrpaadyr.dk\/shop\/"},{"@type":"ListItem","position":3,"name":"Snack&#8217;it Hestelever 200g"}]},{"@type":"WebSite","@id":"https:\/\/styrpaadyr.dk\/#website","url":"https:\/\/styrpaadyr.dk\/","name":"Styr p\u00e5 dyr","description":"Din ekspert inden for dyr","publisher":{"@id":"https:\/\/styrpaadyr.dk\/#organization"},"potentialAction":[{"@type":"SearchAction","target":{"@type":"EntryPoint","urlTemplate":"https:\/\/styrpaadyr.dk\/?s={search_term_string}"},"query-input":{"@type":"PropertyValueSpecification","valueRequired":true,"valueName":"search_term_string"}}],"inLanguage":"en-US"},{"@type":"Organization","@id":"https:\/\/styrpaadyr.dk\/#organization","name":"Styr p\u00e5 dyr","url":"https:\/\/styrpaadyr.dk\/","logo":{"@type":"ImageObject","inLanguage":"en-US","@id":"https:\/\/styrpaadyr.dk\/#\/schema\/logo\/image\/","url":"https:\/\/styrpaadyr.dk\/wp-content\/uploads\/2022\/07\/logo_3_ub.png","contentUrl":"https:\/\/styrpaadyr.dk\/wp-content\/uploads\/2022\/07\/logo_3_ub.png","width":282,"height":91,"caption":"Styr p\u00e5 dyr"},"image":{"@id":"https:\/\/styrpaadyr.dk\/#\/schema\/logo\/image\/"},"sameAs":["https:\/\/www.facebook.com\/styrpaadyr"]}]}},"_links":{"self":[{"href":"https:\/\/styrpaadyr.dk\/en\/wp-json\/wp\/v2\/product\/17562","targetHints":{"allow":["GET"]}}],"collection":[{"href":"https:\/\/styrpaadyr.dk\/en\/wp-json\/wp\/v2\/product"}],"about":[{"href":"https:\/\/styrpaadyr.dk\/en\/wp-json\/wp\/v2\/types\/product"}],"replies":[{"embeddable":true,"href":"https:\/\/styrpaadyr.dk\/en\/wp-json\/wp\/v2\/comments?post=17562"}],"version-history":[{"count":1,"href":"https:\/\/styrpaadyr.dk\/en\/wp-json\/wp\/v2\/product\/17562\/revisions"}],"predecessor-version":[{"id":17564,"href":"https:\/\/styrpaadyr.dk\/en\/wp-json\/wp\/v2\/product\/17562\/revisions\/17564"}],"wp:featuredmedia":[{"embeddable":true,"href":"https:\/\/styrpaadyr.dk\/en\/wp-json\/wp\/v2\/media\/17563"}],"wp:attachment":[{"href":"https:\/\/styrpaadyr.dk\/en\/wp-json\/wp\/v2\/media?parent=17562"}],"wp:term":[{"taxonomy":"product_brand","embeddable":true,"href":"https:\/\/styrpaadyr.dk\/en\/wp-json\/wp\/v2\/product_brand?post=17562"},{"taxonomy":"product_cat","embeddable":true,"href":"https:\/\/styrpaadyr.dk\/en\/wp-json\/wp\/v2\/product_cat?post=17562"},{"taxonomy":"product_tag","embeddable":true,"href":"https:\/\/styrpaadyr.dk\/en\/wp-json\/wp\/v2\/product_tag?post=17562"}],"curies":[{"name":"wp","href":"https:\/\/api.w.org\/{rel}","templated":true}]}}