{"id":17551,"date":"2026-04-29T13:24:46","date_gmt":"2026-04-29T13:24:46","guid":{"rendered":"https:\/\/styrpaadyr.dk\/?post_type=product&#038;p=17551"},"modified":"2026-04-29T13:24:46","modified_gmt":"2026-04-29T13:24:46","slug":"snackit-hestetarme-200g","status":"publish","type":"product","link":"https:\/\/styrpaadyr.dk\/en\/product\/snackit-hestetarme-200g\/","title":{"rendered":"Snack&#8217;it Hestetarme 200g"},"content":{"rendered":"<p>100% Hestetarme velegnet til allergi hunde. De indeholder et naturligt h\u00f8jt protein niveau hvilket er godt for muskelvedligeholdelse herudover er de ogs\u00e5 velegnet til hunde med f\u00f8lsom mave da de er letford\u00f8jelige.<\/p>\n<p>Produceret i EU.<\/p>\n<p>Analyse: Protein 42,4%, fedt 7,8%, vand 11%.<\/p>\n<p>Gives under opsyn med rent drikkevand til r\u00e5dighed.<\/p>","protected":false},"excerpt":{"rendered":"<p>100% Hestetarme velegnet til allergi hunde. De indeholder et naturligt h\u00f8jt protein niveau hvilket er godt for muskelvedligeholdelse herudover er de ogs\u00e5 velegnet til hunde med f\u00f8lsom mave da de er letford\u00f8jelige. Produceret i EU. Analyse: Protein 42,4%, fedt 7,8%, vand 11%. Gives under opsyn med rent drikkevand til r\u00e5dighed.<\/p>","protected":false},"featured_media":17554,"comment_status":"open","ping_status":"closed","template":"","meta":[],"product_brand":[248],"product_cat":[121,247],"product_tag":[263,262,249,251,250],"class_list":{"0":"post-17551","1":"product","2":"type-product","3":"status-publish","4":"has-post-thumbnail","6":"product_brand-snackit","7":"product_cat-hund","8":"product_cat-hunde-snacks","9":"product_tag-allergi","10":"product_tag-allergivenlig","11":"product_tag-hund","12":"product_tag-hundesnacks","13":"product_tag-snacks","15":"first","16":"instock","17":"shipping-taxable","18":"purchasable","19":"product-type-simple"},"yoast_head":"<!-- This site is optimized with the Yoast SEO plugin v27.6 - https:\/\/yoast.com\/product\/yoast-seo-wordpress\/ -->\n<title>Snack&#039;it Hestetarme 200g - Styr p\u00e5 dyr<\/title>\n<meta name=\"description\" content=\"100% Hestetarme velegnet til allergi hunde. De indeholder et naturligt h\u00f8jt protein niveau hvilket er godt for muskelvedligeholdelse.\" \/>\n<meta name=\"robots\" content=\"index, follow, max-snippet:-1, max-image-preview:large, max-video-preview:-1\" \/>\n<link rel=\"canonical\" href=\"https:\/\/styrpaadyr.dk\/en\/product\/snackit-hestetarme-200g\/\" \/>\n<meta property=\"og:locale\" content=\"en_US\" \/>\n<meta property=\"og:type\" content=\"article\" \/>\n<meta property=\"og:title\" content=\"Snack&#039;it Hestetarme 200g - Styr p\u00e5 dyr\" \/>\n<meta property=\"og:description\" content=\"100% Hestetarme velegnet til allergi hunde. De indeholder et naturligt h\u00f8jt protein niveau hvilket er godt for muskelvedligeholdelse.\" \/>\n<meta property=\"og:url\" content=\"https:\/\/styrpaadyr.dk\/en\/product\/snackit-hestetarme-200g\/\" \/>\n<meta property=\"og:site_name\" content=\"Styr p\u00e5 dyr\" \/>\n<meta property=\"article:publisher\" content=\"https:\/\/www.facebook.com\/styrpaadyr\" \/>\n<meta property=\"og:image\" content=\"https:\/\/styrpaadyr.dk\/wp-content\/uploads\/2026\/04\/Snackit-Hestetarme-200g.png\" \/>\n\t<meta property=\"og:image:width\" content=\"1192\" \/>\n\t<meta property=\"og:image:height\" content=\"1200\" \/>\n\t<meta property=\"og:image:type\" content=\"image\/png\" \/>\n<meta name=\"twitter:card\" content=\"summary_large_image\" \/>\n<meta name=\"twitter:label1\" content=\"Est. reading time\" \/>\n\t<meta name=\"twitter:data1\" content=\"1 minute\" \/>\n<script type=\"application\/ld+json\" class=\"yoast-schema-graph\">{\"@context\":\"https:\\\/\\\/schema.org\",\"@graph\":[{\"@type\":\"WebPage\",\"@id\":\"https:\\\/\\\/styrpaadyr.dk\\\/vare\\\/snackit-hestetarme-200g\\\/\",\"url\":\"https:\\\/\\\/styrpaadyr.dk\\\/vare\\\/snackit-hestetarme-200g\\\/\",\"name\":\"Snack'it Hestetarme 200g - Styr p\u00e5 dyr\",\"isPartOf\":{\"@id\":\"https:\\\/\\\/styrpaadyr.dk\\\/#website\"},\"primaryImageOfPage\":{\"@id\":\"https:\\\/\\\/styrpaadyr.dk\\\/vare\\\/snackit-hestetarme-200g\\\/#primaryimage\"},\"image\":{\"@id\":\"https:\\\/\\\/styrpaadyr.dk\\\/vare\\\/snackit-hestetarme-200g\\\/#primaryimage\"},\"thumbnailUrl\":\"https:\\\/\\\/styrpaadyr.dk\\\/wp-content\\\/uploads\\\/2026\\\/04\\\/Snackit-Hestetarme-200g.png\",\"datePublished\":\"2026-04-29T13:24:46+00:00\",\"description\":\"100% Hestetarme velegnet til allergi hunde. De indeholder et naturligt h\u00f8jt protein niveau hvilket er godt for muskelvedligeholdelse.\",\"breadcrumb\":{\"@id\":\"https:\\\/\\\/styrpaadyr.dk\\\/vare\\\/snackit-hestetarme-200g\\\/#breadcrumb\"},\"inLanguage\":\"en-US\",\"potentialAction\":[{\"@type\":\"ReadAction\",\"target\":[\"https:\\\/\\\/styrpaadyr.dk\\\/vare\\\/snackit-hestetarme-200g\\\/\"]}]},{\"@type\":\"ImageObject\",\"inLanguage\":\"en-US\",\"@id\":\"https:\\\/\\\/styrpaadyr.dk\\\/vare\\\/snackit-hestetarme-200g\\\/#primaryimage\",\"url\":\"https:\\\/\\\/styrpaadyr.dk\\\/wp-content\\\/uploads\\\/2026\\\/04\\\/Snackit-Hestetarme-200g.png\",\"contentUrl\":\"https:\\\/\\\/styrpaadyr.dk\\\/wp-content\\\/uploads\\\/2026\\\/04\\\/Snackit-Hestetarme-200g.png\",\"width\":1192,\"height\":1200},{\"@type\":\"BreadcrumbList\",\"@id\":\"https:\\\/\\\/styrpaadyr.dk\\\/vare\\\/snackit-hestetarme-200g\\\/#breadcrumb\",\"itemListElement\":[{\"@type\":\"ListItem\",\"position\":1,\"name\":\"Hjem\",\"item\":\"https:\\\/\\\/styrpaadyr.dk\\\/\"},{\"@type\":\"ListItem\",\"position\":2,\"name\":\"Shop\",\"item\":\"https:\\\/\\\/styrpaadyr.dk\\\/shop\\\/\"},{\"@type\":\"ListItem\",\"position\":3,\"name\":\"Snack&#8217;it Hestetarme 200g\"}]},{\"@type\":\"WebSite\",\"@id\":\"https:\\\/\\\/styrpaadyr.dk\\\/#website\",\"url\":\"https:\\\/\\\/styrpaadyr.dk\\\/\",\"name\":\"Styr p\u00e5 dyr\",\"description\":\"Din ekspert inden for dyr\",\"publisher\":{\"@id\":\"https:\\\/\\\/styrpaadyr.dk\\\/#organization\"},\"potentialAction\":[{\"@type\":\"SearchAction\",\"target\":{\"@type\":\"EntryPoint\",\"urlTemplate\":\"https:\\\/\\\/styrpaadyr.dk\\\/?s={search_term_string}\"},\"query-input\":{\"@type\":\"PropertyValueSpecification\",\"valueRequired\":true,\"valueName\":\"search_term_string\"}}],\"inLanguage\":\"en-US\"},{\"@type\":\"Organization\",\"@id\":\"https:\\\/\\\/styrpaadyr.dk\\\/#organization\",\"name\":\"Styr p\u00e5 dyr\",\"url\":\"https:\\\/\\\/styrpaadyr.dk\\\/\",\"logo\":{\"@type\":\"ImageObject\",\"inLanguage\":\"en-US\",\"@id\":\"https:\\\/\\\/styrpaadyr.dk\\\/#\\\/schema\\\/logo\\\/image\\\/\",\"url\":\"https:\\\/\\\/styrpaadyr.dk\\\/wp-content\\\/uploads\\\/2022\\\/07\\\/logo_3_ub.png\",\"contentUrl\":\"https:\\\/\\\/styrpaadyr.dk\\\/wp-content\\\/uploads\\\/2022\\\/07\\\/logo_3_ub.png\",\"width\":282,\"height\":91,\"caption\":\"Styr p\u00e5 dyr\"},\"image\":{\"@id\":\"https:\\\/\\\/styrpaadyr.dk\\\/#\\\/schema\\\/logo\\\/image\\\/\"},\"sameAs\":[\"https:\\\/\\\/www.facebook.com\\\/styrpaadyr\"]}]}<\/script>\n<!-- \/ Yoast SEO plugin. -->","yoast_head_json":{"title":"Snack'it Hestetarme 200g - Styr p\u00e5 dyr","description":"100% Hestetarme velegnet til allergi hunde. De indeholder et naturligt h\u00f8jt protein niveau hvilket er godt for muskelvedligeholdelse.","robots":{"index":"index","follow":"follow","max-snippet":"max-snippet:-1","max-image-preview":"max-image-preview:large","max-video-preview":"max-video-preview:-1"},"canonical":"https:\/\/styrpaadyr.dk\/en\/product\/snackit-hestetarme-200g\/","og_locale":"en_US","og_type":"article","og_title":"Snack'it Hestetarme 200g - Styr p\u00e5 dyr","og_description":"100% Hestetarme velegnet til allergi hunde. De indeholder et naturligt h\u00f8jt protein niveau hvilket er godt for muskelvedligeholdelse.","og_url":"https:\/\/styrpaadyr.dk\/en\/product\/snackit-hestetarme-200g\/","og_site_name":"Styr p\u00e5 dyr","article_publisher":"https:\/\/www.facebook.com\/styrpaadyr","og_image":[{"width":1192,"height":1200,"url":"https:\/\/styrpaadyr.dk\/wp-content\/uploads\/2026\/04\/Snackit-Hestetarme-200g.png","type":"image\/png"}],"twitter_card":"summary_large_image","twitter_misc":{"Est. reading time":"1 minute"},"schema":{"@context":"https:\/\/schema.org","@graph":[{"@type":"WebPage","@id":"https:\/\/styrpaadyr.dk\/vare\/snackit-hestetarme-200g\/","url":"https:\/\/styrpaadyr.dk\/vare\/snackit-hestetarme-200g\/","name":"Snack'it Hestetarme 200g - Styr p\u00e5 dyr","isPartOf":{"@id":"https:\/\/styrpaadyr.dk\/#website"},"primaryImageOfPage":{"@id":"https:\/\/styrpaadyr.dk\/vare\/snackit-hestetarme-200g\/#primaryimage"},"image":{"@id":"https:\/\/styrpaadyr.dk\/vare\/snackit-hestetarme-200g\/#primaryimage"},"thumbnailUrl":"https:\/\/styrpaadyr.dk\/wp-content\/uploads\/2026\/04\/Snackit-Hestetarme-200g.png","datePublished":"2026-04-29T13:24:46+00:00","description":"100% Hestetarme velegnet til allergi hunde. De indeholder et naturligt h\u00f8jt protein niveau hvilket er godt for muskelvedligeholdelse.","breadcrumb":{"@id":"https:\/\/styrpaadyr.dk\/vare\/snackit-hestetarme-200g\/#breadcrumb"},"inLanguage":"en-US","potentialAction":[{"@type":"ReadAction","target":["https:\/\/styrpaadyr.dk\/vare\/snackit-hestetarme-200g\/"]}]},{"@type":"ImageObject","inLanguage":"en-US","@id":"https:\/\/styrpaadyr.dk\/vare\/snackit-hestetarme-200g\/#primaryimage","url":"https:\/\/styrpaadyr.dk\/wp-content\/uploads\/2026\/04\/Snackit-Hestetarme-200g.png","contentUrl":"https:\/\/styrpaadyr.dk\/wp-content\/uploads\/2026\/04\/Snackit-Hestetarme-200g.png","width":1192,"height":1200},{"@type":"BreadcrumbList","@id":"https:\/\/styrpaadyr.dk\/vare\/snackit-hestetarme-200g\/#breadcrumb","itemListElement":[{"@type":"ListItem","position":1,"name":"Hjem","item":"https:\/\/styrpaadyr.dk\/"},{"@type":"ListItem","position":2,"name":"Shop","item":"https:\/\/styrpaadyr.dk\/shop\/"},{"@type":"ListItem","position":3,"name":"Snack&#8217;it Hestetarme 200g"}]},{"@type":"WebSite","@id":"https:\/\/styrpaadyr.dk\/#website","url":"https:\/\/styrpaadyr.dk\/","name":"Styr p\u00e5 dyr","description":"Din ekspert inden for dyr","publisher":{"@id":"https:\/\/styrpaadyr.dk\/#organization"},"potentialAction":[{"@type":"SearchAction","target":{"@type":"EntryPoint","urlTemplate":"https:\/\/styrpaadyr.dk\/?s={search_term_string}"},"query-input":{"@type":"PropertyValueSpecification","valueRequired":true,"valueName":"search_term_string"}}],"inLanguage":"en-US"},{"@type":"Organization","@id":"https:\/\/styrpaadyr.dk\/#organization","name":"Styr p\u00e5 dyr","url":"https:\/\/styrpaadyr.dk\/","logo":{"@type":"ImageObject","inLanguage":"en-US","@id":"https:\/\/styrpaadyr.dk\/#\/schema\/logo\/image\/","url":"https:\/\/styrpaadyr.dk\/wp-content\/uploads\/2022\/07\/logo_3_ub.png","contentUrl":"https:\/\/styrpaadyr.dk\/wp-content\/uploads\/2022\/07\/logo_3_ub.png","width":282,"height":91,"caption":"Styr p\u00e5 dyr"},"image":{"@id":"https:\/\/styrpaadyr.dk\/#\/schema\/logo\/image\/"},"sameAs":["https:\/\/www.facebook.com\/styrpaadyr"]}]}},"_links":{"self":[{"href":"https:\/\/styrpaadyr.dk\/en\/wp-json\/wp\/v2\/product\/17551","targetHints":{"allow":["GET"]}}],"collection":[{"href":"https:\/\/styrpaadyr.dk\/en\/wp-json\/wp\/v2\/product"}],"about":[{"href":"https:\/\/styrpaadyr.dk\/en\/wp-json\/wp\/v2\/types\/product"}],"replies":[{"embeddable":true,"href":"https:\/\/styrpaadyr.dk\/en\/wp-json\/wp\/v2\/comments?post=17551"}],"version-history":[{"count":1,"href":"https:\/\/styrpaadyr.dk\/en\/wp-json\/wp\/v2\/product\/17551\/revisions"}],"predecessor-version":[{"id":17555,"href":"https:\/\/styrpaadyr.dk\/en\/wp-json\/wp\/v2\/product\/17551\/revisions\/17555"}],"wp:featuredmedia":[{"embeddable":true,"href":"https:\/\/styrpaadyr.dk\/en\/wp-json\/wp\/v2\/media\/17554"}],"wp:attachment":[{"href":"https:\/\/styrpaadyr.dk\/en\/wp-json\/wp\/v2\/media?parent=17551"}],"wp:term":[{"taxonomy":"product_brand","embeddable":true,"href":"https:\/\/styrpaadyr.dk\/en\/wp-json\/wp\/v2\/product_brand?post=17551"},{"taxonomy":"product_cat","embeddable":true,"href":"https:\/\/styrpaadyr.dk\/en\/wp-json\/wp\/v2\/product_cat?post=17551"},{"taxonomy":"product_tag","embeddable":true,"href":"https:\/\/styrpaadyr.dk\/en\/wp-json\/wp\/v2\/product_tag?post=17551"}],"curies":[{"name":"wp","href":"https:\/\/api.w.org\/{rel}","templated":true}]}}