{"id":17513,"date":"2026-04-27T13:39:36","date_gmt":"2026-04-27T13:39:36","guid":{"rendered":"https:\/\/styrpaadyr.dk\/?post_type=product&#038;p=17513"},"modified":"2026-04-27T14:32:31","modified_gmt":"2026-04-27T14:32:31","slug":"snackit-kaninoerer-m-pels","status":"publish","type":"product","link":"https:\/\/styrpaadyr.dk\/en\/product\/snackit-kaninoerer-m-pels\/","title":{"rendered":"Snack&#8217;it Kanin\u00f8rer m. pels 200g"},"content":{"rendered":"<p>Snack\u00edt kanin\u00f8re m. Pels er gode til hunde i alle st\u00f8rrelser. Kanin\u00f8re m. Pels er kendt for at v\u00e6re rensene for t\u00e6nder og ford\u00f8jelsen.<\/p>\n<p>Analyse: Protein 64,8% \u00b7 Fedt 23,4% \u00b7 Aske 1,84% \u00b7 Vand 10,6%<\/p>\n<p>Gives under opsyn \u2013 s\u00f8rg altid for adgang til frisk drikkevand.<\/p>","protected":false},"excerpt":{"rendered":"<p>Snack\u00edt kanin\u00f8re m. Pels er gode til hunde i alle st\u00f8rrelser. Kanin\u00f8re m. Pels er kendt for at v\u00e6re rensene for t\u00e6nder og ford\u00f8jelsen. Analyse: Protein 64,8% \u00b7 Fedt 23,4% \u00b7 Aske 1,84% \u00b7 Vand 10,6% Gives under opsyn \u2013 s\u00f8rg altid for adgang til frisk drikkevand.<\/p>","protected":false},"featured_media":17514,"comment_status":"open","ping_status":"closed","template":"","meta":[],"product_brand":[248],"product_cat":[121,247],"product_tag":[249,251,253,250],"class_list":{"0":"post-17513","1":"product","2":"type-product","3":"status-publish","4":"has-post-thumbnail","6":"product_brand-snackit","7":"product_cat-hund","8":"product_cat-hunde-snacks","9":"product_tag-hund","10":"product_tag-hundesnacks","11":"product_tag-kaninoere","12":"product_tag-snacks","14":"first","15":"instock","16":"shipping-taxable","17":"purchasable","18":"product-type-simple"},"yoast_head":"<!-- This site is optimized with the Yoast SEO plugin v27.6 - https:\/\/yoast.com\/product\/yoast-seo-wordpress\/ -->\n<title>Snack&#039;it Kanin\u00f8rer m. pels 200g - Styr p\u00e5 dyr<\/title>\n<meta name=\"description\" content=\"Snack\u00edt kanin\u00f8re m. Pels er gode til hunde i alle st\u00f8rrelser. Kanin\u00f8re m. Pels er kendt for at v\u00e6re rensene for t\u00e6nder og ford\u00f8jelsen.\" \/>\n<meta name=\"robots\" content=\"index, follow, max-snippet:-1, max-image-preview:large, max-video-preview:-1\" \/>\n<link rel=\"canonical\" href=\"https:\/\/styrpaadyr.dk\/en\/product\/snackit-kaninoerer-m-pels\/\" \/>\n<meta property=\"og:locale\" content=\"en_US\" \/>\n<meta property=\"og:type\" content=\"article\" \/>\n<meta property=\"og:title\" content=\"Snack&#039;it Kanin\u00f8rer m. pels 200g - Styr p\u00e5 dyr\" \/>\n<meta property=\"og:description\" content=\"Snack\u00edt kanin\u00f8re m. Pels er gode til hunde i alle st\u00f8rrelser. Kanin\u00f8re m. Pels er kendt for at v\u00e6re rensene for t\u00e6nder og ford\u00f8jelsen.\" \/>\n<meta property=\"og:url\" content=\"https:\/\/styrpaadyr.dk\/en\/product\/snackit-kaninoerer-m-pels\/\" \/>\n<meta property=\"og:site_name\" content=\"Styr p\u00e5 dyr\" \/>\n<meta property=\"article:publisher\" content=\"https:\/\/www.facebook.com\/styrpaadyr\" \/>\n<meta property=\"article:modified_time\" content=\"2026-04-27T14:32:31+00:00\" \/>\n<meta property=\"og:image\" content=\"https:\/\/styrpaadyr.dk\/wp-content\/uploads\/2026\/04\/kaninoere-m-p-200.png\" \/>\n\t<meta property=\"og:image:width\" content=\"1000\" \/>\n\t<meta property=\"og:image:height\" content=\"1000\" \/>\n\t<meta property=\"og:image:type\" content=\"image\/png\" \/>\n<meta name=\"twitter:card\" content=\"summary_large_image\" \/>\n<meta name=\"twitter:label1\" content=\"Est. reading time\" \/>\n\t<meta name=\"twitter:data1\" content=\"1 minute\" \/>\n<script type=\"application\/ld+json\" class=\"yoast-schema-graph\">{\"@context\":\"https:\\\/\\\/schema.org\",\"@graph\":[{\"@type\":\"WebPage\",\"@id\":\"https:\\\/\\\/styrpaadyr.dk\\\/vare\\\/snackit-kaninoerer-m-pels\\\/\",\"url\":\"https:\\\/\\\/styrpaadyr.dk\\\/vare\\\/snackit-kaninoerer-m-pels\\\/\",\"name\":\"Snack'it Kanin\u00f8rer m. pels 200g - Styr p\u00e5 dyr\",\"isPartOf\":{\"@id\":\"https:\\\/\\\/styrpaadyr.dk\\\/#website\"},\"primaryImageOfPage\":{\"@id\":\"https:\\\/\\\/styrpaadyr.dk\\\/vare\\\/snackit-kaninoerer-m-pels\\\/#primaryimage\"},\"image\":{\"@id\":\"https:\\\/\\\/styrpaadyr.dk\\\/vare\\\/snackit-kaninoerer-m-pels\\\/#primaryimage\"},\"thumbnailUrl\":\"https:\\\/\\\/styrpaadyr.dk\\\/wp-content\\\/uploads\\\/2026\\\/04\\\/kaninoere-m-p-200.png\",\"datePublished\":\"2026-04-27T13:39:36+00:00\",\"dateModified\":\"2026-04-27T14:32:31+00:00\",\"description\":\"Snack\u00edt kanin\u00f8re m. Pels er gode til hunde i alle st\u00f8rrelser. Kanin\u00f8re m. Pels er kendt for at v\u00e6re rensene for t\u00e6nder og ford\u00f8jelsen.\",\"breadcrumb\":{\"@id\":\"https:\\\/\\\/styrpaadyr.dk\\\/vare\\\/snackit-kaninoerer-m-pels\\\/#breadcrumb\"},\"inLanguage\":\"en-US\",\"potentialAction\":[{\"@type\":\"ReadAction\",\"target\":[\"https:\\\/\\\/styrpaadyr.dk\\\/vare\\\/snackit-kaninoerer-m-pels\\\/\"]}]},{\"@type\":\"ImageObject\",\"inLanguage\":\"en-US\",\"@id\":\"https:\\\/\\\/styrpaadyr.dk\\\/vare\\\/snackit-kaninoerer-m-pels\\\/#primaryimage\",\"url\":\"https:\\\/\\\/styrpaadyr.dk\\\/wp-content\\\/uploads\\\/2026\\\/04\\\/kaninoere-m-p-200.png\",\"contentUrl\":\"https:\\\/\\\/styrpaadyr.dk\\\/wp-content\\\/uploads\\\/2026\\\/04\\\/kaninoere-m-p-200.png\",\"width\":1000,\"height\":1000},{\"@type\":\"BreadcrumbList\",\"@id\":\"https:\\\/\\\/styrpaadyr.dk\\\/vare\\\/snackit-kaninoerer-m-pels\\\/#breadcrumb\",\"itemListElement\":[{\"@type\":\"ListItem\",\"position\":1,\"name\":\"Hjem\",\"item\":\"https:\\\/\\\/styrpaadyr.dk\\\/\"},{\"@type\":\"ListItem\",\"position\":2,\"name\":\"Shop\",\"item\":\"https:\\\/\\\/styrpaadyr.dk\\\/shop\\\/\"},{\"@type\":\"ListItem\",\"position\":3,\"name\":\"Snack&#8217;it Kanin\u00f8rer m. pels 200g\"}]},{\"@type\":\"WebSite\",\"@id\":\"https:\\\/\\\/styrpaadyr.dk\\\/#website\",\"url\":\"https:\\\/\\\/styrpaadyr.dk\\\/\",\"name\":\"Styr p\u00e5 dyr\",\"description\":\"Din ekspert inden for dyr\",\"publisher\":{\"@id\":\"https:\\\/\\\/styrpaadyr.dk\\\/#organization\"},\"potentialAction\":[{\"@type\":\"SearchAction\",\"target\":{\"@type\":\"EntryPoint\",\"urlTemplate\":\"https:\\\/\\\/styrpaadyr.dk\\\/?s={search_term_string}\"},\"query-input\":{\"@type\":\"PropertyValueSpecification\",\"valueRequired\":true,\"valueName\":\"search_term_string\"}}],\"inLanguage\":\"en-US\"},{\"@type\":\"Organization\",\"@id\":\"https:\\\/\\\/styrpaadyr.dk\\\/#organization\",\"name\":\"Styr p\u00e5 dyr\",\"url\":\"https:\\\/\\\/styrpaadyr.dk\\\/\",\"logo\":{\"@type\":\"ImageObject\",\"inLanguage\":\"en-US\",\"@id\":\"https:\\\/\\\/styrpaadyr.dk\\\/#\\\/schema\\\/logo\\\/image\\\/\",\"url\":\"https:\\\/\\\/styrpaadyr.dk\\\/wp-content\\\/uploads\\\/2022\\\/07\\\/logo_3_ub.png\",\"contentUrl\":\"https:\\\/\\\/styrpaadyr.dk\\\/wp-content\\\/uploads\\\/2022\\\/07\\\/logo_3_ub.png\",\"width\":282,\"height\":91,\"caption\":\"Styr p\u00e5 dyr\"},\"image\":{\"@id\":\"https:\\\/\\\/styrpaadyr.dk\\\/#\\\/schema\\\/logo\\\/image\\\/\"},\"sameAs\":[\"https:\\\/\\\/www.facebook.com\\\/styrpaadyr\"]}]}<\/script>\n<!-- \/ Yoast SEO plugin. -->","yoast_head_json":{"title":"Snack'it Kanin\u00f8rer m. pels 200g - Styr p\u00e5 dyr","description":"Snack\u00edt kanin\u00f8re m. Pels er gode til hunde i alle st\u00f8rrelser. Kanin\u00f8re m. Pels er kendt for at v\u00e6re rensene for t\u00e6nder og ford\u00f8jelsen.","robots":{"index":"index","follow":"follow","max-snippet":"max-snippet:-1","max-image-preview":"max-image-preview:large","max-video-preview":"max-video-preview:-1"},"canonical":"https:\/\/styrpaadyr.dk\/en\/product\/snackit-kaninoerer-m-pels\/","og_locale":"en_US","og_type":"article","og_title":"Snack'it Kanin\u00f8rer m. pels 200g - Styr p\u00e5 dyr","og_description":"Snack\u00edt kanin\u00f8re m. Pels er gode til hunde i alle st\u00f8rrelser. Kanin\u00f8re m. Pels er kendt for at v\u00e6re rensene for t\u00e6nder og ford\u00f8jelsen.","og_url":"https:\/\/styrpaadyr.dk\/en\/product\/snackit-kaninoerer-m-pels\/","og_site_name":"Styr p\u00e5 dyr","article_publisher":"https:\/\/www.facebook.com\/styrpaadyr","article_modified_time":"2026-04-27T14:32:31+00:00","og_image":[{"width":1000,"height":1000,"url":"https:\/\/styrpaadyr.dk\/wp-content\/uploads\/2026\/04\/kaninoere-m-p-200.png","type":"image\/png"}],"twitter_card":"summary_large_image","twitter_misc":{"Est. reading time":"1 minute"},"schema":{"@context":"https:\/\/schema.org","@graph":[{"@type":"WebPage","@id":"https:\/\/styrpaadyr.dk\/vare\/snackit-kaninoerer-m-pels\/","url":"https:\/\/styrpaadyr.dk\/vare\/snackit-kaninoerer-m-pels\/","name":"Snack'it Kanin\u00f8rer m. pels 200g - Styr p\u00e5 dyr","isPartOf":{"@id":"https:\/\/styrpaadyr.dk\/#website"},"primaryImageOfPage":{"@id":"https:\/\/styrpaadyr.dk\/vare\/snackit-kaninoerer-m-pels\/#primaryimage"},"image":{"@id":"https:\/\/styrpaadyr.dk\/vare\/snackit-kaninoerer-m-pels\/#primaryimage"},"thumbnailUrl":"https:\/\/styrpaadyr.dk\/wp-content\/uploads\/2026\/04\/kaninoere-m-p-200.png","datePublished":"2026-04-27T13:39:36+00:00","dateModified":"2026-04-27T14:32:31+00:00","description":"Snack\u00edt kanin\u00f8re m. Pels er gode til hunde i alle st\u00f8rrelser. Kanin\u00f8re m. Pels er kendt for at v\u00e6re rensene for t\u00e6nder og ford\u00f8jelsen.","breadcrumb":{"@id":"https:\/\/styrpaadyr.dk\/vare\/snackit-kaninoerer-m-pels\/#breadcrumb"},"inLanguage":"en-US","potentialAction":[{"@type":"ReadAction","target":["https:\/\/styrpaadyr.dk\/vare\/snackit-kaninoerer-m-pels\/"]}]},{"@type":"ImageObject","inLanguage":"en-US","@id":"https:\/\/styrpaadyr.dk\/vare\/snackit-kaninoerer-m-pels\/#primaryimage","url":"https:\/\/styrpaadyr.dk\/wp-content\/uploads\/2026\/04\/kaninoere-m-p-200.png","contentUrl":"https:\/\/styrpaadyr.dk\/wp-content\/uploads\/2026\/04\/kaninoere-m-p-200.png","width":1000,"height":1000},{"@type":"BreadcrumbList","@id":"https:\/\/styrpaadyr.dk\/vare\/snackit-kaninoerer-m-pels\/#breadcrumb","itemListElement":[{"@type":"ListItem","position":1,"name":"Hjem","item":"https:\/\/styrpaadyr.dk\/"},{"@type":"ListItem","position":2,"name":"Shop","item":"https:\/\/styrpaadyr.dk\/shop\/"},{"@type":"ListItem","position":3,"name":"Snack&#8217;it Kanin\u00f8rer m. pels 200g"}]},{"@type":"WebSite","@id":"https:\/\/styrpaadyr.dk\/#website","url":"https:\/\/styrpaadyr.dk\/","name":"Styr p\u00e5 dyr","description":"Din ekspert inden for dyr","publisher":{"@id":"https:\/\/styrpaadyr.dk\/#organization"},"potentialAction":[{"@type":"SearchAction","target":{"@type":"EntryPoint","urlTemplate":"https:\/\/styrpaadyr.dk\/?s={search_term_string}"},"query-input":{"@type":"PropertyValueSpecification","valueRequired":true,"valueName":"search_term_string"}}],"inLanguage":"en-US"},{"@type":"Organization","@id":"https:\/\/styrpaadyr.dk\/#organization","name":"Styr p\u00e5 dyr","url":"https:\/\/styrpaadyr.dk\/","logo":{"@type":"ImageObject","inLanguage":"en-US","@id":"https:\/\/styrpaadyr.dk\/#\/schema\/logo\/image\/","url":"https:\/\/styrpaadyr.dk\/wp-content\/uploads\/2022\/07\/logo_3_ub.png","contentUrl":"https:\/\/styrpaadyr.dk\/wp-content\/uploads\/2022\/07\/logo_3_ub.png","width":282,"height":91,"caption":"Styr p\u00e5 dyr"},"image":{"@id":"https:\/\/styrpaadyr.dk\/#\/schema\/logo\/image\/"},"sameAs":["https:\/\/www.facebook.com\/styrpaadyr"]}]}},"_links":{"self":[{"href":"https:\/\/styrpaadyr.dk\/en\/wp-json\/wp\/v2\/product\/17513","targetHints":{"allow":["GET"]}}],"collection":[{"href":"https:\/\/styrpaadyr.dk\/en\/wp-json\/wp\/v2\/product"}],"about":[{"href":"https:\/\/styrpaadyr.dk\/en\/wp-json\/wp\/v2\/types\/product"}],"replies":[{"embeddable":true,"href":"https:\/\/styrpaadyr.dk\/en\/wp-json\/wp\/v2\/comments?post=17513"}],"version-history":[{"count":2,"href":"https:\/\/styrpaadyr.dk\/en\/wp-json\/wp\/v2\/product\/17513\/revisions"}],"predecessor-version":[{"id":17526,"href":"https:\/\/styrpaadyr.dk\/en\/wp-json\/wp\/v2\/product\/17513\/revisions\/17526"}],"wp:featuredmedia":[{"embeddable":true,"href":"https:\/\/styrpaadyr.dk\/en\/wp-json\/wp\/v2\/media\/17514"}],"wp:attachment":[{"href":"https:\/\/styrpaadyr.dk\/en\/wp-json\/wp\/v2\/media?parent=17513"}],"wp:term":[{"taxonomy":"product_brand","embeddable":true,"href":"https:\/\/styrpaadyr.dk\/en\/wp-json\/wp\/v2\/product_brand?post=17513"},{"taxonomy":"product_cat","embeddable":true,"href":"https:\/\/styrpaadyr.dk\/en\/wp-json\/wp\/v2\/product_cat?post=17513"},{"taxonomy":"product_tag","embeddable":true,"href":"https:\/\/styrpaadyr.dk\/en\/wp-json\/wp\/v2\/product_tag?post=17513"}],"curies":[{"name":"wp","href":"https:\/\/api.w.org\/{rel}","templated":true}]}}