{"id":17316,"date":"2026-03-29T10:01:32","date_gmt":"2026-03-29T10:01:32","guid":{"rendered":"https:\/\/styrpaadyr.dk\/?post_type=product&#038;p=17316"},"modified":"2026-03-29T10:01:32","modified_gmt":"2026-03-29T10:01:32","slug":"bjerglori","status":"publish","type":"product","link":"https:\/\/styrpaadyr.dk\/en\/product\/bjerglori\/","title":{"rendered":"Mountain glory"},"content":{"rendered":"<p>Levende dyr skal hentes i butikken.<\/p>\n<p>&nbsp;<\/p>","protected":false},"excerpt":{"rendered":"<p>Levende dyr skal hentes i butikken. &nbsp;<\/p>","protected":false},"featured_media":17317,"comment_status":"open","ping_status":"closed","template":"","meta":[],"product_brand":[],"product_cat":[196],"product_tag":[200,199,201],"class_list":{"0":"post-17316","1":"product","2":"type-product","3":"status-publish","4":"has-post-thumbnail","6":"product_cat-levende-fugle","7":"product_tag-bjerglorri","8":"product_tag-fugl","9":"product_tag-lorri","11":"first","12":"outofstock","13":"shipping-taxable","14":"purchasable","15":"product-type-simple"},"yoast_head":"<!-- This site is optimized with the Yoast SEO plugin v27.3 - https:\/\/yoast.com\/product\/yoast-seo-wordpress\/ -->\n<title>Bjerglori - Styr p\u00e5 dyr<\/title>\n<meta name=\"description\" content=\"Bjerlori\u00e9n er en mellem st\u00f8rrelse fulg med de flottest farve, og den s\u00f8dest personlighed. De er meget nysgerrig og legesyge.\" \/>\n<meta name=\"robots\" content=\"index, follow, max-snippet:-1, max-image-preview:large, max-video-preview:-1\" \/>\n<link rel=\"canonical\" href=\"https:\/\/styrpaadyr.dk\/en\/product\/bjerglori\/\" \/>\n<meta property=\"og:locale\" content=\"en_US\" \/>\n<meta property=\"og:type\" content=\"article\" \/>\n<meta property=\"og:title\" content=\"Bjerglori - Styr p\u00e5 dyr\" \/>\n<meta property=\"og:description\" content=\"Bjerlori\u00e9n er en mellem st\u00f8rrelse fulg med de flottest farve, og den s\u00f8dest personlighed. De er meget nysgerrig og legesyge.\" \/>\n<meta property=\"og:url\" content=\"https:\/\/styrpaadyr.dk\/en\/product\/bjerglori\/\" \/>\n<meta property=\"og:site_name\" content=\"Styr p\u00e5 dyr\" \/>\n<meta property=\"article:publisher\" content=\"https:\/\/www.facebook.com\/styrpaadyr\" \/>\n<meta property=\"og:image\" content=\"https:\/\/styrpaadyr.dk\/wp-content\/uploads\/2026\/03\/bjerglori.jpg\" \/>\n\t<meta property=\"og:image:width\" content=\"206\" \/>\n\t<meta property=\"og:image:height\" content=\"206\" \/>\n\t<meta property=\"og:image:type\" content=\"image\/jpeg\" \/>\n<meta name=\"twitter:card\" content=\"summary_large_image\" \/>\n<meta name=\"twitter:label1\" content=\"Est. reading time\" \/>\n\t<meta name=\"twitter:data1\" content=\"1 minute\" \/>\n<script type=\"application\/ld+json\" class=\"yoast-schema-graph\">{\"@context\":\"https:\\\/\\\/schema.org\",\"@graph\":[{\"@type\":\"WebPage\",\"@id\":\"https:\\\/\\\/styrpaadyr.dk\\\/vare\\\/bjerglori\\\/\",\"url\":\"https:\\\/\\\/styrpaadyr.dk\\\/vare\\\/bjerglori\\\/\",\"name\":\"Bjerglori - Styr p\u00e5 dyr\",\"isPartOf\":{\"@id\":\"https:\\\/\\\/styrpaadyr.dk\\\/#website\"},\"primaryImageOfPage\":{\"@id\":\"https:\\\/\\\/styrpaadyr.dk\\\/vare\\\/bjerglori\\\/#primaryimage\"},\"image\":{\"@id\":\"https:\\\/\\\/styrpaadyr.dk\\\/vare\\\/bjerglori\\\/#primaryimage\"},\"thumbnailUrl\":\"https:\\\/\\\/styrpaadyr.dk\\\/wp-content\\\/uploads\\\/2026\\\/03\\\/bjerglori.jpg\",\"datePublished\":\"2026-03-29T10:01:32+00:00\",\"description\":\"Bjerlori\u00e9n er en mellem st\u00f8rrelse fulg med de flottest farve, og den s\u00f8dest personlighed. De er meget nysgerrig og legesyge.\",\"breadcrumb\":{\"@id\":\"https:\\\/\\\/styrpaadyr.dk\\\/vare\\\/bjerglori\\\/#breadcrumb\"},\"inLanguage\":\"en-US\",\"potentialAction\":[{\"@type\":\"ReadAction\",\"target\":[\"https:\\\/\\\/styrpaadyr.dk\\\/vare\\\/bjerglori\\\/\"]}]},{\"@type\":\"ImageObject\",\"inLanguage\":\"en-US\",\"@id\":\"https:\\\/\\\/styrpaadyr.dk\\\/vare\\\/bjerglori\\\/#primaryimage\",\"url\":\"https:\\\/\\\/styrpaadyr.dk\\\/wp-content\\\/uploads\\\/2026\\\/03\\\/bjerglori.jpg\",\"contentUrl\":\"https:\\\/\\\/styrpaadyr.dk\\\/wp-content\\\/uploads\\\/2026\\\/03\\\/bjerglori.jpg\",\"width\":206,\"height\":206},{\"@type\":\"BreadcrumbList\",\"@id\":\"https:\\\/\\\/styrpaadyr.dk\\\/vare\\\/bjerglori\\\/#breadcrumb\",\"itemListElement\":[{\"@type\":\"ListItem\",\"position\":1,\"name\":\"Hjem\",\"item\":\"https:\\\/\\\/styrpaadyr.dk\\\/\"},{\"@type\":\"ListItem\",\"position\":2,\"name\":\"Shop\",\"item\":\"https:\\\/\\\/styrpaadyr.dk\\\/shop\\\/\"},{\"@type\":\"ListItem\",\"position\":3,\"name\":\"Bjerglori\"}]},{\"@type\":\"WebSite\",\"@id\":\"https:\\\/\\\/styrpaadyr.dk\\\/#website\",\"url\":\"https:\\\/\\\/styrpaadyr.dk\\\/\",\"name\":\"Styr p\u00e5 dyr\",\"description\":\"Din ekspert inden for dyr\",\"publisher\":{\"@id\":\"https:\\\/\\\/styrpaadyr.dk\\\/#organization\"},\"potentialAction\":[{\"@type\":\"SearchAction\",\"target\":{\"@type\":\"EntryPoint\",\"urlTemplate\":\"https:\\\/\\\/styrpaadyr.dk\\\/?s={search_term_string}\"},\"query-input\":{\"@type\":\"PropertyValueSpecification\",\"valueRequired\":true,\"valueName\":\"search_term_string\"}}],\"inLanguage\":\"en-US\"},{\"@type\":\"Organization\",\"@id\":\"https:\\\/\\\/styrpaadyr.dk\\\/#organization\",\"name\":\"Styr p\u00e5 dyr\",\"url\":\"https:\\\/\\\/styrpaadyr.dk\\\/\",\"logo\":{\"@type\":\"ImageObject\",\"inLanguage\":\"en-US\",\"@id\":\"https:\\\/\\\/styrpaadyr.dk\\\/#\\\/schema\\\/logo\\\/image\\\/\",\"url\":\"https:\\\/\\\/styrpaadyr.dk\\\/wp-content\\\/uploads\\\/2022\\\/07\\\/logo_3_ub.png\",\"contentUrl\":\"https:\\\/\\\/styrpaadyr.dk\\\/wp-content\\\/uploads\\\/2022\\\/07\\\/logo_3_ub.png\",\"width\":282,\"height\":91,\"caption\":\"Styr p\u00e5 dyr\"},\"image\":{\"@id\":\"https:\\\/\\\/styrpaadyr.dk\\\/#\\\/schema\\\/logo\\\/image\\\/\"},\"sameAs\":[\"https:\\\/\\\/www.facebook.com\\\/styrpaadyr\"]}]}<\/script>\n<!-- \/ Yoast SEO plugin. -->","yoast_head_json":{"title":"Bjerglori - Styr p\u00e5 dyr","description":"Bjerlori\u00e9n er en mellem st\u00f8rrelse fulg med de flottest farve, og den s\u00f8dest personlighed. De er meget nysgerrig og legesyge.","robots":{"index":"index","follow":"follow","max-snippet":"max-snippet:-1","max-image-preview":"max-image-preview:large","max-video-preview":"max-video-preview:-1"},"canonical":"https:\/\/styrpaadyr.dk\/en\/product\/bjerglori\/","og_locale":"en_US","og_type":"article","og_title":"Bjerglori - Styr p\u00e5 dyr","og_description":"Bjerlori\u00e9n er en mellem st\u00f8rrelse fulg med de flottest farve, og den s\u00f8dest personlighed. De er meget nysgerrig og legesyge.","og_url":"https:\/\/styrpaadyr.dk\/en\/product\/bjerglori\/","og_site_name":"Styr p\u00e5 dyr","article_publisher":"https:\/\/www.facebook.com\/styrpaadyr","og_image":[{"width":206,"height":206,"url":"https:\/\/styrpaadyr.dk\/wp-content\/uploads\/2026\/03\/bjerglori.jpg","type":"image\/jpeg"}],"twitter_card":"summary_large_image","twitter_misc":{"Est. reading time":"1 minute"},"schema":{"@context":"https:\/\/schema.org","@graph":[{"@type":"WebPage","@id":"https:\/\/styrpaadyr.dk\/vare\/bjerglori\/","url":"https:\/\/styrpaadyr.dk\/vare\/bjerglori\/","name":"Bjerglori - Styr p\u00e5 dyr","isPartOf":{"@id":"https:\/\/styrpaadyr.dk\/#website"},"primaryImageOfPage":{"@id":"https:\/\/styrpaadyr.dk\/vare\/bjerglori\/#primaryimage"},"image":{"@id":"https:\/\/styrpaadyr.dk\/vare\/bjerglori\/#primaryimage"},"thumbnailUrl":"https:\/\/styrpaadyr.dk\/wp-content\/uploads\/2026\/03\/bjerglori.jpg","datePublished":"2026-03-29T10:01:32+00:00","description":"Bjerlori\u00e9n er en mellem st\u00f8rrelse fulg med de flottest farve, og den s\u00f8dest personlighed. De er meget nysgerrig og legesyge.","breadcrumb":{"@id":"https:\/\/styrpaadyr.dk\/vare\/bjerglori\/#breadcrumb"},"inLanguage":"en-US","potentialAction":[{"@type":"ReadAction","target":["https:\/\/styrpaadyr.dk\/vare\/bjerglori\/"]}]},{"@type":"ImageObject","inLanguage":"en-US","@id":"https:\/\/styrpaadyr.dk\/vare\/bjerglori\/#primaryimage","url":"https:\/\/styrpaadyr.dk\/wp-content\/uploads\/2026\/03\/bjerglori.jpg","contentUrl":"https:\/\/styrpaadyr.dk\/wp-content\/uploads\/2026\/03\/bjerglori.jpg","width":206,"height":206},{"@type":"BreadcrumbList","@id":"https:\/\/styrpaadyr.dk\/vare\/bjerglori\/#breadcrumb","itemListElement":[{"@type":"ListItem","position":1,"name":"Hjem","item":"https:\/\/styrpaadyr.dk\/"},{"@type":"ListItem","position":2,"name":"Shop","item":"https:\/\/styrpaadyr.dk\/shop\/"},{"@type":"ListItem","position":3,"name":"Bjerglori"}]},{"@type":"WebSite","@id":"https:\/\/styrpaadyr.dk\/#website","url":"https:\/\/styrpaadyr.dk\/","name":"Styr p\u00e5 dyr","description":"Din ekspert inden for dyr","publisher":{"@id":"https:\/\/styrpaadyr.dk\/#organization"},"potentialAction":[{"@type":"SearchAction","target":{"@type":"EntryPoint","urlTemplate":"https:\/\/styrpaadyr.dk\/?s={search_term_string}"},"query-input":{"@type":"PropertyValueSpecification","valueRequired":true,"valueName":"search_term_string"}}],"inLanguage":"en-US"},{"@type":"Organization","@id":"https:\/\/styrpaadyr.dk\/#organization","name":"Styr p\u00e5 dyr","url":"https:\/\/styrpaadyr.dk\/","logo":{"@type":"ImageObject","inLanguage":"en-US","@id":"https:\/\/styrpaadyr.dk\/#\/schema\/logo\/image\/","url":"https:\/\/styrpaadyr.dk\/wp-content\/uploads\/2022\/07\/logo_3_ub.png","contentUrl":"https:\/\/styrpaadyr.dk\/wp-content\/uploads\/2022\/07\/logo_3_ub.png","width":282,"height":91,"caption":"Styr p\u00e5 dyr"},"image":{"@id":"https:\/\/styrpaadyr.dk\/#\/schema\/logo\/image\/"},"sameAs":["https:\/\/www.facebook.com\/styrpaadyr"]}]}},"_links":{"self":[{"href":"https:\/\/styrpaadyr.dk\/en\/wp-json\/wp\/v2\/product\/17316","targetHints":{"allow":["GET"]}}],"collection":[{"href":"https:\/\/styrpaadyr.dk\/en\/wp-json\/wp\/v2\/product"}],"about":[{"href":"https:\/\/styrpaadyr.dk\/en\/wp-json\/wp\/v2\/types\/product"}],"replies":[{"embeddable":true,"href":"https:\/\/styrpaadyr.dk\/en\/wp-json\/wp\/v2\/comments?post=17316"}],"version-history":[{"count":1,"href":"https:\/\/styrpaadyr.dk\/en\/wp-json\/wp\/v2\/product\/17316\/revisions"}],"predecessor-version":[{"id":17320,"href":"https:\/\/styrpaadyr.dk\/en\/wp-json\/wp\/v2\/product\/17316\/revisions\/17320"}],"wp:featuredmedia":[{"embeddable":true,"href":"https:\/\/styrpaadyr.dk\/en\/wp-json\/wp\/v2\/media\/17317"}],"wp:attachment":[{"href":"https:\/\/styrpaadyr.dk\/en\/wp-json\/wp\/v2\/media?parent=17316"}],"wp:term":[{"taxonomy":"product_brand","embeddable":true,"href":"https:\/\/styrpaadyr.dk\/en\/wp-json\/wp\/v2\/product_brand?post=17316"},{"taxonomy":"product_cat","embeddable":true,"href":"https:\/\/styrpaadyr.dk\/en\/wp-json\/wp\/v2\/product_cat?post=17316"},{"taxonomy":"product_tag","embeddable":true,"href":"https:\/\/styrpaadyr.dk\/en\/wp-json\/wp\/v2\/product_tag?post=17316"}],"curies":[{"name":"wp","href":"https:\/\/api.w.org\/{rel}","templated":true}]}}