{"id":17250,"date":"2026-03-26T15:56:30","date_gmt":"2026-03-26T15:56:30","guid":{"rendered":"https:\/\/styrpaadyr.dk\/?post_type=product&#038;p=17250"},"modified":"2026-03-27T14:13:59","modified_gmt":"2026-03-27T14:13:59","slug":"afrikansk-kaempe-tudsinben","status":"publish","type":"product","link":"https:\/\/styrpaadyr.dk\/en\/product\/afrikansk-kaempe-tudsinben\/","title":{"rendered":"African Giant Frog Tadpole"},"content":{"rendered":"<p>Latin navn: <em class=\"eujQNb\" data-sfc-root=\"c\" data-sfc-cb=\"\">Archispirostreptus gigas<\/em><\/p>\n<p>Levende dyr skal afhentes i butikken.<\/p>","protected":false},"excerpt":{"rendered":"<p>Latin navn: Archispirostreptus gigas Levende dyr skal afhentes i butikken.<\/p>","protected":false},"featured_media":17251,"comment_status":"open","ping_status":"closed","template":"","meta":[],"product_brand":[],"product_cat":[131],"product_tag":[],"class_list":{"0":"post-17250","1":"product","2":"type-product","3":"status-publish","4":"has-post-thumbnail","6":"product_cat-krybdyr","8":"first","9":"instock","10":"shipping-taxable","11":"purchasable","12":"product-type-simple"},"yoast_head":"<!-- This site is optimized with the Yoast SEO plugin v27.3 - https:\/\/yoast.com\/product\/yoast-seo-wordpress\/ -->\n<title>Afrikansk K\u00e6mpe Tudsinben - Styr p\u00e5 dyr<\/title>\n<meta name=\"description\" content=\"Det Afrikanke K\u00e6mpe Tudsinben (Archispirostreptus gigas) er den st\u00f8rste nulevende art af tudsinben, med dens imponernde st\u00f8rrelse, op mod 35cm.\" \/>\n<meta name=\"robots\" content=\"index, follow, max-snippet:-1, max-image-preview:large, max-video-preview:-1\" \/>\n<link rel=\"canonical\" href=\"https:\/\/styrpaadyr.dk\/en\/product\/afrikansk-kaempe-tudsinben\/\" \/>\n<meta property=\"og:locale\" content=\"en_US\" \/>\n<meta property=\"og:type\" content=\"article\" \/>\n<meta property=\"og:title\" content=\"Afrikansk K\u00e6mpe Tudsinben - Styr p\u00e5 dyr\" \/>\n<meta property=\"og:description\" content=\"Det Afrikanke K\u00e6mpe Tudsinben (Archispirostreptus gigas) er den st\u00f8rste nulevende art af tudsinben, med dens imponernde st\u00f8rrelse, op mod 35cm.\" \/>\n<meta property=\"og:url\" content=\"https:\/\/styrpaadyr.dk\/en\/product\/afrikansk-kaempe-tudsinben\/\" \/>\n<meta property=\"og:site_name\" content=\"Styr p\u00e5 dyr\" \/>\n<meta property=\"article:publisher\" content=\"https:\/\/www.facebook.com\/styrpaadyr\" \/>\n<meta property=\"article:modified_time\" content=\"2026-03-27T14:13:59+00:00\" \/>\n<meta property=\"og:image\" content=\"https:\/\/styrpaadyr.dk\/wp-content\/uploads\/2026\/03\/kaempetdsinben.jpg\" \/>\n\t<meta property=\"og:image:width\" content=\"206\" \/>\n\t<meta property=\"og:image:height\" content=\"206\" \/>\n\t<meta property=\"og:image:type\" content=\"image\/jpeg\" \/>\n<meta name=\"twitter:card\" content=\"summary_large_image\" \/>\n<meta name=\"twitter:label1\" content=\"Est. reading time\" \/>\n\t<meta name=\"twitter:data1\" content=\"1 minute\" \/>\n<script type=\"application\/ld+json\" class=\"yoast-schema-graph\">{\"@context\":\"https:\\\/\\\/schema.org\",\"@graph\":[{\"@type\":\"WebPage\",\"@id\":\"https:\\\/\\\/styrpaadyr.dk\\\/vare\\\/afrikansk-kaempe-tudsinben\\\/\",\"url\":\"https:\\\/\\\/styrpaadyr.dk\\\/vare\\\/afrikansk-kaempe-tudsinben\\\/\",\"name\":\"Afrikansk K\u00e6mpe Tudsinben - Styr p\u00e5 dyr\",\"isPartOf\":{\"@id\":\"https:\\\/\\\/styrpaadyr.dk\\\/#website\"},\"primaryImageOfPage\":{\"@id\":\"https:\\\/\\\/styrpaadyr.dk\\\/vare\\\/afrikansk-kaempe-tudsinben\\\/#primaryimage\"},\"image\":{\"@id\":\"https:\\\/\\\/styrpaadyr.dk\\\/vare\\\/afrikansk-kaempe-tudsinben\\\/#primaryimage\"},\"thumbnailUrl\":\"https:\\\/\\\/styrpaadyr.dk\\\/wp-content\\\/uploads\\\/2026\\\/03\\\/kaempetdsinben.jpg\",\"datePublished\":\"2026-03-26T15:56:30+00:00\",\"dateModified\":\"2026-03-27T14:13:59+00:00\",\"description\":\"Det Afrikanke K\u00e6mpe Tudsinben (Archispirostreptus gigas) er den st\u00f8rste nulevende art af tudsinben, med dens imponernde st\u00f8rrelse, op mod 35cm.\",\"breadcrumb\":{\"@id\":\"https:\\\/\\\/styrpaadyr.dk\\\/vare\\\/afrikansk-kaempe-tudsinben\\\/#breadcrumb\"},\"inLanguage\":\"en-US\",\"potentialAction\":[{\"@type\":\"ReadAction\",\"target\":[\"https:\\\/\\\/styrpaadyr.dk\\\/vare\\\/afrikansk-kaempe-tudsinben\\\/\"]}]},{\"@type\":\"ImageObject\",\"inLanguage\":\"en-US\",\"@id\":\"https:\\\/\\\/styrpaadyr.dk\\\/vare\\\/afrikansk-kaempe-tudsinben\\\/#primaryimage\",\"url\":\"https:\\\/\\\/styrpaadyr.dk\\\/wp-content\\\/uploads\\\/2026\\\/03\\\/kaempetdsinben.jpg\",\"contentUrl\":\"https:\\\/\\\/styrpaadyr.dk\\\/wp-content\\\/uploads\\\/2026\\\/03\\\/kaempetdsinben.jpg\",\"width\":206,\"height\":206},{\"@type\":\"BreadcrumbList\",\"@id\":\"https:\\\/\\\/styrpaadyr.dk\\\/vare\\\/afrikansk-kaempe-tudsinben\\\/#breadcrumb\",\"itemListElement\":[{\"@type\":\"ListItem\",\"position\":1,\"name\":\"Hjem\",\"item\":\"https:\\\/\\\/styrpaadyr.dk\\\/\"},{\"@type\":\"ListItem\",\"position\":2,\"name\":\"Shop\",\"item\":\"https:\\\/\\\/styrpaadyr.dk\\\/shop\\\/\"},{\"@type\":\"ListItem\",\"position\":3,\"name\":\"Afrikansk K\u00e6mpe Tudsinben\"}]},{\"@type\":\"WebSite\",\"@id\":\"https:\\\/\\\/styrpaadyr.dk\\\/#website\",\"url\":\"https:\\\/\\\/styrpaadyr.dk\\\/\",\"name\":\"Styr p\u00e5 dyr\",\"description\":\"Din ekspert inden for dyr\",\"publisher\":{\"@id\":\"https:\\\/\\\/styrpaadyr.dk\\\/#organization\"},\"potentialAction\":[{\"@type\":\"SearchAction\",\"target\":{\"@type\":\"EntryPoint\",\"urlTemplate\":\"https:\\\/\\\/styrpaadyr.dk\\\/?s={search_term_string}\"},\"query-input\":{\"@type\":\"PropertyValueSpecification\",\"valueRequired\":true,\"valueName\":\"search_term_string\"}}],\"inLanguage\":\"en-US\"},{\"@type\":\"Organization\",\"@id\":\"https:\\\/\\\/styrpaadyr.dk\\\/#organization\",\"name\":\"Styr p\u00e5 dyr\",\"url\":\"https:\\\/\\\/styrpaadyr.dk\\\/\",\"logo\":{\"@type\":\"ImageObject\",\"inLanguage\":\"en-US\",\"@id\":\"https:\\\/\\\/styrpaadyr.dk\\\/#\\\/schema\\\/logo\\\/image\\\/\",\"url\":\"https:\\\/\\\/styrpaadyr.dk\\\/wp-content\\\/uploads\\\/2022\\\/07\\\/logo_3_ub.png\",\"contentUrl\":\"https:\\\/\\\/styrpaadyr.dk\\\/wp-content\\\/uploads\\\/2022\\\/07\\\/logo_3_ub.png\",\"width\":282,\"height\":91,\"caption\":\"Styr p\u00e5 dyr\"},\"image\":{\"@id\":\"https:\\\/\\\/styrpaadyr.dk\\\/#\\\/schema\\\/logo\\\/image\\\/\"},\"sameAs\":[\"https:\\\/\\\/www.facebook.com\\\/styrpaadyr\"]}]}<\/script>\n<!-- \/ Yoast SEO plugin. -->","yoast_head_json":{"title":"Afrikansk K\u00e6mpe Tudsinben - Styr p\u00e5 dyr","description":"Det Afrikanke K\u00e6mpe Tudsinben (Archispirostreptus gigas) er den st\u00f8rste nulevende art af tudsinben, med dens imponernde st\u00f8rrelse, op mod 35cm.","robots":{"index":"index","follow":"follow","max-snippet":"max-snippet:-1","max-image-preview":"max-image-preview:large","max-video-preview":"max-video-preview:-1"},"canonical":"https:\/\/styrpaadyr.dk\/en\/product\/afrikansk-kaempe-tudsinben\/","og_locale":"en_US","og_type":"article","og_title":"Afrikansk K\u00e6mpe Tudsinben - Styr p\u00e5 dyr","og_description":"Det Afrikanke K\u00e6mpe Tudsinben (Archispirostreptus gigas) er den st\u00f8rste nulevende art af tudsinben, med dens imponernde st\u00f8rrelse, op mod 35cm.","og_url":"https:\/\/styrpaadyr.dk\/en\/product\/afrikansk-kaempe-tudsinben\/","og_site_name":"Styr p\u00e5 dyr","article_publisher":"https:\/\/www.facebook.com\/styrpaadyr","article_modified_time":"2026-03-27T14:13:59+00:00","og_image":[{"width":206,"height":206,"url":"https:\/\/styrpaadyr.dk\/wp-content\/uploads\/2026\/03\/kaempetdsinben.jpg","type":"image\/jpeg"}],"twitter_card":"summary_large_image","twitter_misc":{"Est. reading time":"1 minute"},"schema":{"@context":"https:\/\/schema.org","@graph":[{"@type":"WebPage","@id":"https:\/\/styrpaadyr.dk\/vare\/afrikansk-kaempe-tudsinben\/","url":"https:\/\/styrpaadyr.dk\/vare\/afrikansk-kaempe-tudsinben\/","name":"Afrikansk K\u00e6mpe Tudsinben - Styr p\u00e5 dyr","isPartOf":{"@id":"https:\/\/styrpaadyr.dk\/#website"},"primaryImageOfPage":{"@id":"https:\/\/styrpaadyr.dk\/vare\/afrikansk-kaempe-tudsinben\/#primaryimage"},"image":{"@id":"https:\/\/styrpaadyr.dk\/vare\/afrikansk-kaempe-tudsinben\/#primaryimage"},"thumbnailUrl":"https:\/\/styrpaadyr.dk\/wp-content\/uploads\/2026\/03\/kaempetdsinben.jpg","datePublished":"2026-03-26T15:56:30+00:00","dateModified":"2026-03-27T14:13:59+00:00","description":"Det Afrikanke K\u00e6mpe Tudsinben (Archispirostreptus gigas) er den st\u00f8rste nulevende art af tudsinben, med dens imponernde st\u00f8rrelse, op mod 35cm.","breadcrumb":{"@id":"https:\/\/styrpaadyr.dk\/vare\/afrikansk-kaempe-tudsinben\/#breadcrumb"},"inLanguage":"en-US","potentialAction":[{"@type":"ReadAction","target":["https:\/\/styrpaadyr.dk\/vare\/afrikansk-kaempe-tudsinben\/"]}]},{"@type":"ImageObject","inLanguage":"en-US","@id":"https:\/\/styrpaadyr.dk\/vare\/afrikansk-kaempe-tudsinben\/#primaryimage","url":"https:\/\/styrpaadyr.dk\/wp-content\/uploads\/2026\/03\/kaempetdsinben.jpg","contentUrl":"https:\/\/styrpaadyr.dk\/wp-content\/uploads\/2026\/03\/kaempetdsinben.jpg","width":206,"height":206},{"@type":"BreadcrumbList","@id":"https:\/\/styrpaadyr.dk\/vare\/afrikansk-kaempe-tudsinben\/#breadcrumb","itemListElement":[{"@type":"ListItem","position":1,"name":"Hjem","item":"https:\/\/styrpaadyr.dk\/"},{"@type":"ListItem","position":2,"name":"Shop","item":"https:\/\/styrpaadyr.dk\/shop\/"},{"@type":"ListItem","position":3,"name":"Afrikansk K\u00e6mpe Tudsinben"}]},{"@type":"WebSite","@id":"https:\/\/styrpaadyr.dk\/#website","url":"https:\/\/styrpaadyr.dk\/","name":"Styr p\u00e5 dyr","description":"Din ekspert inden for dyr","publisher":{"@id":"https:\/\/styrpaadyr.dk\/#organization"},"potentialAction":[{"@type":"SearchAction","target":{"@type":"EntryPoint","urlTemplate":"https:\/\/styrpaadyr.dk\/?s={search_term_string}"},"query-input":{"@type":"PropertyValueSpecification","valueRequired":true,"valueName":"search_term_string"}}],"inLanguage":"en-US"},{"@type":"Organization","@id":"https:\/\/styrpaadyr.dk\/#organization","name":"Styr p\u00e5 dyr","url":"https:\/\/styrpaadyr.dk\/","logo":{"@type":"ImageObject","inLanguage":"en-US","@id":"https:\/\/styrpaadyr.dk\/#\/schema\/logo\/image\/","url":"https:\/\/styrpaadyr.dk\/wp-content\/uploads\/2022\/07\/logo_3_ub.png","contentUrl":"https:\/\/styrpaadyr.dk\/wp-content\/uploads\/2022\/07\/logo_3_ub.png","width":282,"height":91,"caption":"Styr p\u00e5 dyr"},"image":{"@id":"https:\/\/styrpaadyr.dk\/#\/schema\/logo\/image\/"},"sameAs":["https:\/\/www.facebook.com\/styrpaadyr"]}]}},"_links":{"self":[{"href":"https:\/\/styrpaadyr.dk\/en\/wp-json\/wp\/v2\/product\/17250","targetHints":{"allow":["GET"]}}],"collection":[{"href":"https:\/\/styrpaadyr.dk\/en\/wp-json\/wp\/v2\/product"}],"about":[{"href":"https:\/\/styrpaadyr.dk\/en\/wp-json\/wp\/v2\/types\/product"}],"replies":[{"embeddable":true,"href":"https:\/\/styrpaadyr.dk\/en\/wp-json\/wp\/v2\/comments?post=17250"}],"version-history":[{"count":1,"href":"https:\/\/styrpaadyr.dk\/en\/wp-json\/wp\/v2\/product\/17250\/revisions"}],"predecessor-version":[{"id":17252,"href":"https:\/\/styrpaadyr.dk\/en\/wp-json\/wp\/v2\/product\/17250\/revisions\/17252"}],"wp:featuredmedia":[{"embeddable":true,"href":"https:\/\/styrpaadyr.dk\/en\/wp-json\/wp\/v2\/media\/17251"}],"wp:attachment":[{"href":"https:\/\/styrpaadyr.dk\/en\/wp-json\/wp\/v2\/media?parent=17250"}],"wp:term":[{"taxonomy":"product_brand","embeddable":true,"href":"https:\/\/styrpaadyr.dk\/en\/wp-json\/wp\/v2\/product_brand?post=17250"},{"taxonomy":"product_cat","embeddable":true,"href":"https:\/\/styrpaadyr.dk\/en\/wp-json\/wp\/v2\/product_cat?post=17250"},{"taxonomy":"product_tag","embeddable":true,"href":"https:\/\/styrpaadyr.dk\/en\/wp-json\/wp\/v2\/product_tag?post=17250"}],"curies":[{"name":"wp","href":"https:\/\/api.w.org\/{rel}","templated":true}]}}