{"id":16784,"date":"2025-11-13T08:53:19","date_gmt":"2025-11-13T08:53:19","guid":{"rendered":"https:\/\/styrpaadyr.dk\/?post_type=product&#038;p=16784"},"modified":"2026-03-27T16:36:00","modified_gmt":"2026-03-27T16:36:00","slug":"oerkenrotte-hun","status":"publish","type":"product","link":"https:\/\/styrpaadyr.dk\/en\/product\/oerkenrotte-hun\/","title":{"rendered":"\u00d8rkenrotte &#8211; Hun"},"content":{"rendered":"<p>Billederne er ikke af de pr\u00e6cise dyr som vi har i butikken.<\/p>\n<p>Levende dyr skal hentes i butikken.<\/p>\n<p>&nbsp;<\/p>","protected":false},"excerpt":{"rendered":"<p>Billederne viser ikke dem vi har i butikken, men nogen linene.<\/p>\n<p>Levede dyr skal afhentes i butikken.<\/p>","protected":false},"featured_media":17165,"comment_status":"open","ping_status":"closed","template":"","meta":[],"product_brand":[],"product_cat":[146],"product_tag":[186,185],"class_list":{"0":"post-16784","1":"product","2":"type-product","3":"status-publish","4":"has-post-thumbnail","6":"product_cat-levende-gnavere","7":"product_tag-gnaver","8":"product_tag-oerkenrotter","10":"first","11":"instock","12":"shipping-taxable","13":"purchasable","14":"product-type-simple"},"yoast_head":"<!-- This site is optimized with the Yoast SEO plugin v27.3 - https:\/\/yoast.com\/product\/yoast-seo-wordpress\/ -->\n<title>\u00d8rkenrotte - Hun - Styr p\u00e5 dyr<\/title>\n<meta name=\"description\" content=\"\u00d8rkenrotte unger til salg i Aalborg, Nordjylland.\" \/>\n<meta name=\"robots\" content=\"index, follow, max-snippet:-1, max-image-preview:large, max-video-preview:-1\" \/>\n<link rel=\"canonical\" href=\"https:\/\/styrpaadyr.dk\/en\/product\/oerkenrotte-hun\/\" \/>\n<meta property=\"og:locale\" content=\"en_US\" \/>\n<meta property=\"og:type\" content=\"article\" \/>\n<meta property=\"og:title\" content=\"\u00d8rkenrotte - Hun - Styr p\u00e5 dyr\" \/>\n<meta property=\"og:description\" content=\"\u00d8rkenrotte unger til salg i Aalborg, Nordjylland.\" \/>\n<meta property=\"og:url\" content=\"https:\/\/styrpaadyr.dk\/en\/product\/oerkenrotte-hun\/\" \/>\n<meta property=\"og:site_name\" content=\"Styr p\u00e5 dyr\" \/>\n<meta property=\"article:publisher\" content=\"https:\/\/www.facebook.com\/styrpaadyr\" \/>\n<meta property=\"article:modified_time\" content=\"2026-03-27T16:36:00+00:00\" \/>\n<meta property=\"og:image\" content=\"https:\/\/styrpaadyr.dk\/wp-content\/uploads\/2025\/11\/IMG_7978.jpeg\" \/>\n\t<meta property=\"og:image:width\" content=\"1280\" \/>\n\t<meta property=\"og:image:height\" content=\"1440\" \/>\n\t<meta property=\"og:image:type\" content=\"image\/jpeg\" \/>\n<meta name=\"twitter:card\" content=\"summary_large_image\" \/>\n<meta name=\"twitter:label1\" content=\"Est. reading time\" \/>\n\t<meta name=\"twitter:data1\" content=\"1 minute\" \/>\n<script type=\"application\/ld+json\" class=\"yoast-schema-graph\">{\"@context\":\"https:\\\/\\\/schema.org\",\"@graph\":[{\"@type\":\"WebPage\",\"@id\":\"https:\\\/\\\/styrpaadyr.dk\\\/vare\\\/oerkenrotte-hun\\\/\",\"url\":\"https:\\\/\\\/styrpaadyr.dk\\\/vare\\\/oerkenrotte-hun\\\/\",\"name\":\"\u00d8rkenrotte - Hun - Styr p\u00e5 dyr\",\"isPartOf\":{\"@id\":\"https:\\\/\\\/styrpaadyr.dk\\\/#website\"},\"primaryImageOfPage\":{\"@id\":\"https:\\\/\\\/styrpaadyr.dk\\\/vare\\\/oerkenrotte-hun\\\/#primaryimage\"},\"image\":{\"@id\":\"https:\\\/\\\/styrpaadyr.dk\\\/vare\\\/oerkenrotte-hun\\\/#primaryimage\"},\"thumbnailUrl\":\"https:\\\/\\\/styrpaadyr.dk\\\/wp-content\\\/uploads\\\/2025\\\/11\\\/IMG_7978.jpeg\",\"datePublished\":\"2025-11-13T08:53:19+00:00\",\"dateModified\":\"2026-03-27T16:36:00+00:00\",\"description\":\"\u00d8rkenrotte unger til salg i Aalborg, Nordjylland.\",\"breadcrumb\":{\"@id\":\"https:\\\/\\\/styrpaadyr.dk\\\/vare\\\/oerkenrotte-hun\\\/#breadcrumb\"},\"inLanguage\":\"en-US\",\"potentialAction\":[{\"@type\":\"ReadAction\",\"target\":[\"https:\\\/\\\/styrpaadyr.dk\\\/vare\\\/oerkenrotte-hun\\\/\"]}]},{\"@type\":\"ImageObject\",\"inLanguage\":\"en-US\",\"@id\":\"https:\\\/\\\/styrpaadyr.dk\\\/vare\\\/oerkenrotte-hun\\\/#primaryimage\",\"url\":\"https:\\\/\\\/styrpaadyr.dk\\\/wp-content\\\/uploads\\\/2025\\\/11\\\/IMG_7978.jpeg\",\"contentUrl\":\"https:\\\/\\\/styrpaadyr.dk\\\/wp-content\\\/uploads\\\/2025\\\/11\\\/IMG_7978.jpeg\",\"width\":1280,\"height\":1440},{\"@type\":\"BreadcrumbList\",\"@id\":\"https:\\\/\\\/styrpaadyr.dk\\\/vare\\\/oerkenrotte-hun\\\/#breadcrumb\",\"itemListElement\":[{\"@type\":\"ListItem\",\"position\":1,\"name\":\"Hjem\",\"item\":\"https:\\\/\\\/styrpaadyr.dk\\\/\"},{\"@type\":\"ListItem\",\"position\":2,\"name\":\"Shop\",\"item\":\"https:\\\/\\\/styrpaadyr.dk\\\/shop\\\/\"},{\"@type\":\"ListItem\",\"position\":3,\"name\":\"\u00d8rkenrotte &#8211; Hun\"}]},{\"@type\":\"WebSite\",\"@id\":\"https:\\\/\\\/styrpaadyr.dk\\\/#website\",\"url\":\"https:\\\/\\\/styrpaadyr.dk\\\/\",\"name\":\"Styr p\u00e5 dyr\",\"description\":\"Din ekspert inden for dyr\",\"publisher\":{\"@id\":\"https:\\\/\\\/styrpaadyr.dk\\\/#organization\"},\"potentialAction\":[{\"@type\":\"SearchAction\",\"target\":{\"@type\":\"EntryPoint\",\"urlTemplate\":\"https:\\\/\\\/styrpaadyr.dk\\\/?s={search_term_string}\"},\"query-input\":{\"@type\":\"PropertyValueSpecification\",\"valueRequired\":true,\"valueName\":\"search_term_string\"}}],\"inLanguage\":\"en-US\"},{\"@type\":\"Organization\",\"@id\":\"https:\\\/\\\/styrpaadyr.dk\\\/#organization\",\"name\":\"Styr p\u00e5 dyr\",\"url\":\"https:\\\/\\\/styrpaadyr.dk\\\/\",\"logo\":{\"@type\":\"ImageObject\",\"inLanguage\":\"en-US\",\"@id\":\"https:\\\/\\\/styrpaadyr.dk\\\/#\\\/schema\\\/logo\\\/image\\\/\",\"url\":\"https:\\\/\\\/styrpaadyr.dk\\\/wp-content\\\/uploads\\\/2022\\\/07\\\/logo_3_ub.png\",\"contentUrl\":\"https:\\\/\\\/styrpaadyr.dk\\\/wp-content\\\/uploads\\\/2022\\\/07\\\/logo_3_ub.png\",\"width\":282,\"height\":91,\"caption\":\"Styr p\u00e5 dyr\"},\"image\":{\"@id\":\"https:\\\/\\\/styrpaadyr.dk\\\/#\\\/schema\\\/logo\\\/image\\\/\"},\"sameAs\":[\"https:\\\/\\\/www.facebook.com\\\/styrpaadyr\"]}]}<\/script>\n<!-- \/ Yoast SEO plugin. -->","yoast_head_json":{"title":"\u00d8rkenrotte - Hun - Styr p\u00e5 dyr","description":"\u00d8rkenrotte unger til salg i Aalborg, Nordjylland.","robots":{"index":"index","follow":"follow","max-snippet":"max-snippet:-1","max-image-preview":"max-image-preview:large","max-video-preview":"max-video-preview:-1"},"canonical":"https:\/\/styrpaadyr.dk\/en\/product\/oerkenrotte-hun\/","og_locale":"en_US","og_type":"article","og_title":"\u00d8rkenrotte - Hun - Styr p\u00e5 dyr","og_description":"\u00d8rkenrotte unger til salg i Aalborg, Nordjylland.","og_url":"https:\/\/styrpaadyr.dk\/en\/product\/oerkenrotte-hun\/","og_site_name":"Styr p\u00e5 dyr","article_publisher":"https:\/\/www.facebook.com\/styrpaadyr","article_modified_time":"2026-03-27T16:36:00+00:00","og_image":[{"width":1280,"height":1440,"url":"https:\/\/styrpaadyr.dk\/wp-content\/uploads\/2025\/11\/IMG_7978.jpeg","type":"image\/jpeg"}],"twitter_card":"summary_large_image","twitter_misc":{"Est. reading time":"1 minute"},"schema":{"@context":"https:\/\/schema.org","@graph":[{"@type":"WebPage","@id":"https:\/\/styrpaadyr.dk\/vare\/oerkenrotte-hun\/","url":"https:\/\/styrpaadyr.dk\/vare\/oerkenrotte-hun\/","name":"\u00d8rkenrotte - Hun - Styr p\u00e5 dyr","isPartOf":{"@id":"https:\/\/styrpaadyr.dk\/#website"},"primaryImageOfPage":{"@id":"https:\/\/styrpaadyr.dk\/vare\/oerkenrotte-hun\/#primaryimage"},"image":{"@id":"https:\/\/styrpaadyr.dk\/vare\/oerkenrotte-hun\/#primaryimage"},"thumbnailUrl":"https:\/\/styrpaadyr.dk\/wp-content\/uploads\/2025\/11\/IMG_7978.jpeg","datePublished":"2025-11-13T08:53:19+00:00","dateModified":"2026-03-27T16:36:00+00:00","description":"\u00d8rkenrotte unger til salg i Aalborg, Nordjylland.","breadcrumb":{"@id":"https:\/\/styrpaadyr.dk\/vare\/oerkenrotte-hun\/#breadcrumb"},"inLanguage":"en-US","potentialAction":[{"@type":"ReadAction","target":["https:\/\/styrpaadyr.dk\/vare\/oerkenrotte-hun\/"]}]},{"@type":"ImageObject","inLanguage":"en-US","@id":"https:\/\/styrpaadyr.dk\/vare\/oerkenrotte-hun\/#primaryimage","url":"https:\/\/styrpaadyr.dk\/wp-content\/uploads\/2025\/11\/IMG_7978.jpeg","contentUrl":"https:\/\/styrpaadyr.dk\/wp-content\/uploads\/2025\/11\/IMG_7978.jpeg","width":1280,"height":1440},{"@type":"BreadcrumbList","@id":"https:\/\/styrpaadyr.dk\/vare\/oerkenrotte-hun\/#breadcrumb","itemListElement":[{"@type":"ListItem","position":1,"name":"Hjem","item":"https:\/\/styrpaadyr.dk\/"},{"@type":"ListItem","position":2,"name":"Shop","item":"https:\/\/styrpaadyr.dk\/shop\/"},{"@type":"ListItem","position":3,"name":"\u00d8rkenrotte &#8211; Hun"}]},{"@type":"WebSite","@id":"https:\/\/styrpaadyr.dk\/#website","url":"https:\/\/styrpaadyr.dk\/","name":"Styr p\u00e5 dyr","description":"Din ekspert inden for dyr","publisher":{"@id":"https:\/\/styrpaadyr.dk\/#organization"},"potentialAction":[{"@type":"SearchAction","target":{"@type":"EntryPoint","urlTemplate":"https:\/\/styrpaadyr.dk\/?s={search_term_string}"},"query-input":{"@type":"PropertyValueSpecification","valueRequired":true,"valueName":"search_term_string"}}],"inLanguage":"en-US"},{"@type":"Organization","@id":"https:\/\/styrpaadyr.dk\/#organization","name":"Styr p\u00e5 dyr","url":"https:\/\/styrpaadyr.dk\/","logo":{"@type":"ImageObject","inLanguage":"en-US","@id":"https:\/\/styrpaadyr.dk\/#\/schema\/logo\/image\/","url":"https:\/\/styrpaadyr.dk\/wp-content\/uploads\/2022\/07\/logo_3_ub.png","contentUrl":"https:\/\/styrpaadyr.dk\/wp-content\/uploads\/2022\/07\/logo_3_ub.png","width":282,"height":91,"caption":"Styr p\u00e5 dyr"},"image":{"@id":"https:\/\/styrpaadyr.dk\/#\/schema\/logo\/image\/"},"sameAs":["https:\/\/www.facebook.com\/styrpaadyr"]}]}},"_links":{"self":[{"href":"https:\/\/styrpaadyr.dk\/en\/wp-json\/wp\/v2\/product\/16784","targetHints":{"allow":["GET"]}}],"collection":[{"href":"https:\/\/styrpaadyr.dk\/en\/wp-json\/wp\/v2\/product"}],"about":[{"href":"https:\/\/styrpaadyr.dk\/en\/wp-json\/wp\/v2\/types\/product"}],"replies":[{"embeddable":true,"href":"https:\/\/styrpaadyr.dk\/en\/wp-json\/wp\/v2\/comments?post=16784"}],"version-history":[{"count":4,"href":"https:\/\/styrpaadyr.dk\/en\/wp-json\/wp\/v2\/product\/16784\/revisions"}],"predecessor-version":[{"id":17306,"href":"https:\/\/styrpaadyr.dk\/en\/wp-json\/wp\/v2\/product\/16784\/revisions\/17306"}],"wp:featuredmedia":[{"embeddable":true,"href":"https:\/\/styrpaadyr.dk\/en\/wp-json\/wp\/v2\/media\/17165"}],"wp:attachment":[{"href":"https:\/\/styrpaadyr.dk\/en\/wp-json\/wp\/v2\/media?parent=16784"}],"wp:term":[{"taxonomy":"product_brand","embeddable":true,"href":"https:\/\/styrpaadyr.dk\/en\/wp-json\/wp\/v2\/product_brand?post=16784"},{"taxonomy":"product_cat","embeddable":true,"href":"https:\/\/styrpaadyr.dk\/en\/wp-json\/wp\/v2\/product_cat?post=16784"},{"taxonomy":"product_tag","embeddable":true,"href":"https:\/\/styrpaadyr.dk\/en\/wp-json\/wp\/v2\/product_tag?post=16784"}],"curies":[{"name":"wp","href":"https:\/\/api.w.org\/{rel}","templated":true}]}}