{"id":16725,"date":"2025-10-30T16:22:41","date_gmt":"2025-10-30T16:22:41","guid":{"rendered":"https:\/\/styrpaadyr.dk\/?post_type=product&#038;p=16725"},"modified":"2026-03-26T15:07:14","modified_gmt":"2026-03-26T15:07:14","slug":"paere-solsimulering","status":"publish","type":"product","link":"https:\/\/styrpaadyr.dk\/en\/product\/paere-solsimulering\/","title":{"rendered":"Solar Glo 80w"},"content":{"rendered":"<p>Exo Terra Solar Glo er en p\u00e6re special lavet til dagaktive krybdyr, da den giver de samme fordele som naturligt sollys, hvilket er ekstremt vigtigt for at holde krybdyr sunde. Professionelle opdr\u00e6ttere v\u00e6lger Exo Terra Solar Glo, fordi den giver den rette balance mellem ultraviolet lys (UVA og UVB), synligt lys og infrar\u00f8dt lys (varme) i en p\u00e6re. Exo Terra Solar Glo er en fuldspektret p\u00e6re som er med til sikre appetit, aktivitet, flotte farver og optimal calciumoptagelse.<\/p>","protected":false},"excerpt":{"rendered":"<p>Exo Terra Solar Glo er en p\u00e6re special lavet til dagaktive krybdyr, da den giver de samme fordele som naturligt sollys, hvilket er ekstremt vigtigt for at holde krybdyr sunde. Professionelle opdr\u00e6ttere v\u00e6lger Exo Terra Solar Glo, fordi den giver den rette balance mellem ultraviolet lys (UVA og UVB), synligt lys og infrar\u00f8dt lys (varme) [&hellip;]<\/p>\n","protected":false},"featured_media":17245,"comment_status":"open","ping_status":"closed","template":"","meta":[],"product_brand":[141],"product_cat":[134],"product_tag":[],"class_list":{"0":"post-16725","1":"product","2":"type-product","3":"status-publish","4":"has-post-thumbnail","6":"product_brand-exoterra","7":"product_cat-tilbehoer-til-krybdyr","9":"first","10":"instock","11":"shipping-taxable","12":"purchasable","13":"product-type-simple"},"yoast_head":"<!-- This site is optimized with the Yoast SEO plugin v27.3 - https:\/\/yoast.com\/product\/yoast-seo-wordpress\/ -->\n<title>Solar Glo 80w - Styr p\u00e5 dyr<\/title>\n<meta name=\"robots\" content=\"index, follow, max-snippet:-1, max-image-preview:large, max-video-preview:-1\" \/>\n<link rel=\"canonical\" href=\"https:\/\/styrpaadyr.dk\/en\/product\/paere-solsimulering\/\" \/>\n<meta property=\"og:locale\" content=\"en_US\" \/>\n<meta property=\"og:type\" content=\"article\" \/>\n<meta property=\"og:title\" content=\"Solar Glo 80w - Styr p\u00e5 dyr\" \/>\n<meta property=\"og:description\" content=\"Exo Terra Solar Glo er en p\u00e6re special lavet til dagaktive krybdyr, da den giver de samme fordele som naturligt sollys, hvilket er ekstremt vigtigt for at holde krybdyr sunde. Professionelle opdr\u00e6ttere v\u00e6lger Exo Terra Solar Glo, fordi den giver den rette balance mellem ultraviolet lys (UVA og UVB), synligt lys og infrar\u00f8dt lys (varme) [&hellip;]\" \/>\n<meta property=\"og:url\" content=\"https:\/\/styrpaadyr.dk\/en\/product\/paere-solsimulering\/\" \/>\n<meta property=\"og:site_name\" content=\"Styr p\u00e5 dyr\" \/>\n<meta property=\"article:publisher\" content=\"https:\/\/www.facebook.com\/styrpaadyr\" \/>\n<meta property=\"article:modified_time\" content=\"2026-03-26T15:07:14+00:00\" \/>\n<meta property=\"og:image\" content=\"https:\/\/styrpaadyr.dk\/wp-content\/uploads\/2025\/10\/solarglo80.webp\" \/>\n\t<meta property=\"og:image:width\" content=\"1000\" \/>\n\t<meta property=\"og:image:height\" content=\"1000\" \/>\n\t<meta property=\"og:image:type\" content=\"image\/webp\" \/>\n<meta name=\"twitter:card\" content=\"summary_large_image\" \/>\n<meta name=\"twitter:label1\" content=\"Est. reading time\" \/>\n\t<meta name=\"twitter:data1\" content=\"1 minute\" \/>\n<script type=\"application\/ld+json\" class=\"yoast-schema-graph\">{\"@context\":\"https:\\\/\\\/schema.org\",\"@graph\":[{\"@type\":\"WebPage\",\"@id\":\"https:\\\/\\\/styrpaadyr.dk\\\/vare\\\/paere-solsimulering\\\/\",\"url\":\"https:\\\/\\\/styrpaadyr.dk\\\/vare\\\/paere-solsimulering\\\/\",\"name\":\"Solar Glo 80w - Styr p\u00e5 dyr\",\"isPartOf\":{\"@id\":\"https:\\\/\\\/styrpaadyr.dk\\\/#website\"},\"primaryImageOfPage\":{\"@id\":\"https:\\\/\\\/styrpaadyr.dk\\\/vare\\\/paere-solsimulering\\\/#primaryimage\"},\"image\":{\"@id\":\"https:\\\/\\\/styrpaadyr.dk\\\/vare\\\/paere-solsimulering\\\/#primaryimage\"},\"thumbnailUrl\":\"https:\\\/\\\/styrpaadyr.dk\\\/wp-content\\\/uploads\\\/2025\\\/10\\\/solarglo80.webp\",\"datePublished\":\"2025-10-30T16:22:41+00:00\",\"dateModified\":\"2026-03-26T15:07:14+00:00\",\"breadcrumb\":{\"@id\":\"https:\\\/\\\/styrpaadyr.dk\\\/vare\\\/paere-solsimulering\\\/#breadcrumb\"},\"inLanguage\":\"en-US\",\"potentialAction\":[{\"@type\":\"ReadAction\",\"target\":[\"https:\\\/\\\/styrpaadyr.dk\\\/vare\\\/paere-solsimulering\\\/\"]}]},{\"@type\":\"ImageObject\",\"inLanguage\":\"en-US\",\"@id\":\"https:\\\/\\\/styrpaadyr.dk\\\/vare\\\/paere-solsimulering\\\/#primaryimage\",\"url\":\"https:\\\/\\\/styrpaadyr.dk\\\/wp-content\\\/uploads\\\/2025\\\/10\\\/solarglo80.webp\",\"contentUrl\":\"https:\\\/\\\/styrpaadyr.dk\\\/wp-content\\\/uploads\\\/2025\\\/10\\\/solarglo80.webp\",\"width\":1000,\"height\":1000},{\"@type\":\"BreadcrumbList\",\"@id\":\"https:\\\/\\\/styrpaadyr.dk\\\/vare\\\/paere-solsimulering\\\/#breadcrumb\",\"itemListElement\":[{\"@type\":\"ListItem\",\"position\":1,\"name\":\"Hjem\",\"item\":\"https:\\\/\\\/styrpaadyr.dk\\\/\"},{\"@type\":\"ListItem\",\"position\":2,\"name\":\"Shop\",\"item\":\"https:\\\/\\\/styrpaadyr.dk\\\/shop\\\/\"},{\"@type\":\"ListItem\",\"position\":3,\"name\":\"Solar Glo 80w\"}]},{\"@type\":\"WebSite\",\"@id\":\"https:\\\/\\\/styrpaadyr.dk\\\/#website\",\"url\":\"https:\\\/\\\/styrpaadyr.dk\\\/\",\"name\":\"Styr p\u00e5 dyr\",\"description\":\"Din ekspert inden for dyr\",\"publisher\":{\"@id\":\"https:\\\/\\\/styrpaadyr.dk\\\/#organization\"},\"potentialAction\":[{\"@type\":\"SearchAction\",\"target\":{\"@type\":\"EntryPoint\",\"urlTemplate\":\"https:\\\/\\\/styrpaadyr.dk\\\/?s={search_term_string}\"},\"query-input\":{\"@type\":\"PropertyValueSpecification\",\"valueRequired\":true,\"valueName\":\"search_term_string\"}}],\"inLanguage\":\"en-US\"},{\"@type\":\"Organization\",\"@id\":\"https:\\\/\\\/styrpaadyr.dk\\\/#organization\",\"name\":\"Styr p\u00e5 dyr\",\"url\":\"https:\\\/\\\/styrpaadyr.dk\\\/\",\"logo\":{\"@type\":\"ImageObject\",\"inLanguage\":\"en-US\",\"@id\":\"https:\\\/\\\/styrpaadyr.dk\\\/#\\\/schema\\\/logo\\\/image\\\/\",\"url\":\"https:\\\/\\\/styrpaadyr.dk\\\/wp-content\\\/uploads\\\/2022\\\/07\\\/logo_3_ub.png\",\"contentUrl\":\"https:\\\/\\\/styrpaadyr.dk\\\/wp-content\\\/uploads\\\/2022\\\/07\\\/logo_3_ub.png\",\"width\":282,\"height\":91,\"caption\":\"Styr p\u00e5 dyr\"},\"image\":{\"@id\":\"https:\\\/\\\/styrpaadyr.dk\\\/#\\\/schema\\\/logo\\\/image\\\/\"},\"sameAs\":[\"https:\\\/\\\/www.facebook.com\\\/styrpaadyr\"]}]}<\/script>\n<!-- \/ Yoast SEO plugin. -->","yoast_head_json":{"title":"Solar Glo 80w - Styr p\u00e5 dyr","robots":{"index":"index","follow":"follow","max-snippet":"max-snippet:-1","max-image-preview":"max-image-preview:large","max-video-preview":"max-video-preview:-1"},"canonical":"https:\/\/styrpaadyr.dk\/en\/product\/paere-solsimulering\/","og_locale":"en_US","og_type":"article","og_title":"Solar Glo 80w - Styr p\u00e5 dyr","og_description":"Exo Terra Solar Glo er en p\u00e6re special lavet til dagaktive krybdyr, da den giver de samme fordele som naturligt sollys, hvilket er ekstremt vigtigt for at holde krybdyr sunde. Professionelle opdr\u00e6ttere v\u00e6lger Exo Terra Solar Glo, fordi den giver den rette balance mellem ultraviolet lys (UVA og UVB), synligt lys og infrar\u00f8dt lys (varme) [&hellip;]","og_url":"https:\/\/styrpaadyr.dk\/en\/product\/paere-solsimulering\/","og_site_name":"Styr p\u00e5 dyr","article_publisher":"https:\/\/www.facebook.com\/styrpaadyr","article_modified_time":"2026-03-26T15:07:14+00:00","og_image":[{"width":1000,"height":1000,"url":"https:\/\/styrpaadyr.dk\/wp-content\/uploads\/2025\/10\/solarglo80.webp","type":"image\/webp"}],"twitter_card":"summary_large_image","twitter_misc":{"Est. reading time":"1 minute"},"schema":{"@context":"https:\/\/schema.org","@graph":[{"@type":"WebPage","@id":"https:\/\/styrpaadyr.dk\/vare\/paere-solsimulering\/","url":"https:\/\/styrpaadyr.dk\/vare\/paere-solsimulering\/","name":"Solar Glo 80w - Styr p\u00e5 dyr","isPartOf":{"@id":"https:\/\/styrpaadyr.dk\/#website"},"primaryImageOfPage":{"@id":"https:\/\/styrpaadyr.dk\/vare\/paere-solsimulering\/#primaryimage"},"image":{"@id":"https:\/\/styrpaadyr.dk\/vare\/paere-solsimulering\/#primaryimage"},"thumbnailUrl":"https:\/\/styrpaadyr.dk\/wp-content\/uploads\/2025\/10\/solarglo80.webp","datePublished":"2025-10-30T16:22:41+00:00","dateModified":"2026-03-26T15:07:14+00:00","breadcrumb":{"@id":"https:\/\/styrpaadyr.dk\/vare\/paere-solsimulering\/#breadcrumb"},"inLanguage":"en-US","potentialAction":[{"@type":"ReadAction","target":["https:\/\/styrpaadyr.dk\/vare\/paere-solsimulering\/"]}]},{"@type":"ImageObject","inLanguage":"en-US","@id":"https:\/\/styrpaadyr.dk\/vare\/paere-solsimulering\/#primaryimage","url":"https:\/\/styrpaadyr.dk\/wp-content\/uploads\/2025\/10\/solarglo80.webp","contentUrl":"https:\/\/styrpaadyr.dk\/wp-content\/uploads\/2025\/10\/solarglo80.webp","width":1000,"height":1000},{"@type":"BreadcrumbList","@id":"https:\/\/styrpaadyr.dk\/vare\/paere-solsimulering\/#breadcrumb","itemListElement":[{"@type":"ListItem","position":1,"name":"Hjem","item":"https:\/\/styrpaadyr.dk\/"},{"@type":"ListItem","position":2,"name":"Shop","item":"https:\/\/styrpaadyr.dk\/shop\/"},{"@type":"ListItem","position":3,"name":"Solar Glo 80w"}]},{"@type":"WebSite","@id":"https:\/\/styrpaadyr.dk\/#website","url":"https:\/\/styrpaadyr.dk\/","name":"Styr p\u00e5 dyr","description":"Din ekspert inden for dyr","publisher":{"@id":"https:\/\/styrpaadyr.dk\/#organization"},"potentialAction":[{"@type":"SearchAction","target":{"@type":"EntryPoint","urlTemplate":"https:\/\/styrpaadyr.dk\/?s={search_term_string}"},"query-input":{"@type":"PropertyValueSpecification","valueRequired":true,"valueName":"search_term_string"}}],"inLanguage":"en-US"},{"@type":"Organization","@id":"https:\/\/styrpaadyr.dk\/#organization","name":"Styr p\u00e5 dyr","url":"https:\/\/styrpaadyr.dk\/","logo":{"@type":"ImageObject","inLanguage":"en-US","@id":"https:\/\/styrpaadyr.dk\/#\/schema\/logo\/image\/","url":"https:\/\/styrpaadyr.dk\/wp-content\/uploads\/2022\/07\/logo_3_ub.png","contentUrl":"https:\/\/styrpaadyr.dk\/wp-content\/uploads\/2022\/07\/logo_3_ub.png","width":282,"height":91,"caption":"Styr p\u00e5 dyr"},"image":{"@id":"https:\/\/styrpaadyr.dk\/#\/schema\/logo\/image\/"},"sameAs":["https:\/\/www.facebook.com\/styrpaadyr"]}]}},"_links":{"self":[{"href":"https:\/\/styrpaadyr.dk\/en\/wp-json\/wp\/v2\/product\/16725","targetHints":{"allow":["GET"]}}],"collection":[{"href":"https:\/\/styrpaadyr.dk\/en\/wp-json\/wp\/v2\/product"}],"about":[{"href":"https:\/\/styrpaadyr.dk\/en\/wp-json\/wp\/v2\/types\/product"}],"replies":[{"embeddable":true,"href":"https:\/\/styrpaadyr.dk\/en\/wp-json\/wp\/v2\/comments?post=16725"}],"version-history":[{"count":5,"href":"https:\/\/styrpaadyr.dk\/en\/wp-json\/wp\/v2\/product\/16725\/revisions"}],"predecessor-version":[{"id":17246,"href":"https:\/\/styrpaadyr.dk\/en\/wp-json\/wp\/v2\/product\/16725\/revisions\/17246"}],"wp:featuredmedia":[{"embeddable":true,"href":"https:\/\/styrpaadyr.dk\/en\/wp-json\/wp\/v2\/media\/17245"}],"wp:attachment":[{"href":"https:\/\/styrpaadyr.dk\/en\/wp-json\/wp\/v2\/media?parent=16725"}],"wp:term":[{"taxonomy":"product_brand","embeddable":true,"href":"https:\/\/styrpaadyr.dk\/en\/wp-json\/wp\/v2\/product_brand?post=16725"},{"taxonomy":"product_cat","embeddable":true,"href":"https:\/\/styrpaadyr.dk\/en\/wp-json\/wp\/v2\/product_cat?post=16725"},{"taxonomy":"product_tag","embeddable":true,"href":"https:\/\/styrpaadyr.dk\/en\/wp-json\/wp\/v2\/product_tag?post=16725"}],"curies":[{"name":"wp","href":"https:\/\/api.w.org\/{rel}","templated":true}]}}