{"id":16700,"date":"2025-10-30T13:00:04","date_gmt":"2025-10-30T13:00:04","guid":{"rendered":"https:\/\/styrpaadyr.dk\/?post_type=product&#038;p=16700"},"modified":"2026-03-27T16:22:37","modified_gmt":"2026-03-27T16:22:37","slug":"startsaet-leopardgekko","status":"publish","type":"product","link":"https:\/\/styrpaadyr.dk\/en\/product\/startsaet-leopardgekko\/","title":{"rendered":"Starts\u00e6t Til Leopardgekko"},"content":{"rendered":"<h2>Hvad indeholder pakken?<\/h2>\n<p>Den indeholder alt det essentielle for at skabe det perfekte hjem til din leopardgekko:<\/p>\n<ul>\n<li>Terrarie<\/li>\n<li>Hule<\/li>\n<li>Gecko Cave<\/li>\n<li>Termometer<\/li>\n<li>10L jord<\/li>\n<li>5kg Ler<\/li>\n<li>Varmeplade<\/li>\n<li>Barkstykke<\/li>\n<li>Plastikplante<\/li>\n<li>Worm dish<\/li>\n<li>Vandsk\u00e5l<\/li>\n<li>Vitaminpulver<\/li>\n<\/ul>","protected":false},"excerpt":{"rendered":"<p>Hvad indeholder pakken? Den indeholder alt det essentielle for at skabe det perfekte hjem til din leopardgekko: Terrarie Hule Gecko Cave Termometer 10L jord 5kg Ler Varmeplade Barkstykke Plastikplante Worm dish Vandsk\u00e5l Vitaminpulver<\/p>","protected":false},"featured_media":0,"comment_status":"open","ping_status":"closed","template":"","meta":[],"product_brand":[],"product_cat":[134],"product_tag":[145,174,176],"class_list":{"0":"post-16700","1":"product","2":"type-product","3":"status-publish","5":"product_cat-tilbehoer-til-krybdyr","6":"product_tag-leopardgekko","7":"product_tag-startsaet","8":"product_tag-terrarie","10":"first","11":"instock","12":"shipping-taxable","13":"purchasable","14":"product-type-simple"},"yoast_head":"<!-- This site is optimized with the Yoast SEO plugin v27.3 - https:\/\/yoast.com\/product\/yoast-seo-wordpress\/ -->\n<title>Starts\u00e6t Til Leopardgekko - Styr p\u00e5 dyr<\/title>\n<meta name=\"description\" content=\"Profssionelt sammensat starts\u00e6t til Leopardgekko, der g\u00f8r det nemt at f\u00e5 overblik over hvad der skal til f\u00e5r man anskaffer sig en Leopardgekko.\" \/>\n<meta name=\"robots\" content=\"index, follow, max-snippet:-1, max-image-preview:large, max-video-preview:-1\" \/>\n<link rel=\"canonical\" href=\"https:\/\/styrpaadyr.dk\/en\/product\/startsaet-leopardgekko\/\" \/>\n<meta property=\"og:locale\" content=\"en_US\" \/>\n<meta property=\"og:type\" content=\"article\" \/>\n<meta property=\"og:title\" content=\"Starts\u00e6t Til Leopardgekko - Styr p\u00e5 dyr\" \/>\n<meta property=\"og:description\" content=\"Profssionelt sammensat starts\u00e6t til Leopardgekko, der g\u00f8r det nemt at f\u00e5 overblik over hvad der skal til f\u00e5r man anskaffer sig en Leopardgekko.\" \/>\n<meta property=\"og:url\" content=\"https:\/\/styrpaadyr.dk\/en\/product\/startsaet-leopardgekko\/\" \/>\n<meta property=\"og:site_name\" content=\"Styr p\u00e5 dyr\" \/>\n<meta property=\"article:publisher\" content=\"https:\/\/www.facebook.com\/styrpaadyr\" \/>\n<meta property=\"article:modified_time\" content=\"2026-03-27T16:22:37+00:00\" \/>\n<meta name=\"twitter:card\" content=\"summary_large_image\" \/>\n<meta name=\"twitter:label1\" content=\"Est. reading time\" \/>\n\t<meta name=\"twitter:data1\" content=\"1 minute\" \/>\n<script type=\"application\/ld+json\" class=\"yoast-schema-graph\">{\"@context\":\"https:\\\/\\\/schema.org\",\"@graph\":[{\"@type\":\"WebPage\",\"@id\":\"https:\\\/\\\/styrpaadyr.dk\\\/vare\\\/startsaet-leopardgekko\\\/\",\"url\":\"https:\\\/\\\/styrpaadyr.dk\\\/vare\\\/startsaet-leopardgekko\\\/\",\"name\":\"Starts\u00e6t Til Leopardgekko - Styr p\u00e5 dyr\",\"isPartOf\":{\"@id\":\"https:\\\/\\\/styrpaadyr.dk\\\/#website\"},\"datePublished\":\"2025-10-30T13:00:04+00:00\",\"dateModified\":\"2026-03-27T16:22:37+00:00\",\"description\":\"Profssionelt sammensat starts\u00e6t til Leopardgekko, der g\u00f8r det nemt at f\u00e5 overblik over hvad der skal til f\u00e5r man anskaffer sig en Leopardgekko.\",\"breadcrumb\":{\"@id\":\"https:\\\/\\\/styrpaadyr.dk\\\/vare\\\/startsaet-leopardgekko\\\/#breadcrumb\"},\"inLanguage\":\"en-US\",\"potentialAction\":[{\"@type\":\"ReadAction\",\"target\":[\"https:\\\/\\\/styrpaadyr.dk\\\/vare\\\/startsaet-leopardgekko\\\/\"]}]},{\"@type\":\"BreadcrumbList\",\"@id\":\"https:\\\/\\\/styrpaadyr.dk\\\/vare\\\/startsaet-leopardgekko\\\/#breadcrumb\",\"itemListElement\":[{\"@type\":\"ListItem\",\"position\":1,\"name\":\"Hjem\",\"item\":\"https:\\\/\\\/styrpaadyr.dk\\\/\"},{\"@type\":\"ListItem\",\"position\":2,\"name\":\"Shop\",\"item\":\"https:\\\/\\\/styrpaadyr.dk\\\/shop\\\/\"},{\"@type\":\"ListItem\",\"position\":3,\"name\":\"Starts\u00e6t Til Leopardgekko\"}]},{\"@type\":\"WebSite\",\"@id\":\"https:\\\/\\\/styrpaadyr.dk\\\/#website\",\"url\":\"https:\\\/\\\/styrpaadyr.dk\\\/\",\"name\":\"Styr p\u00e5 dyr\",\"description\":\"Din ekspert inden for dyr\",\"publisher\":{\"@id\":\"https:\\\/\\\/styrpaadyr.dk\\\/#organization\"},\"potentialAction\":[{\"@type\":\"SearchAction\",\"target\":{\"@type\":\"EntryPoint\",\"urlTemplate\":\"https:\\\/\\\/styrpaadyr.dk\\\/?s={search_term_string}\"},\"query-input\":{\"@type\":\"PropertyValueSpecification\",\"valueRequired\":true,\"valueName\":\"search_term_string\"}}],\"inLanguage\":\"en-US\"},{\"@type\":\"Organization\",\"@id\":\"https:\\\/\\\/styrpaadyr.dk\\\/#organization\",\"name\":\"Styr p\u00e5 dyr\",\"url\":\"https:\\\/\\\/styrpaadyr.dk\\\/\",\"logo\":{\"@type\":\"ImageObject\",\"inLanguage\":\"en-US\",\"@id\":\"https:\\\/\\\/styrpaadyr.dk\\\/#\\\/schema\\\/logo\\\/image\\\/\",\"url\":\"https:\\\/\\\/styrpaadyr.dk\\\/wp-content\\\/uploads\\\/2022\\\/07\\\/logo_3_ub.png\",\"contentUrl\":\"https:\\\/\\\/styrpaadyr.dk\\\/wp-content\\\/uploads\\\/2022\\\/07\\\/logo_3_ub.png\",\"width\":282,\"height\":91,\"caption\":\"Styr p\u00e5 dyr\"},\"image\":{\"@id\":\"https:\\\/\\\/styrpaadyr.dk\\\/#\\\/schema\\\/logo\\\/image\\\/\"},\"sameAs\":[\"https:\\\/\\\/www.facebook.com\\\/styrpaadyr\"]}]}<\/script>\n<!-- \/ Yoast SEO plugin. -->","yoast_head_json":{"title":"Starts\u00e6t Til Leopardgekko - Styr p\u00e5 dyr","description":"Profssionelt sammensat starts\u00e6t til Leopardgekko, der g\u00f8r det nemt at f\u00e5 overblik over hvad der skal til f\u00e5r man anskaffer sig en Leopardgekko.","robots":{"index":"index","follow":"follow","max-snippet":"max-snippet:-1","max-image-preview":"max-image-preview:large","max-video-preview":"max-video-preview:-1"},"canonical":"https:\/\/styrpaadyr.dk\/en\/product\/startsaet-leopardgekko\/","og_locale":"en_US","og_type":"article","og_title":"Starts\u00e6t Til Leopardgekko - Styr p\u00e5 dyr","og_description":"Profssionelt sammensat starts\u00e6t til Leopardgekko, der g\u00f8r det nemt at f\u00e5 overblik over hvad der skal til f\u00e5r man anskaffer sig en Leopardgekko.","og_url":"https:\/\/styrpaadyr.dk\/en\/product\/startsaet-leopardgekko\/","og_site_name":"Styr p\u00e5 dyr","article_publisher":"https:\/\/www.facebook.com\/styrpaadyr","article_modified_time":"2026-03-27T16:22:37+00:00","twitter_card":"summary_large_image","twitter_misc":{"Est. reading time":"1 minute"},"schema":{"@context":"https:\/\/schema.org","@graph":[{"@type":"WebPage","@id":"https:\/\/styrpaadyr.dk\/vare\/startsaet-leopardgekko\/","url":"https:\/\/styrpaadyr.dk\/vare\/startsaet-leopardgekko\/","name":"Starts\u00e6t Til Leopardgekko - Styr p\u00e5 dyr","isPartOf":{"@id":"https:\/\/styrpaadyr.dk\/#website"},"datePublished":"2025-10-30T13:00:04+00:00","dateModified":"2026-03-27T16:22:37+00:00","description":"Profssionelt sammensat starts\u00e6t til Leopardgekko, der g\u00f8r det nemt at f\u00e5 overblik over hvad der skal til f\u00e5r man anskaffer sig en Leopardgekko.","breadcrumb":{"@id":"https:\/\/styrpaadyr.dk\/vare\/startsaet-leopardgekko\/#breadcrumb"},"inLanguage":"en-US","potentialAction":[{"@type":"ReadAction","target":["https:\/\/styrpaadyr.dk\/vare\/startsaet-leopardgekko\/"]}]},{"@type":"BreadcrumbList","@id":"https:\/\/styrpaadyr.dk\/vare\/startsaet-leopardgekko\/#breadcrumb","itemListElement":[{"@type":"ListItem","position":1,"name":"Hjem","item":"https:\/\/styrpaadyr.dk\/"},{"@type":"ListItem","position":2,"name":"Shop","item":"https:\/\/styrpaadyr.dk\/shop\/"},{"@type":"ListItem","position":3,"name":"Starts\u00e6t Til Leopardgekko"}]},{"@type":"WebSite","@id":"https:\/\/styrpaadyr.dk\/#website","url":"https:\/\/styrpaadyr.dk\/","name":"Styr p\u00e5 dyr","description":"Din ekspert inden for dyr","publisher":{"@id":"https:\/\/styrpaadyr.dk\/#organization"},"potentialAction":[{"@type":"SearchAction","target":{"@type":"EntryPoint","urlTemplate":"https:\/\/styrpaadyr.dk\/?s={search_term_string}"},"query-input":{"@type":"PropertyValueSpecification","valueRequired":true,"valueName":"search_term_string"}}],"inLanguage":"en-US"},{"@type":"Organization","@id":"https:\/\/styrpaadyr.dk\/#organization","name":"Styr p\u00e5 dyr","url":"https:\/\/styrpaadyr.dk\/","logo":{"@type":"ImageObject","inLanguage":"en-US","@id":"https:\/\/styrpaadyr.dk\/#\/schema\/logo\/image\/","url":"https:\/\/styrpaadyr.dk\/wp-content\/uploads\/2022\/07\/logo_3_ub.png","contentUrl":"https:\/\/styrpaadyr.dk\/wp-content\/uploads\/2022\/07\/logo_3_ub.png","width":282,"height":91,"caption":"Styr p\u00e5 dyr"},"image":{"@id":"https:\/\/styrpaadyr.dk\/#\/schema\/logo\/image\/"},"sameAs":["https:\/\/www.facebook.com\/styrpaadyr"]}]}},"_links":{"self":[{"href":"https:\/\/styrpaadyr.dk\/en\/wp-json\/wp\/v2\/product\/16700","targetHints":{"allow":["GET"]}}],"collection":[{"href":"https:\/\/styrpaadyr.dk\/en\/wp-json\/wp\/v2\/product"}],"about":[{"href":"https:\/\/styrpaadyr.dk\/en\/wp-json\/wp\/v2\/types\/product"}],"replies":[{"embeddable":true,"href":"https:\/\/styrpaadyr.dk\/en\/wp-json\/wp\/v2\/comments?post=16700"}],"version-history":[{"count":3,"href":"https:\/\/styrpaadyr.dk\/en\/wp-json\/wp\/v2\/product\/16700\/revisions"}],"predecessor-version":[{"id":17300,"href":"https:\/\/styrpaadyr.dk\/en\/wp-json\/wp\/v2\/product\/16700\/revisions\/17300"}],"wp:attachment":[{"href":"https:\/\/styrpaadyr.dk\/en\/wp-json\/wp\/v2\/media?parent=16700"}],"wp:term":[{"taxonomy":"product_brand","embeddable":true,"href":"https:\/\/styrpaadyr.dk\/en\/wp-json\/wp\/v2\/product_brand?post=16700"},{"taxonomy":"product_cat","embeddable":true,"href":"https:\/\/styrpaadyr.dk\/en\/wp-json\/wp\/v2\/product_cat?post=16700"},{"taxonomy":"product_tag","embeddable":true,"href":"https:\/\/styrpaadyr.dk\/en\/wp-json\/wp\/v2\/product_tag?post=16700"}],"curies":[{"name":"wp","href":"https:\/\/api.w.org\/{rel}","templated":true}]}}