{"id":16673,"date":"2025-10-30T10:56:33","date_gmt":"2025-10-30T10:56:33","guid":{"rendered":"https:\/\/styrpaadyr.dk\/?post_type=product&#038;p=16673"},"modified":"2026-03-27T14:28:46","modified_gmt":"2026-03-27T14:28:46","slug":"roed-skaegagame","status":"publish","type":"product","link":"https:\/\/styrpaadyr.dk\/en\/product\/roed-skaegagame\/","title":{"rendered":"R\u00f8d Sk\u00e6gagam"},"content":{"rendered":"<p>Latin navn: <em class=\"eujQNb\" data-sfc-root=\"c\" data-sfc-cb=\"\" data-processed=\"true\">Pogona vitticeps<\/em><\/p>\n<p>Levende dyr skal hentes i butikken.<\/p>","protected":false},"excerpt":{"rendered":"<p>Dr\u00f8mmer du om at byde et unikt og fascinerende k\u00e6ledyr velkommen i dit hjem? Den r\u00f8de sk\u00e6gagame ogs\u00e5 kendt under sit latinske navn *Pogona vitticeps*, er et popul\u00e6rt valg blandt reptilejere. Denne charmerende \u00f8gle er kendt for sit rolige temperament, relativt nemme pasning og smukke farvevariationer, der kan variere fra lyse orange nuancer til dybe, r\u00f8dbrune toner. Denne beskrivelse giver dig et indblik i, hvad det indeb\u00e6rer at holde en r\u00f8d sk\u00e6gagame.<\/p>\n<p>Med den rette pasning kan en r\u00f8d sk\u00e6gagame leve i 10-15 \u00e5r og blive en trofast og fascinerende f\u00f8lgesvend.<\/p>","protected":false},"featured_media":16674,"comment_status":"open","ping_status":"closed","template":"","meta":[],"product_brand":[],"product_cat":[131],"product_tag":[],"class_list":{"0":"post-16673","1":"product","2":"type-product","3":"status-publish","4":"has-post-thumbnail","6":"product_cat-krybdyr","8":"first","9":"instock","10":"shipping-taxable","11":"purchasable","12":"product-type-simple"},"yoast_head":"<!-- This site is optimized with the Yoast SEO plugin v27.3 - https:\/\/yoast.com\/product\/yoast-seo-wordpress\/ -->\n<title>R\u00f8d Sk\u00e6gagam - Styr p\u00e5 dyr<\/title>\n<meta name=\"description\" content=\"Slag af r\u00f8de sk\u00e6gagam (Pogona vitticeps) i Aalborg, Nordjylland.\" \/>\n<meta name=\"robots\" content=\"index, follow, max-snippet:-1, max-image-preview:large, max-video-preview:-1\" \/>\n<link rel=\"canonical\" href=\"https:\/\/styrpaadyr.dk\/en\/product\/roed-skaegagame\/\" \/>\n<meta property=\"og:locale\" content=\"en_US\" \/>\n<meta property=\"og:type\" content=\"article\" \/>\n<meta property=\"og:title\" content=\"R\u00f8d Sk\u00e6gagam - Styr p\u00e5 dyr\" \/>\n<meta property=\"og:description\" content=\"Slag af r\u00f8de sk\u00e6gagam (Pogona vitticeps) i Aalborg, Nordjylland.\" \/>\n<meta property=\"og:url\" content=\"https:\/\/styrpaadyr.dk\/en\/product\/roed-skaegagame\/\" \/>\n<meta property=\"og:site_name\" content=\"Styr p\u00e5 dyr\" \/>\n<meta property=\"article:publisher\" content=\"https:\/\/www.facebook.com\/styrpaadyr\" \/>\n<meta property=\"article:modified_time\" content=\"2026-03-27T14:28:46+00:00\" \/>\n<meta property=\"og:image\" content=\"https:\/\/styrpaadyr.dk\/wp-content\/uploads\/2025\/10\/Design-uden-navn-34.png\" \/>\n\t<meta property=\"og:image:width\" content=\"400\" \/>\n\t<meta property=\"og:image:height\" content=\"400\" \/>\n\t<meta property=\"og:image:type\" content=\"image\/png\" \/>\n<meta name=\"twitter:card\" content=\"summary_large_image\" \/>\n<meta name=\"twitter:label1\" content=\"Est. reading time\" \/>\n\t<meta name=\"twitter:data1\" content=\"1 minute\" \/>\n<script type=\"application\/ld+json\" class=\"yoast-schema-graph\">{\"@context\":\"https:\\\/\\\/schema.org\",\"@graph\":[{\"@type\":\"WebPage\",\"@id\":\"https:\\\/\\\/styrpaadyr.dk\\\/vare\\\/roed-skaegagame\\\/\",\"url\":\"https:\\\/\\\/styrpaadyr.dk\\\/vare\\\/roed-skaegagame\\\/\",\"name\":\"R\u00f8d Sk\u00e6gagam - Styr p\u00e5 dyr\",\"isPartOf\":{\"@id\":\"https:\\\/\\\/styrpaadyr.dk\\\/#website\"},\"primaryImageOfPage\":{\"@id\":\"https:\\\/\\\/styrpaadyr.dk\\\/vare\\\/roed-skaegagame\\\/#primaryimage\"},\"image\":{\"@id\":\"https:\\\/\\\/styrpaadyr.dk\\\/vare\\\/roed-skaegagame\\\/#primaryimage\"},\"thumbnailUrl\":\"https:\\\/\\\/styrpaadyr.dk\\\/wp-content\\\/uploads\\\/2025\\\/10\\\/Design-uden-navn-34.png\",\"datePublished\":\"2025-10-30T10:56:33+00:00\",\"dateModified\":\"2026-03-27T14:28:46+00:00\",\"description\":\"Slag af r\u00f8de sk\u00e6gagam (Pogona vitticeps) i Aalborg, Nordjylland.\",\"breadcrumb\":{\"@id\":\"https:\\\/\\\/styrpaadyr.dk\\\/vare\\\/roed-skaegagame\\\/#breadcrumb\"},\"inLanguage\":\"en-US\",\"potentialAction\":[{\"@type\":\"ReadAction\",\"target\":[\"https:\\\/\\\/styrpaadyr.dk\\\/vare\\\/roed-skaegagame\\\/\"]}]},{\"@type\":\"ImageObject\",\"inLanguage\":\"en-US\",\"@id\":\"https:\\\/\\\/styrpaadyr.dk\\\/vare\\\/roed-skaegagame\\\/#primaryimage\",\"url\":\"https:\\\/\\\/styrpaadyr.dk\\\/wp-content\\\/uploads\\\/2025\\\/10\\\/Design-uden-navn-34.png\",\"contentUrl\":\"https:\\\/\\\/styrpaadyr.dk\\\/wp-content\\\/uploads\\\/2025\\\/10\\\/Design-uden-navn-34.png\",\"width\":400,\"height\":400},{\"@type\":\"BreadcrumbList\",\"@id\":\"https:\\\/\\\/styrpaadyr.dk\\\/vare\\\/roed-skaegagame\\\/#breadcrumb\",\"itemListElement\":[{\"@type\":\"ListItem\",\"position\":1,\"name\":\"Hjem\",\"item\":\"https:\\\/\\\/styrpaadyr.dk\\\/\"},{\"@type\":\"ListItem\",\"position\":2,\"name\":\"Shop\",\"item\":\"https:\\\/\\\/styrpaadyr.dk\\\/shop\\\/\"},{\"@type\":\"ListItem\",\"position\":3,\"name\":\"R\u00f8d Sk\u00e6gagam\"}]},{\"@type\":\"WebSite\",\"@id\":\"https:\\\/\\\/styrpaadyr.dk\\\/#website\",\"url\":\"https:\\\/\\\/styrpaadyr.dk\\\/\",\"name\":\"Styr p\u00e5 dyr\",\"description\":\"Din ekspert inden for dyr\",\"publisher\":{\"@id\":\"https:\\\/\\\/styrpaadyr.dk\\\/#organization\"},\"potentialAction\":[{\"@type\":\"SearchAction\",\"target\":{\"@type\":\"EntryPoint\",\"urlTemplate\":\"https:\\\/\\\/styrpaadyr.dk\\\/?s={search_term_string}\"},\"query-input\":{\"@type\":\"PropertyValueSpecification\",\"valueRequired\":true,\"valueName\":\"search_term_string\"}}],\"inLanguage\":\"en-US\"},{\"@type\":\"Organization\",\"@id\":\"https:\\\/\\\/styrpaadyr.dk\\\/#organization\",\"name\":\"Styr p\u00e5 dyr\",\"url\":\"https:\\\/\\\/styrpaadyr.dk\\\/\",\"logo\":{\"@type\":\"ImageObject\",\"inLanguage\":\"en-US\",\"@id\":\"https:\\\/\\\/styrpaadyr.dk\\\/#\\\/schema\\\/logo\\\/image\\\/\",\"url\":\"https:\\\/\\\/styrpaadyr.dk\\\/wp-content\\\/uploads\\\/2022\\\/07\\\/logo_3_ub.png\",\"contentUrl\":\"https:\\\/\\\/styrpaadyr.dk\\\/wp-content\\\/uploads\\\/2022\\\/07\\\/logo_3_ub.png\",\"width\":282,\"height\":91,\"caption\":\"Styr p\u00e5 dyr\"},\"image\":{\"@id\":\"https:\\\/\\\/styrpaadyr.dk\\\/#\\\/schema\\\/logo\\\/image\\\/\"},\"sameAs\":[\"https:\\\/\\\/www.facebook.com\\\/styrpaadyr\"]}]}<\/script>\n<!-- \/ Yoast SEO plugin. -->","yoast_head_json":{"title":"R\u00f8d Sk\u00e6gagam - Styr p\u00e5 dyr","description":"Slag af r\u00f8de sk\u00e6gagam (Pogona vitticeps) i Aalborg, Nordjylland.","robots":{"index":"index","follow":"follow","max-snippet":"max-snippet:-1","max-image-preview":"max-image-preview:large","max-video-preview":"max-video-preview:-1"},"canonical":"https:\/\/styrpaadyr.dk\/en\/product\/roed-skaegagame\/","og_locale":"en_US","og_type":"article","og_title":"R\u00f8d Sk\u00e6gagam - Styr p\u00e5 dyr","og_description":"Slag af r\u00f8de sk\u00e6gagam (Pogona vitticeps) i Aalborg, Nordjylland.","og_url":"https:\/\/styrpaadyr.dk\/en\/product\/roed-skaegagame\/","og_site_name":"Styr p\u00e5 dyr","article_publisher":"https:\/\/www.facebook.com\/styrpaadyr","article_modified_time":"2026-03-27T14:28:46+00:00","og_image":[{"width":400,"height":400,"url":"https:\/\/styrpaadyr.dk\/wp-content\/uploads\/2025\/10\/Design-uden-navn-34.png","type":"image\/png"}],"twitter_card":"summary_large_image","twitter_misc":{"Est. reading time":"1 minute"},"schema":{"@context":"https:\/\/schema.org","@graph":[{"@type":"WebPage","@id":"https:\/\/styrpaadyr.dk\/vare\/roed-skaegagame\/","url":"https:\/\/styrpaadyr.dk\/vare\/roed-skaegagame\/","name":"R\u00f8d Sk\u00e6gagam - Styr p\u00e5 dyr","isPartOf":{"@id":"https:\/\/styrpaadyr.dk\/#website"},"primaryImageOfPage":{"@id":"https:\/\/styrpaadyr.dk\/vare\/roed-skaegagame\/#primaryimage"},"image":{"@id":"https:\/\/styrpaadyr.dk\/vare\/roed-skaegagame\/#primaryimage"},"thumbnailUrl":"https:\/\/styrpaadyr.dk\/wp-content\/uploads\/2025\/10\/Design-uden-navn-34.png","datePublished":"2025-10-30T10:56:33+00:00","dateModified":"2026-03-27T14:28:46+00:00","description":"Slag af r\u00f8de sk\u00e6gagam (Pogona vitticeps) i Aalborg, Nordjylland.","breadcrumb":{"@id":"https:\/\/styrpaadyr.dk\/vare\/roed-skaegagame\/#breadcrumb"},"inLanguage":"en-US","potentialAction":[{"@type":"ReadAction","target":["https:\/\/styrpaadyr.dk\/vare\/roed-skaegagame\/"]}]},{"@type":"ImageObject","inLanguage":"en-US","@id":"https:\/\/styrpaadyr.dk\/vare\/roed-skaegagame\/#primaryimage","url":"https:\/\/styrpaadyr.dk\/wp-content\/uploads\/2025\/10\/Design-uden-navn-34.png","contentUrl":"https:\/\/styrpaadyr.dk\/wp-content\/uploads\/2025\/10\/Design-uden-navn-34.png","width":400,"height":400},{"@type":"BreadcrumbList","@id":"https:\/\/styrpaadyr.dk\/vare\/roed-skaegagame\/#breadcrumb","itemListElement":[{"@type":"ListItem","position":1,"name":"Hjem","item":"https:\/\/styrpaadyr.dk\/"},{"@type":"ListItem","position":2,"name":"Shop","item":"https:\/\/styrpaadyr.dk\/shop\/"},{"@type":"ListItem","position":3,"name":"R\u00f8d Sk\u00e6gagam"}]},{"@type":"WebSite","@id":"https:\/\/styrpaadyr.dk\/#website","url":"https:\/\/styrpaadyr.dk\/","name":"Styr p\u00e5 dyr","description":"Din ekspert inden for dyr","publisher":{"@id":"https:\/\/styrpaadyr.dk\/#organization"},"potentialAction":[{"@type":"SearchAction","target":{"@type":"EntryPoint","urlTemplate":"https:\/\/styrpaadyr.dk\/?s={search_term_string}"},"query-input":{"@type":"PropertyValueSpecification","valueRequired":true,"valueName":"search_term_string"}}],"inLanguage":"en-US"},{"@type":"Organization","@id":"https:\/\/styrpaadyr.dk\/#organization","name":"Styr p\u00e5 dyr","url":"https:\/\/styrpaadyr.dk\/","logo":{"@type":"ImageObject","inLanguage":"en-US","@id":"https:\/\/styrpaadyr.dk\/#\/schema\/logo\/image\/","url":"https:\/\/styrpaadyr.dk\/wp-content\/uploads\/2022\/07\/logo_3_ub.png","contentUrl":"https:\/\/styrpaadyr.dk\/wp-content\/uploads\/2022\/07\/logo_3_ub.png","width":282,"height":91,"caption":"Styr p\u00e5 dyr"},"image":{"@id":"https:\/\/styrpaadyr.dk\/#\/schema\/logo\/image\/"},"sameAs":["https:\/\/www.facebook.com\/styrpaadyr"]}]}},"_links":{"self":[{"href":"https:\/\/styrpaadyr.dk\/en\/wp-json\/wp\/v2\/product\/16673","targetHints":{"allow":["GET"]}}],"collection":[{"href":"https:\/\/styrpaadyr.dk\/en\/wp-json\/wp\/v2\/product"}],"about":[{"href":"https:\/\/styrpaadyr.dk\/en\/wp-json\/wp\/v2\/types\/product"}],"replies":[{"embeddable":true,"href":"https:\/\/styrpaadyr.dk\/en\/wp-json\/wp\/v2\/comments?post=16673"}],"version-history":[{"count":5,"href":"https:\/\/styrpaadyr.dk\/en\/wp-json\/wp\/v2\/product\/16673\/revisions"}],"predecessor-version":[{"id":17274,"href":"https:\/\/styrpaadyr.dk\/en\/wp-json\/wp\/v2\/product\/16673\/revisions\/17274"}],"wp:featuredmedia":[{"embeddable":true,"href":"https:\/\/styrpaadyr.dk\/en\/wp-json\/wp\/v2\/media\/16674"}],"wp:attachment":[{"href":"https:\/\/styrpaadyr.dk\/en\/wp-json\/wp\/v2\/media?parent=16673"}],"wp:term":[{"taxonomy":"product_brand","embeddable":true,"href":"https:\/\/styrpaadyr.dk\/en\/wp-json\/wp\/v2\/product_brand?post=16673"},{"taxonomy":"product_cat","embeddable":true,"href":"https:\/\/styrpaadyr.dk\/en\/wp-json\/wp\/v2\/product_cat?post=16673"},{"taxonomy":"product_tag","embeddable":true,"href":"https:\/\/styrpaadyr.dk\/en\/wp-json\/wp\/v2\/product_tag?post=16673"}],"curies":[{"name":"wp","href":"https:\/\/api.w.org\/{rel}","templated":true}]}}