{"id":16385,"date":"2025-10-11T11:32:35","date_gmt":"2025-10-11T11:32:35","guid":{"rendered":"https:\/\/styrpaadyr.dk\/?post_type=product&#038;p=16385"},"modified":"2026-03-27T14:23:42","modified_gmt":"2026-03-27T14:23:42","slug":"guppy-mix-hunner","status":"publish","type":"product","link":"https:\/\/styrpaadyr.dk\/en\/product\/guppy-mix-hunner\/","title":{"rendered":"Guppy mix from Hungary"},"content":{"rendered":"<p>Latin navn: <em class=\"eujQNb\" data-sfc-root=\"c\" data-sfc-cb=\"\" data-processed=\"true\">Poecilia reticulata<\/em><\/p>\n<p>Levende dyr skal hentes i butikken.<\/p>","protected":false},"excerpt":{"rendered":"<h2>Mix Muligheder Tilpasses Dine \u00d8nsker<\/h2>\n<p>Du kan v\u00e6lge blandt et bredt udvalg af guppyer, hvilket sikrer, at du kan sammens\u00e6tte en gruppe fisk, der matcher dine pr\u00e6ferencer. Dette g\u00f8r det muligt at skabe et akvarium, der b\u00e5de afspejler dine \u00e6stetiske \u00f8nsker og sikrer de ideelle forhold for dine fisk. Udforsk vores forskellige farvevarianter og kombiner dem for at skabe det helt perfekte akvariemilj\u00f8.<\/p>","protected":false},"featured_media":16386,"comment_status":"open","ping_status":"closed","template":"","meta":[],"product_brand":[],"product_cat":[114,110,112],"product_tag":[152,116,153,117],"class_list":{"0":"post-16385","1":"product","2":"type-product","3":"status-publish","4":"has-post-thumbnail","6":"product_cat-akvariefisk","7":"product_cat-fisk","8":"product_cat-guppyer","9":"product_tag-fisk","10":"product_tag-guppy","11":"product_tag-prydfisk","12":"product_tag-selskabsfisk","14":"first","15":"instock","16":"shipping-taxable","17":"purchasable","18":"product-type-simple"},"yoast_head":"<!-- This site is optimized with the Yoast SEO plugin v27.3 - https:\/\/yoast.com\/product\/yoast-seo-wordpress\/ -->\n<title>Guppy mix hunner - Styr p\u00e5 dyr<\/title>\n<meta name=\"description\" content=\"Flotte selvskabsfisk som passer i de fleste akvarier, Guppy til salg i Aalborg, Nordjylland.\" \/>\n<meta name=\"robots\" content=\"index, follow, max-snippet:-1, max-image-preview:large, max-video-preview:-1\" \/>\n<link rel=\"canonical\" href=\"https:\/\/styrpaadyr.dk\/en\/product\/guppy-mix-hunner\/\" \/>\n<meta property=\"og:locale\" content=\"en_US\" \/>\n<meta property=\"og:type\" content=\"article\" \/>\n<meta property=\"og:title\" content=\"Guppy mix hunner - Styr p\u00e5 dyr\" \/>\n<meta property=\"og:description\" content=\"Flotte selvskabsfisk som passer i de fleste akvarier, Guppy til salg i Aalborg, Nordjylland.\" \/>\n<meta property=\"og:url\" content=\"https:\/\/styrpaadyr.dk\/en\/product\/guppy-mix-hunner\/\" \/>\n<meta property=\"og:site_name\" content=\"Styr p\u00e5 dyr\" \/>\n<meta property=\"article:publisher\" content=\"https:\/\/www.facebook.com\/styrpaadyr\" \/>\n<meta property=\"article:modified_time\" content=\"2026-03-27T14:23:42+00:00\" \/>\n<meta property=\"og:image\" content=\"https:\/\/styrpaadyr.dk\/wp-content\/uploads\/2025\/10\/guppy-mix-hun_623-e1760182411446.jpg\" \/>\n\t<meta property=\"og:image:width\" content=\"270\" \/>\n\t<meta property=\"og:image:height\" content=\"180\" \/>\n\t<meta property=\"og:image:type\" content=\"image\/jpeg\" \/>\n<meta name=\"twitter:card\" content=\"summary_large_image\" \/>\n<meta name=\"twitter:label1\" content=\"Est. reading time\" \/>\n\t<meta name=\"twitter:data1\" content=\"1 minute\" \/>\n<script type=\"application\/ld+json\" class=\"yoast-schema-graph\">{\"@context\":\"https:\\\/\\\/schema.org\",\"@graph\":[{\"@type\":\"WebPage\",\"@id\":\"https:\\\/\\\/styrpaadyr.dk\\\/vare\\\/guppy-mix-hunner\\\/\",\"url\":\"https:\\\/\\\/styrpaadyr.dk\\\/vare\\\/guppy-mix-hunner\\\/\",\"name\":\"Guppy mix hunner - Styr p\u00e5 dyr\",\"isPartOf\":{\"@id\":\"https:\\\/\\\/styrpaadyr.dk\\\/#website\"},\"primaryImageOfPage\":{\"@id\":\"https:\\\/\\\/styrpaadyr.dk\\\/vare\\\/guppy-mix-hunner\\\/#primaryimage\"},\"image\":{\"@id\":\"https:\\\/\\\/styrpaadyr.dk\\\/vare\\\/guppy-mix-hunner\\\/#primaryimage\"},\"thumbnailUrl\":\"https:\\\/\\\/styrpaadyr.dk\\\/wp-content\\\/uploads\\\/2025\\\/10\\\/guppy-mix-hun_623-e1760182411446.jpg\",\"datePublished\":\"2025-10-11T11:32:35+00:00\",\"dateModified\":\"2026-03-27T14:23:42+00:00\",\"description\":\"Flotte selvskabsfisk som passer i de fleste akvarier, Guppy til salg i Aalborg, Nordjylland.\",\"breadcrumb\":{\"@id\":\"https:\\\/\\\/styrpaadyr.dk\\\/vare\\\/guppy-mix-hunner\\\/#breadcrumb\"},\"inLanguage\":\"en-US\",\"potentialAction\":[{\"@type\":\"ReadAction\",\"target\":[\"https:\\\/\\\/styrpaadyr.dk\\\/vare\\\/guppy-mix-hunner\\\/\"]}]},{\"@type\":\"ImageObject\",\"inLanguage\":\"en-US\",\"@id\":\"https:\\\/\\\/styrpaadyr.dk\\\/vare\\\/guppy-mix-hunner\\\/#primaryimage\",\"url\":\"https:\\\/\\\/styrpaadyr.dk\\\/wp-content\\\/uploads\\\/2025\\\/10\\\/guppy-mix-hun_623-e1760182411446.jpg\",\"contentUrl\":\"https:\\\/\\\/styrpaadyr.dk\\\/wp-content\\\/uploads\\\/2025\\\/10\\\/guppy-mix-hun_623-e1760182411446.jpg\",\"width\":270,\"height\":180},{\"@type\":\"BreadcrumbList\",\"@id\":\"https:\\\/\\\/styrpaadyr.dk\\\/vare\\\/guppy-mix-hunner\\\/#breadcrumb\",\"itemListElement\":[{\"@type\":\"ListItem\",\"position\":1,\"name\":\"Hjem\",\"item\":\"https:\\\/\\\/styrpaadyr.dk\\\/\"},{\"@type\":\"ListItem\",\"position\":2,\"name\":\"Shop\",\"item\":\"https:\\\/\\\/styrpaadyr.dk\\\/shop\\\/\"},{\"@type\":\"ListItem\",\"position\":3,\"name\":\"Guppy mix hunner\"}]},{\"@type\":\"WebSite\",\"@id\":\"https:\\\/\\\/styrpaadyr.dk\\\/#website\",\"url\":\"https:\\\/\\\/styrpaadyr.dk\\\/\",\"name\":\"Styr p\u00e5 dyr\",\"description\":\"Din ekspert inden for dyr\",\"publisher\":{\"@id\":\"https:\\\/\\\/styrpaadyr.dk\\\/#organization\"},\"potentialAction\":[{\"@type\":\"SearchAction\",\"target\":{\"@type\":\"EntryPoint\",\"urlTemplate\":\"https:\\\/\\\/styrpaadyr.dk\\\/?s={search_term_string}\"},\"query-input\":{\"@type\":\"PropertyValueSpecification\",\"valueRequired\":true,\"valueName\":\"search_term_string\"}}],\"inLanguage\":\"en-US\"},{\"@type\":\"Organization\",\"@id\":\"https:\\\/\\\/styrpaadyr.dk\\\/#organization\",\"name\":\"Styr p\u00e5 dyr\",\"url\":\"https:\\\/\\\/styrpaadyr.dk\\\/\",\"logo\":{\"@type\":\"ImageObject\",\"inLanguage\":\"en-US\",\"@id\":\"https:\\\/\\\/styrpaadyr.dk\\\/#\\\/schema\\\/logo\\\/image\\\/\",\"url\":\"https:\\\/\\\/styrpaadyr.dk\\\/wp-content\\\/uploads\\\/2022\\\/07\\\/logo_3_ub.png\",\"contentUrl\":\"https:\\\/\\\/styrpaadyr.dk\\\/wp-content\\\/uploads\\\/2022\\\/07\\\/logo_3_ub.png\",\"width\":282,\"height\":91,\"caption\":\"Styr p\u00e5 dyr\"},\"image\":{\"@id\":\"https:\\\/\\\/styrpaadyr.dk\\\/#\\\/schema\\\/logo\\\/image\\\/\"},\"sameAs\":[\"https:\\\/\\\/www.facebook.com\\\/styrpaadyr\"]}]}<\/script>\n<!-- \/ Yoast SEO plugin. -->","yoast_head_json":{"title":"Guppy mix hunner - Styr p\u00e5 dyr","description":"Flotte selvskabsfisk som passer i de fleste akvarier, Guppy til salg i Aalborg, Nordjylland.","robots":{"index":"index","follow":"follow","max-snippet":"max-snippet:-1","max-image-preview":"max-image-preview:large","max-video-preview":"max-video-preview:-1"},"canonical":"https:\/\/styrpaadyr.dk\/en\/product\/guppy-mix-hunner\/","og_locale":"en_US","og_type":"article","og_title":"Guppy mix hunner - Styr p\u00e5 dyr","og_description":"Flotte selvskabsfisk som passer i de fleste akvarier, Guppy til salg i Aalborg, Nordjylland.","og_url":"https:\/\/styrpaadyr.dk\/en\/product\/guppy-mix-hunner\/","og_site_name":"Styr p\u00e5 dyr","article_publisher":"https:\/\/www.facebook.com\/styrpaadyr","article_modified_time":"2026-03-27T14:23:42+00:00","og_image":[{"width":270,"height":180,"url":"https:\/\/styrpaadyr.dk\/wp-content\/uploads\/2025\/10\/guppy-mix-hun_623-e1760182411446.jpg","type":"image\/jpeg"}],"twitter_card":"summary_large_image","twitter_misc":{"Est. reading time":"1 minute"},"schema":{"@context":"https:\/\/schema.org","@graph":[{"@type":"WebPage","@id":"https:\/\/styrpaadyr.dk\/vare\/guppy-mix-hunner\/","url":"https:\/\/styrpaadyr.dk\/vare\/guppy-mix-hunner\/","name":"Guppy mix hunner - Styr p\u00e5 dyr","isPartOf":{"@id":"https:\/\/styrpaadyr.dk\/#website"},"primaryImageOfPage":{"@id":"https:\/\/styrpaadyr.dk\/vare\/guppy-mix-hunner\/#primaryimage"},"image":{"@id":"https:\/\/styrpaadyr.dk\/vare\/guppy-mix-hunner\/#primaryimage"},"thumbnailUrl":"https:\/\/styrpaadyr.dk\/wp-content\/uploads\/2025\/10\/guppy-mix-hun_623-e1760182411446.jpg","datePublished":"2025-10-11T11:32:35+00:00","dateModified":"2026-03-27T14:23:42+00:00","description":"Flotte selvskabsfisk som passer i de fleste akvarier, Guppy til salg i Aalborg, Nordjylland.","breadcrumb":{"@id":"https:\/\/styrpaadyr.dk\/vare\/guppy-mix-hunner\/#breadcrumb"},"inLanguage":"en-US","potentialAction":[{"@type":"ReadAction","target":["https:\/\/styrpaadyr.dk\/vare\/guppy-mix-hunner\/"]}]},{"@type":"ImageObject","inLanguage":"en-US","@id":"https:\/\/styrpaadyr.dk\/vare\/guppy-mix-hunner\/#primaryimage","url":"https:\/\/styrpaadyr.dk\/wp-content\/uploads\/2025\/10\/guppy-mix-hun_623-e1760182411446.jpg","contentUrl":"https:\/\/styrpaadyr.dk\/wp-content\/uploads\/2025\/10\/guppy-mix-hun_623-e1760182411446.jpg","width":270,"height":180},{"@type":"BreadcrumbList","@id":"https:\/\/styrpaadyr.dk\/vare\/guppy-mix-hunner\/#breadcrumb","itemListElement":[{"@type":"ListItem","position":1,"name":"Hjem","item":"https:\/\/styrpaadyr.dk\/"},{"@type":"ListItem","position":2,"name":"Shop","item":"https:\/\/styrpaadyr.dk\/shop\/"},{"@type":"ListItem","position":3,"name":"Guppy mix hunner"}]},{"@type":"WebSite","@id":"https:\/\/styrpaadyr.dk\/#website","url":"https:\/\/styrpaadyr.dk\/","name":"Styr p\u00e5 dyr","description":"Din ekspert inden for dyr","publisher":{"@id":"https:\/\/styrpaadyr.dk\/#organization"},"potentialAction":[{"@type":"SearchAction","target":{"@type":"EntryPoint","urlTemplate":"https:\/\/styrpaadyr.dk\/?s={search_term_string}"},"query-input":{"@type":"PropertyValueSpecification","valueRequired":true,"valueName":"search_term_string"}}],"inLanguage":"en-US"},{"@type":"Organization","@id":"https:\/\/styrpaadyr.dk\/#organization","name":"Styr p\u00e5 dyr","url":"https:\/\/styrpaadyr.dk\/","logo":{"@type":"ImageObject","inLanguage":"en-US","@id":"https:\/\/styrpaadyr.dk\/#\/schema\/logo\/image\/","url":"https:\/\/styrpaadyr.dk\/wp-content\/uploads\/2022\/07\/logo_3_ub.png","contentUrl":"https:\/\/styrpaadyr.dk\/wp-content\/uploads\/2022\/07\/logo_3_ub.png","width":282,"height":91,"caption":"Styr p\u00e5 dyr"},"image":{"@id":"https:\/\/styrpaadyr.dk\/#\/schema\/logo\/image\/"},"sameAs":["https:\/\/www.facebook.com\/styrpaadyr"]}]}},"_links":{"self":[{"href":"https:\/\/styrpaadyr.dk\/en\/wp-json\/wp\/v2\/product\/16385","targetHints":{"allow":["GET"]}}],"collection":[{"href":"https:\/\/styrpaadyr.dk\/en\/wp-json\/wp\/v2\/product"}],"about":[{"href":"https:\/\/styrpaadyr.dk\/en\/wp-json\/wp\/v2\/types\/product"}],"replies":[{"embeddable":true,"href":"https:\/\/styrpaadyr.dk\/en\/wp-json\/wp\/v2\/comments?post=16385"}],"version-history":[{"count":4,"href":"https:\/\/styrpaadyr.dk\/en\/wp-json\/wp\/v2\/product\/16385\/revisions"}],"predecessor-version":[{"id":17272,"href":"https:\/\/styrpaadyr.dk\/en\/wp-json\/wp\/v2\/product\/16385\/revisions\/17272"}],"wp:featuredmedia":[{"embeddable":true,"href":"https:\/\/styrpaadyr.dk\/en\/wp-json\/wp\/v2\/media\/16386"}],"wp:attachment":[{"href":"https:\/\/styrpaadyr.dk\/en\/wp-json\/wp\/v2\/media?parent=16385"}],"wp:term":[{"taxonomy":"product_brand","embeddable":true,"href":"https:\/\/styrpaadyr.dk\/en\/wp-json\/wp\/v2\/product_brand?post=16385"},{"taxonomy":"product_cat","embeddable":true,"href":"https:\/\/styrpaadyr.dk\/en\/wp-json\/wp\/v2\/product_cat?post=16385"},{"taxonomy":"product_tag","embeddable":true,"href":"https:\/\/styrpaadyr.dk\/en\/wp-json\/wp\/v2\/product_tag?post=16385"}],"curies":[{"name":"wp","href":"https:\/\/api.w.org\/{rel}","templated":true}]}}