{"id":16919,"date":"2025-12-31T08:24:40","date_gmt":"2025-12-31T08:24:40","guid":{"rendered":"https:\/\/styrpaadyr.dk\/?page_id=16919"},"modified":"2026-04-03T13:11:04","modified_gmt":"2026-04-03T13:11:04","slug":"om-os","status":"publish","type":"page","link":"https:\/\/styrpaadyr.dk\/en\/om-os\/","title":{"rendered":"About us"},"content":{"rendered":"<div data-elementor-type=\"wp-page\" data-elementor-id=\"16919\" class=\"elementor elementor-16919\" data-elementor-post-type=\"page\">\n\t\t\t\t<div class=\"elementor-element elementor-element-de27cfe e-flex e-con-boxed glozin-responsive-column glozin-tablet-column--default glozin-responsive-column glozin-mobile-column--default e-con e-parent\" data-id=\"de27cfe\" data-element_type=\"container\" data-e-type=\"container\">\n\t\t\t\t\t<div class=\"e-con-inner\">\n\t\t\t\t<div class=\"elementor-element elementor-element-8ec5a7b elementor-widget elementor-widget-heading\" data-id=\"8ec5a7b\" data-element_type=\"widget\" data-e-type=\"widget\" data-widget_type=\"heading.default\">\n\t\t\t\t\t<h1 class=\"elementor-heading-title elementor-size-default\">About us<\/h1>\t\t\t\t<\/div>\n\t\t\t\t\t<\/div>\n\t\t\t\t<\/div>\n\t\t<div class=\"elementor-element elementor-element-760bbce e-flex e-con-boxed glozin-responsive-column glozin-tablet-column--default glozin-responsive-column glozin-mobile-column--default e-con e-parent\" data-id=\"760bbce\" data-element_type=\"container\" data-e-type=\"container\">\n\t\t\t\t\t<div class=\"e-con-inner\">\n\t\t\t\t<div class=\"elementor-element elementor-element-cf31216 elementor-widget elementor-widget-text-editor\" data-id=\"cf31216\" data-element_type=\"widget\" data-e-type=\"widget\" data-widget_type=\"text-editor.default\">\n\t\t\t\t\t\t\t\t\t<p>Du kan l\u00e6se lidt om os her, men kom ind i butikken, og snak med os.<\/p>\t\t\t\t\t\t\t\t<\/div>\n\t\t\t\t\t<\/div>\n\t\t\t\t<\/div>\n\t\t<div class=\"elementor-element elementor-element-41b4ec7 e-flex e-con-boxed glozin-responsive-column glozin-tablet-column--default glozin-responsive-column glozin-mobile-column--default e-con e-parent\" data-id=\"41b4ec7\" data-element_type=\"container\" data-e-type=\"container\">\n\t\t\t\t\t<div class=\"e-con-inner\">\n\t\t<div class=\"elementor-element elementor-element-8f6d160 e-con-full e-flex glozin-responsive-column glozin-tablet-column--default glozin-responsive-column glozin-mobile-column--default e-con e-child\" data-id=\"8f6d160\" data-element_type=\"container\" data-e-type=\"container\">\n\t\t\t\t<div class=\"elementor-element elementor-element-943b9b7 elementor-widget elementor-widget-heading\" data-id=\"943b9b7\" data-element_type=\"widget\" data-e-type=\"widget\" data-widget_type=\"heading.default\">\n\t\t\t\t\t<h2 class=\"elementor-heading-title elementor-size-default\">Niller<\/h2>\t\t\t\t<\/div>\n\t\t\t\t<div class=\"elementor-element elementor-element-22dcf76 elementor-widget elementor-widget-text-editor\" data-id=\"22dcf76\" data-element_type=\"widget\" data-e-type=\"widget\" data-widget_type=\"text-editor.default\">\n\t\t\t\t\t\t\t\t\t<p class=\"custom28\">Niller er ejer af Styr P\u00e5 Dyr og har v\u00e6ret med siden Styr P\u00e5 Dyr slog d\u00f8rene op f\u00f8rste gang 2\/4 2007.<\/p><p class=\"custom28\">Niller er ansvarlig for akvarieafdelingen og har mange \u00e5rs erfaring med fiskehold. Han har en meget bred viden omkring fiskearter, og stor erfaring indenfor opdr\u00e6t og fiskesygdomme. Herudover har han en stor og bred viden indenfor dyrehold generelt.<\/p><p class=\"custom28\">Sammen med familien har han f\u00f8rhen haft et lille hyggeopdr\u00e6t af kaniner &#8211; prim\u00e6rt dv\u00e6rgv\u00e6ddere, l\u00f8vehoved og hermelin.<\/p>\t\t\t\t\t\t\t\t<\/div>\n\t\t\t\t<\/div>\n\t\t<div class=\"elementor-element elementor-element-c3c0f81 e-con-full e-flex glozin-responsive-column glozin-tablet-column--default glozin-responsive-column glozin-mobile-column--default e-con e-child\" data-id=\"c3c0f81\" data-element_type=\"container\" data-e-type=\"container\">\n\t\t\t\t<div class=\"elementor-element elementor-element-fb11f68 elementor-widget elementor-widget-heading\" data-id=\"fb11f68\" data-element_type=\"widget\" data-e-type=\"widget\" data-widget_type=\"heading.default\">\n\t\t\t\t\t<h2 class=\"elementor-heading-title elementor-size-default\">Maria<\/h2>\t\t\t\t<\/div>\n\t\t\t\t<div class=\"elementor-element elementor-element-afbe851 elementor-widget elementor-widget-text-editor\" data-id=\"afbe851\" data-element_type=\"widget\" data-e-type=\"widget\" data-widget_type=\"text-editor.default\">\n\t\t\t\t\t\t\t\t\t<p>Maria er f\u00e6rdig uddannet dyrepasser med speciale i Dyrehandel. Hun startede hos os som elev tilbage i 2020 og blev f\u00e6rdig i september 2023. Hvorefter hun gl\u00e6deligt forsatte hos os og er i dag Niller\u00b4s h\u00f8jre h\u00e5nd.\u00a0<\/p><p>Hun har en bred viden indenfor gnavere og krybdyr. Derudover har hun en general viden indenfor fisk og fugle. Hun er altid klar p\u00e5 at sammens\u00e6tte et starts\u00e6t, til et \u00f8nsket dyr, eller hj\u00e6lpe med at finde lige pr\u00e6cis det du st\u00e5r og mangler.<\/p><p>Hun har selv en s\u00f8d lille kat (Pew) og et selvskabsakvarie derhjemme.<\/p>\t\t\t\t\t\t\t\t<\/div>\n\t\t\t\t<\/div>\n\t\t<div class=\"elementor-element elementor-element-6e2a624 e-con-full e-flex glozin-responsive-column glozin-tablet-column--default glozin-responsive-column glozin-mobile-column--default e-con e-child\" data-id=\"6e2a624\" data-element_type=\"container\" data-e-type=\"container\">\n\t\t\t\t<div class=\"elementor-element elementor-element-5389918 elementor-widget elementor-widget-heading\" data-id=\"5389918\" data-element_type=\"widget\" data-e-type=\"widget\" data-widget_type=\"heading.default\">\n\t\t\t\t\t<h2 class=\"elementor-heading-title elementor-size-default\">Maiken<\/h2>\t\t\t\t<\/div>\n\t\t\t\t<div class=\"elementor-element elementor-element-aa51aa3 elementor-widget elementor-widget-text-editor\" data-id=\"aa51aa3\" data-element_type=\"widget\" data-e-type=\"widget\" data-widget_type=\"text-editor.default\">\n\t\t\t\t\t\t\t\t\t<p>Maiken er deltidsansat og startede tilbage i Maj 2025. Hun er opvokset med dyr, fra alle genre og s\u00e5 er hun uddannet butiksassistent tilbage i 2019. Hun er altid klar til at tage imod kunderne med et stort smil.<\/p><p>Hun har en bred viden indenfor hunde og en general viden indenfor krybdyr og gnaver. Da hun er ny som dyrehandler, er hun stadig i gang med at l\u00e6re en masse herom.\u00a0\u00a0<\/p><p>Hun har selv en lille Shih tzu blandet med Llhasa Apso (Ozzy) og en Kronegekko (Eddie).\u00a0<\/p>\t\t\t\t\t\t\t\t<\/div>\n\t\t\t\t<\/div>\n\t\t<div class=\"elementor-element elementor-element-625a639 e-con-full e-flex glozin-responsive-column glozin-tablet-column--default glozin-responsive-column glozin-mobile-column--default e-con e-child\" data-id=\"625a639\" data-element_type=\"container\" data-e-type=\"container\">\n\t\t\t\t<div class=\"elementor-element elementor-element-b962ca6 elementor-widget elementor-widget-heading\" data-id=\"b962ca6\" data-element_type=\"widget\" data-e-type=\"widget\" data-widget_type=\"heading.default\">\n\t\t\t\t\t<h2 class=\"elementor-heading-title elementor-size-default\">(Bette) \u200b\u200bAllan<\/h2>\t\t\t\t<\/div>\n\t\t\t\t<div class=\"elementor-element elementor-element-85e4928 elementor-widget elementor-widget-text-editor\" data-id=\"85e4928\" data-element_type=\"widget\" data-e-type=\"widget\" data-widget_type=\"text-editor.default\">\n\t\t\t\t\t\t\t\t\t<p>Allan er ansat flexarbejder, han er her hver torsdag og hver weekend. Han har arbejdet meget i dyrehandel f\u00f8rhen.<\/p><p>Han har en stor viden indenfor fisk (selskab, nano, special m.m.), akvariegrej og alt som h\u00f8rer dertil. Derudover har han en bred viden indenfor insekter, reptiler og ops\u00e6tning af bioaktive terrarier.<\/p><p>Derhjemme har han et hygge opdr\u00e6t af div. arter af b\u00e6nkebidder og biller.\u00a0 \u00a0<\/p>\t\t\t\t\t\t\t\t<\/div>\n\t\t\t\t<\/div>\n\t\t<div class=\"elementor-element elementor-element-23e9e7a e-con-full e-flex glozin-responsive-column glozin-tablet-column--default glozin-responsive-column glozin-mobile-column--default e-con e-child\" data-id=\"23e9e7a\" data-element_type=\"container\" data-e-type=\"container\">\n\t\t\t\t<div class=\"elementor-element elementor-element-1d0b57f elementor-widget elementor-widget-heading\" data-id=\"1d0b57f\" data-element_type=\"widget\" data-e-type=\"widget\" data-widget_type=\"heading.default\">\n\t\t\t\t\t<h2 class=\"elementor-heading-title elementor-size-default\">Jakob<\/h2>\t\t\t\t<\/div>\n\t\t\t\t<div class=\"elementor-element elementor-element-fb42407 elementor-widget elementor-widget-text-editor\" data-id=\"fb42407\" data-element_type=\"widget\" data-e-type=\"widget\" data-widget_type=\"text-editor.default\">\n\t\t\t\t\t\t\t\t\t<p>Jakob er ansat som butiksmedhj\u00e6lper til at passe dyrene. Han har stor interesse i dyr og vi er meget glade for at have f\u00e5et Jakob som en del af vores team.<\/p><p>Du kan l\u00e6se mere om Jakob <strong><a href=\"https:\/\/www.facebook.com\/styrpaadyr\/videos\/994094753967126\/\" target=\"_blank\" rel=\"noopener\">her.<\/a><\/strong><\/p>\t\t\t\t\t\t\t\t<\/div>\n\t\t\t\t<\/div>\n\t\t<div class=\"elementor-element elementor-element-518fded e-con-full e-flex glozin-responsive-column glozin-tablet-column--default glozin-responsive-column glozin-mobile-column--default e-con e-child\" data-id=\"518fded\" data-element_type=\"container\" data-e-type=\"container\">\n\t\t\t\t<div class=\"elementor-element elementor-element-0a017b9 elementor-widget elementor-widget-heading\" data-id=\"0a017b9\" data-element_type=\"widget\" data-e-type=\"widget\" data-widget_type=\"heading.default\">\n\t\t\t\t\t<h2 class=\"elementor-heading-title elementor-size-default\">Perle<\/h2>\t\t\t\t<\/div>\n\t\t\t\t<div class=\"elementor-element elementor-element-e5fc73e elementor-widget elementor-widget-text-editor\" data-id=\"e5fc73e\" data-element_type=\"widget\" data-e-type=\"widget\" data-widget_type=\"text-editor.default\">\n\t\t\t\t\t\t\t\t\t<p class=\"custom28\">Perle er vores sk\u00f8nne maskot. Han er en Afrikansk spore skildpadde (Geochelone Sulcata) fra 2003, som i dag vejer +50kg.<\/p><p class=\"custom28\">Perle ELSKER m\u00e6lkeb\u00f8tter og er altid klar til en selfie.\u00a0 \ud83d\ude09<\/p>\t\t\t\t\t\t\t\t<\/div>\n\t\t\t\t<\/div>\n\t\t\t\t\t<\/div>\n\t\t\t\t<\/div>\n\t\t\t\t<\/div>","protected":false},"excerpt":{"rendered":"<p>Om os Du kan l\u00e6se lidt om os her, men kom ind i butikken, og snak med os. Niller Niller er ejer af Styr P\u00e5 Dyr og har v\u00e6ret med siden Styr P\u00e5 Dyr slog d\u00f8rene op f\u00f8rste gang 2\/4 2007. Niller er ansvarlig for akvarieafdelingen og har mange \u00e5rs erfaring med fiskehold. Han har [&hellip;]<\/p>\n","protected":false},"author":1,"featured_media":0,"parent":0,"menu_order":0,"comment_status":"closed","ping_status":"closed","template":"","meta":{"footnotes":""},"class_list":["post-16919","page","type-page","status-publish","hentry"],"yoast_head":"<!-- This site is optimized with the Yoast SEO plugin v27.3 - https:\/\/yoast.com\/product\/yoast-seo-wordpress\/ -->\n<title>Om os - Styr p\u00e5 dyr<\/title>\n<meta name=\"description\" content=\"M\u00f8d teamet hos Styr P\u00e5 Dyr i Aalborg. Vi er uddannede dyrepassere med stor erfaring inden for fisk, gnavere, krybdyr og akvarier \u2013 din lokale dyrebutik.\" \/>\n<meta name=\"robots\" content=\"index, follow, max-snippet:-1, max-image-preview:large, max-video-preview:-1\" \/>\n<link rel=\"canonical\" href=\"https:\/\/styrpaadyr.dk\/en\/om-os\/\" \/>\n<meta property=\"og:locale\" content=\"en_US\" \/>\n<meta property=\"og:type\" content=\"article\" \/>\n<meta property=\"og:title\" content=\"Om os - Styr p\u00e5 dyr\" \/>\n<meta property=\"og:description\" content=\"M\u00f8d teamet hos Styr P\u00e5 Dyr i Aalborg. Vi er uddannede dyrepassere med stor erfaring inden for fisk, gnavere, krybdyr og akvarier \u2013 din lokale dyrebutik.\" \/>\n<meta property=\"og:url\" content=\"https:\/\/styrpaadyr.dk\/en\/om-os\/\" \/>\n<meta property=\"og:site_name\" content=\"Styr p\u00e5 dyr\" \/>\n<meta property=\"article:publisher\" content=\"https:\/\/www.facebook.com\/styrpaadyr\" \/>\n<meta property=\"article:modified_time\" content=\"2026-04-03T13:11:04+00:00\" \/>\n<meta name=\"twitter:card\" content=\"summary_large_image\" \/>\n<meta name=\"twitter:label1\" content=\"Est. reading time\" \/>\n\t<meta name=\"twitter:data1\" content=\"3 minutes\" \/>\n<script type=\"application\/ld+json\" class=\"yoast-schema-graph\">{\"@context\":\"https:\\\/\\\/schema.org\",\"@graph\":[{\"@type\":\"WebPage\",\"@id\":\"https:\\\/\\\/styrpaadyr.dk\\\/om-os\\\/\",\"url\":\"https:\\\/\\\/styrpaadyr.dk\\\/om-os\\\/\",\"name\":\"Om os - Styr p\u00e5 dyr\",\"isPartOf\":{\"@id\":\"https:\\\/\\\/styrpaadyr.dk\\\/#website\"},\"datePublished\":\"2025-12-31T08:24:40+00:00\",\"dateModified\":\"2026-04-03T13:11:04+00:00\",\"description\":\"M\u00f8d teamet hos Styr P\u00e5 Dyr i Aalborg. Vi er uddannede dyrepassere med stor erfaring inden for fisk, gnavere, krybdyr og akvarier \u2013 din lokale dyrebutik.\",\"breadcrumb\":{\"@id\":\"https:\\\/\\\/styrpaadyr.dk\\\/om-os\\\/#breadcrumb\"},\"inLanguage\":\"en-US\",\"potentialAction\":[{\"@type\":\"ReadAction\",\"target\":[\"https:\\\/\\\/styrpaadyr.dk\\\/om-os\\\/\"]}]},{\"@type\":\"BreadcrumbList\",\"@id\":\"https:\\\/\\\/styrpaadyr.dk\\\/om-os\\\/#breadcrumb\",\"itemListElement\":[{\"@type\":\"ListItem\",\"position\":1,\"name\":\"Hjem\",\"item\":\"https:\\\/\\\/styrpaadyr.dk\\\/\"},{\"@type\":\"ListItem\",\"position\":2,\"name\":\"Om os\"}]},{\"@type\":\"WebSite\",\"@id\":\"https:\\\/\\\/styrpaadyr.dk\\\/#website\",\"url\":\"https:\\\/\\\/styrpaadyr.dk\\\/\",\"name\":\"Styr p\u00e5 dyr\",\"description\":\"Din ekspert inden for dyr\",\"publisher\":{\"@id\":\"https:\\\/\\\/styrpaadyr.dk\\\/#organization\"},\"potentialAction\":[{\"@type\":\"SearchAction\",\"target\":{\"@type\":\"EntryPoint\",\"urlTemplate\":\"https:\\\/\\\/styrpaadyr.dk\\\/?s={search_term_string}\"},\"query-input\":{\"@type\":\"PropertyValueSpecification\",\"valueRequired\":true,\"valueName\":\"search_term_string\"}}],\"inLanguage\":\"en-US\"},{\"@type\":\"Organization\",\"@id\":\"https:\\\/\\\/styrpaadyr.dk\\\/#organization\",\"name\":\"Styr p\u00e5 dyr\",\"url\":\"https:\\\/\\\/styrpaadyr.dk\\\/\",\"logo\":{\"@type\":\"ImageObject\",\"inLanguage\":\"en-US\",\"@id\":\"https:\\\/\\\/styrpaadyr.dk\\\/#\\\/schema\\\/logo\\\/image\\\/\",\"url\":\"https:\\\/\\\/styrpaadyr.dk\\\/wp-content\\\/uploads\\\/2022\\\/07\\\/logo_3_ub.png\",\"contentUrl\":\"https:\\\/\\\/styrpaadyr.dk\\\/wp-content\\\/uploads\\\/2022\\\/07\\\/logo_3_ub.png\",\"width\":282,\"height\":91,\"caption\":\"Styr p\u00e5 dyr\"},\"image\":{\"@id\":\"https:\\\/\\\/styrpaadyr.dk\\\/#\\\/schema\\\/logo\\\/image\\\/\"},\"sameAs\":[\"https:\\\/\\\/www.facebook.com\\\/styrpaadyr\"]}]}<\/script>\n<!-- \/ Yoast SEO plugin. -->","yoast_head_json":{"title":"Om os - Styr p\u00e5 dyr","description":"M\u00f8d teamet hos Styr P\u00e5 Dyr i Aalborg. Vi er uddannede dyrepassere med stor erfaring inden for fisk, gnavere, krybdyr og akvarier \u2013 din lokale dyrebutik.","robots":{"index":"index","follow":"follow","max-snippet":"max-snippet:-1","max-image-preview":"max-image-preview:large","max-video-preview":"max-video-preview:-1"},"canonical":"https:\/\/styrpaadyr.dk\/en\/om-os\/","og_locale":"en_US","og_type":"article","og_title":"Om os - Styr p\u00e5 dyr","og_description":"M\u00f8d teamet hos Styr P\u00e5 Dyr i Aalborg. Vi er uddannede dyrepassere med stor erfaring inden for fisk, gnavere, krybdyr og akvarier \u2013 din lokale dyrebutik.","og_url":"https:\/\/styrpaadyr.dk\/en\/om-os\/","og_site_name":"Styr p\u00e5 dyr","article_publisher":"https:\/\/www.facebook.com\/styrpaadyr","article_modified_time":"2026-04-03T13:11:04+00:00","twitter_card":"summary_large_image","twitter_misc":{"Est. reading time":"3 minutes"},"schema":{"@context":"https:\/\/schema.org","@graph":[{"@type":"WebPage","@id":"https:\/\/styrpaadyr.dk\/om-os\/","url":"https:\/\/styrpaadyr.dk\/om-os\/","name":"Om os - Styr p\u00e5 dyr","isPartOf":{"@id":"https:\/\/styrpaadyr.dk\/#website"},"datePublished":"2025-12-31T08:24:40+00:00","dateModified":"2026-04-03T13:11:04+00:00","description":"M\u00f8d teamet hos Styr P\u00e5 Dyr i Aalborg. Vi er uddannede dyrepassere med stor erfaring inden for fisk, gnavere, krybdyr og akvarier \u2013 din lokale dyrebutik.","breadcrumb":{"@id":"https:\/\/styrpaadyr.dk\/om-os\/#breadcrumb"},"inLanguage":"en-US","potentialAction":[{"@type":"ReadAction","target":["https:\/\/styrpaadyr.dk\/om-os\/"]}]},{"@type":"BreadcrumbList","@id":"https:\/\/styrpaadyr.dk\/om-os\/#breadcrumb","itemListElement":[{"@type":"ListItem","position":1,"name":"Hjem","item":"https:\/\/styrpaadyr.dk\/"},{"@type":"ListItem","position":2,"name":"Om os"}]},{"@type":"WebSite","@id":"https:\/\/styrpaadyr.dk\/#website","url":"https:\/\/styrpaadyr.dk\/","name":"Styr p\u00e5 dyr","description":"Din ekspert inden for dyr","publisher":{"@id":"https:\/\/styrpaadyr.dk\/#organization"},"potentialAction":[{"@type":"SearchAction","target":{"@type":"EntryPoint","urlTemplate":"https:\/\/styrpaadyr.dk\/?s={search_term_string}"},"query-input":{"@type":"PropertyValueSpecification","valueRequired":true,"valueName":"search_term_string"}}],"inLanguage":"en-US"},{"@type":"Organization","@id":"https:\/\/styrpaadyr.dk\/#organization","name":"Styr p\u00e5 dyr","url":"https:\/\/styrpaadyr.dk\/","logo":{"@type":"ImageObject","inLanguage":"en-US","@id":"https:\/\/styrpaadyr.dk\/#\/schema\/logo\/image\/","url":"https:\/\/styrpaadyr.dk\/wp-content\/uploads\/2022\/07\/logo_3_ub.png","contentUrl":"https:\/\/styrpaadyr.dk\/wp-content\/uploads\/2022\/07\/logo_3_ub.png","width":282,"height":91,"caption":"Styr p\u00e5 dyr"},"image":{"@id":"https:\/\/styrpaadyr.dk\/#\/schema\/logo\/image\/"},"sameAs":["https:\/\/www.facebook.com\/styrpaadyr"]}]}},"_hostinger_reach_plugin_has_subscription_block":false,"_hostinger_reach_plugin_is_elementor":false,"_links":{"self":[{"href":"https:\/\/styrpaadyr.dk\/en\/wp-json\/wp\/v2\/pages\/16919","targetHints":{"allow":["GET"]}}],"collection":[{"href":"https:\/\/styrpaadyr.dk\/en\/wp-json\/wp\/v2\/pages"}],"about":[{"href":"https:\/\/styrpaadyr.dk\/en\/wp-json\/wp\/v2\/types\/page"}],"author":[{"embeddable":true,"href":"https:\/\/styrpaadyr.dk\/en\/wp-json\/wp\/v2\/users\/1"}],"replies":[{"embeddable":true,"href":"https:\/\/styrpaadyr.dk\/en\/wp-json\/wp\/v2\/comments?post=16919"}],"version-history":[{"count":49,"href":"https:\/\/styrpaadyr.dk\/en\/wp-json\/wp\/v2\/pages\/16919\/revisions"}],"predecessor-version":[{"id":17408,"href":"https:\/\/styrpaadyr.dk\/en\/wp-json\/wp\/v2\/pages\/16919\/revisions\/17408"}],"wp:attachment":[{"href":"https:\/\/styrpaadyr.dk\/en\/wp-json\/wp\/v2\/media?parent=16919"}],"curies":[{"name":"wp","href":"https:\/\/api.w.org\/{rel}","templated":true}]}}