{"id":16613,"date":"2025-10-13T06:10:24","date_gmt":"2025-10-13T06:10:24","guid":{"rendered":"https:\/\/styrpaadyr.dk\/?page_id=16613"},"modified":"2026-02-03T06:02:59","modified_gmt":"2026-02-03T06:02:59","slug":"kig-ind-i-butikken-styr-paa-dyr","status":"publish","type":"page","link":"https:\/\/styrpaadyr.dk\/en\/kig-ind-i-butikken-styr-paa-dyr\/","title":{"rendered":"Come into the store Styr P\u00e5 Dyr"},"content":{"rendered":"<div data-elementor-type=\"wp-page\" data-elementor-id=\"16613\" class=\"elementor elementor-16613\" data-elementor-post-type=\"page\">\n\t\t\t\t<div class=\"elementor-element elementor-element-ab76d26 e-flex e-con-boxed glozin-responsive-column glozin-tablet-column--default glozin-responsive-column glozin-mobile-column--default e-con e-parent\" data-id=\"ab76d26\" data-element_type=\"container\" data-e-type=\"container\">\n\t\t\t\t\t<div class=\"e-con-inner\">\n\t\t\t\t<div class=\"elementor-element elementor-element-28e9f6b elementor-widget elementor-widget-heading\" data-id=\"28e9f6b\" data-element_type=\"widget\" data-e-type=\"widget\" data-widget_type=\"heading.default\">\n\t\t\t\t\t<h1 class=\"elementor-heading-title elementor-size-default\">Come into the store Styr P\u00e5 Dyr<\/h1>\t\t\t\t<\/div>\n\t\t\t\t<div class=\"elementor-element elementor-element-cf8c116 elementor-widget elementor-widget-text-editor\" data-id=\"cf8c116\" data-element_type=\"widget\" data-e-type=\"widget\" data-widget_type=\"text-editor.default\">\n\t\t\t\t\t\t\t\t\t<h4 data-start=\"238\" data-end=\"259\">Vores sortiment<\/h4><p data-start=\"260\" data-end=\"618\">Hos <strong data-start=\"264\" data-end=\"279\">Styr P\u00e5 Dyr<\/strong> finder du alt, hvad du skal bruge til dine k\u00e6ledyr \u2013 samlet \u00e9t sted.<br data-start=\"348\" data-end=\"351\" \/>Vi har et bredt udvalg af <strong data-start=\"377\" data-end=\"420\">foder til fisk, hunde, katte og gnavere<\/strong>, samt <strong data-start=\"427\" data-end=\"448\">leget\u00f8j og udstyr<\/strong>, der holder dine dyr glade og aktive.<br data-start=\"486\" data-end=\"489\" \/>Derudover tilbyder vi <strong data-start=\"511\" data-end=\"550\">akvarier, terrarier og alt tilbeh\u00f8r<\/strong>, s\u00e5 du nemt kan skabe de bedste rammer for b\u00e5de sm\u00e5 og store dyr.<\/p><p data-start=\"620\" data-end=\"729\">Uanset om du er ny dyreejer eller erfaren entusiast \u2013 har vi alt, du skal bruge for at f\u00e5 styr p\u00e5 dine dyr.<\/p>\t\t\t\t\t\t\t\t<\/div>\n\t\t\t\t\t<\/div>\n\t\t\t\t<\/div>\n\t\t<div class=\"elementor-element elementor-element-3bc995b e-flex e-con-boxed glozin-responsive-column glozin-tablet-column--default glozin-responsive-column glozin-mobile-column--default e-con e-parent\" data-id=\"3bc995b\" data-element_type=\"container\" data-e-type=\"container\">\n\t\t\t\t\t<div class=\"e-con-inner\">\n\t\t\t\t<div class=\"elementor-element elementor-element-a216dce elementor-widget elementor-widget-gallery\" data-id=\"a216dce\" data-element_type=\"widget\" data-e-type=\"widget\" data-settings=\"{&quot;lazyload&quot;:&quot;yes&quot;,&quot;gallery_layout&quot;:&quot;grid&quot;,&quot;columns&quot;:4,&quot;columns_tablet&quot;:2,&quot;columns_mobile&quot;:1,&quot;gap&quot;:{&quot;unit&quot;:&quot;px&quot;,&quot;size&quot;:10,&quot;sizes&quot;:[]},&quot;gap_tablet&quot;:{&quot;unit&quot;:&quot;px&quot;,&quot;size&quot;:10,&quot;sizes&quot;:[]},&quot;gap_mobile&quot;:{&quot;unit&quot;:&quot;px&quot;,&quot;size&quot;:10,&quot;sizes&quot;:[]},&quot;link_to&quot;:&quot;file&quot;,&quot;aspect_ratio&quot;:&quot;3:2&quot;,&quot;overlay_background&quot;:&quot;yes&quot;,&quot;content_hover_animation&quot;:&quot;fade-in&quot;}\" data-widget_type=\"gallery.default\">\n\t\t\t\t\t\t\t<div class=\"elementor-gallery__container\">\n\t\t\t\t\t\t\t<a class=\"e-gallery-item elementor-gallery-item elementor-animated-content\" href=\"https:\/\/styrpaadyr.dk\/wp-content\/uploads\/2025\/10\/butikken.jpg\" data-elementor-open-lightbox=\"yes\" data-elementor-lightbox-slideshow=\"a216dce\" data-elementor-lightbox-title=\"butikken\" data-e-action-hash=\"#elementor-action%3Aaction%3Dlightbox%26settings%3DeyJpZCI6MTY2MzAsInVybCI6Imh0dHBzOlwvXC9zdHlycGFhZHlyLmRrXC93cC1jb250ZW50XC91cGxvYWRzXC8yMDI1XC8xMFwvYnV0aWtrZW4uanBnIiwic2xpZGVzaG93IjoiYTIxNmRjZSJ9\">\n\t\t\t\t\t<div class=\"e-gallery-image elementor-gallery-item__image\" data-thumbnail=\"https:\/\/styrpaadyr.dk\/wp-content\/uploads\/2025\/10\/butikken-300x205.jpg\" data-width=\"300\" data-height=\"205\" aria-label=\"\" role=\"img\" ><\/div>\n\t\t\t\t\t\t\t\t\t\t\t<div class=\"elementor-gallery-item__overlay\"><\/div>\n\t\t\t\t\t\t\t\t\t\t\t\t\t\t<\/a>\n\t\t\t\t\t\t\t<a class=\"e-gallery-item elementor-gallery-item elementor-animated-content\" href=\"https:\/\/styrpaadyr.dk\/wp-content\/uploads\/2025\/10\/78_405.jpg\" data-elementor-open-lightbox=\"yes\" data-elementor-lightbox-slideshow=\"a216dce\" data-elementor-lightbox-title=\"78_405\" data-e-action-hash=\"#elementor-action%3Aaction%3Dlightbox%26settings%3DeyJpZCI6MTY2MTAsInVybCI6Imh0dHBzOlwvXC9zdHlycGFhZHlyLmRrXC93cC1jb250ZW50XC91cGxvYWRzXC8yMDI1XC8xMFwvNzhfNDA1LmpwZyIsInNsaWRlc2hvdyI6ImEyMTZkY2UifQ%3D%3D\">\n\t\t\t\t\t<div class=\"e-gallery-image elementor-gallery-item__image\" data-thumbnail=\"https:\/\/styrpaadyr.dk\/wp-content\/uploads\/2025\/10\/78_405.jpg\" data-width=\"290\" data-height=\"190\" aria-label=\"\" role=\"img\" ><\/div>\n\t\t\t\t\t\t\t\t\t\t\t<div class=\"elementor-gallery-item__overlay\"><\/div>\n\t\t\t\t\t\t\t\t\t\t\t\t\t\t<\/a>\n\t\t\t\t\t\t\t<a class=\"e-gallery-item elementor-gallery-item elementor-animated-content\" href=\"https:\/\/styrpaadyr.dk\/wp-content\/uploads\/2025\/10\/79_409.jpg\" data-elementor-open-lightbox=\"yes\" data-elementor-lightbox-slideshow=\"a216dce\" data-elementor-lightbox-title=\"79_409\" data-e-action-hash=\"#elementor-action%3Aaction%3Dlightbox%26settings%3DeyJpZCI6MTY2MTEsInVybCI6Imh0dHBzOlwvXC9zdHlycGFhZHlyLmRrXC93cC1jb250ZW50XC91cGxvYWRzXC8yMDI1XC8xMFwvNzlfNDA5LmpwZyIsInNsaWRlc2hvdyI6ImEyMTZkY2UifQ%3D%3D\">\n\t\t\t\t\t<div class=\"e-gallery-image elementor-gallery-item__image\" data-thumbnail=\"https:\/\/styrpaadyr.dk\/wp-content\/uploads\/2025\/10\/79_409.jpg\" data-width=\"290\" data-height=\"190\" aria-label=\"\" role=\"img\" ><\/div>\n\t\t\t\t\t\t\t\t\t\t\t<div class=\"elementor-gallery-item__overlay\"><\/div>\n\t\t\t\t\t\t\t\t\t\t\t\t\t\t<\/a>\n\t\t\t\t\t\t\t<a class=\"e-gallery-item elementor-gallery-item elementor-animated-content\" href=\"https:\/\/styrpaadyr.dk\/wp-content\/uploads\/2025\/10\/22_193.jpg\" data-elementor-open-lightbox=\"yes\" data-elementor-lightbox-slideshow=\"a216dce\" data-elementor-lightbox-title=\"22_193\" data-e-action-hash=\"#elementor-action%3Aaction%3Dlightbox%26settings%3DeyJpZCI6MTY1NTcsInVybCI6Imh0dHBzOlwvXC9zdHlycGFhZHlyLmRrXC93cC1jb250ZW50XC91cGxvYWRzXC8yMDI1XC8xMFwvMjJfMTkzLmpwZyIsInNsaWRlc2hvdyI6ImEyMTZkY2UifQ%3D%3D\">\n\t\t\t\t\t<div class=\"e-gallery-image elementor-gallery-item__image\" data-thumbnail=\"https:\/\/styrpaadyr.dk\/wp-content\/uploads\/2025\/10\/22_193.jpg\" data-width=\"290\" data-height=\"190\" aria-label=\"\" role=\"img\" ><\/div>\n\t\t\t\t\t\t\t\t\t\t\t<div class=\"elementor-gallery-item__overlay\"><\/div>\n\t\t\t\t\t\t\t\t\t\t\t\t\t\t<\/a>\n\t\t\t\t\t\t\t<a class=\"e-gallery-item elementor-gallery-item elementor-animated-content\" href=\"https:\/\/styrpaadyr.dk\/wp-content\/uploads\/2025\/10\/21_189.jpg\" data-elementor-open-lightbox=\"yes\" data-elementor-lightbox-slideshow=\"a216dce\" data-elementor-lightbox-title=\"21_189\" data-e-action-hash=\"#elementor-action%3Aaction%3Dlightbox%26settings%3DeyJpZCI6MTY1NTYsInVybCI6Imh0dHBzOlwvXC9zdHlycGFhZHlyLmRrXC93cC1jb250ZW50XC91cGxvYWRzXC8yMDI1XC8xMFwvMjFfMTg5LmpwZyIsInNsaWRlc2hvdyI6ImEyMTZkY2UifQ%3D%3D\">\n\t\t\t\t\t<div class=\"e-gallery-image elementor-gallery-item__image\" data-thumbnail=\"https:\/\/styrpaadyr.dk\/wp-content\/uploads\/2025\/10\/21_189.jpg\" data-width=\"290\" data-height=\"190\" aria-label=\"\" role=\"img\" ><\/div>\n\t\t\t\t\t\t\t\t\t\t\t<div class=\"elementor-gallery-item__overlay\"><\/div>\n\t\t\t\t\t\t\t\t\t\t\t\t\t\t<\/a>\n\t\t\t\t\t\t\t<a class=\"e-gallery-item elementor-gallery-item elementor-animated-content\" href=\"https:\/\/styrpaadyr.dk\/wp-content\/uploads\/2025\/10\/24_201.jpg\" data-elementor-open-lightbox=\"yes\" data-elementor-lightbox-slideshow=\"a216dce\" data-elementor-lightbox-title=\"24_201\" data-e-action-hash=\"#elementor-action%3Aaction%3Dlightbox%26settings%3DeyJpZCI6MTY1NTksInVybCI6Imh0dHBzOlwvXC9zdHlycGFhZHlyLmRrXC93cC1jb250ZW50XC91cGxvYWRzXC8yMDI1XC8xMFwvMjRfMjAxLmpwZyIsInNsaWRlc2hvdyI6ImEyMTZkY2UifQ%3D%3D\">\n\t\t\t\t\t<div class=\"e-gallery-image elementor-gallery-item__image\" data-thumbnail=\"https:\/\/styrpaadyr.dk\/wp-content\/uploads\/2025\/10\/24_201.jpg\" data-width=\"290\" data-height=\"190\" aria-label=\"\" role=\"img\" ><\/div>\n\t\t\t\t\t\t\t\t\t\t\t<div class=\"elementor-gallery-item__overlay\"><\/div>\n\t\t\t\t\t\t\t\t\t\t\t\t\t\t<\/a>\n\t\t\t\t\t\t\t<a class=\"e-gallery-item elementor-gallery-item elementor-animated-content\" href=\"https:\/\/styrpaadyr.dk\/wp-content\/uploads\/2025\/10\/pleje.jpg\" data-elementor-open-lightbox=\"yes\" data-elementor-lightbox-slideshow=\"a216dce\" data-elementor-lightbox-title=\"pleje\" data-e-action-hash=\"#elementor-action%3Aaction%3Dlightbox%26settings%3DeyJpZCI6MTY0NzYsInVybCI6Imh0dHBzOlwvXC9zdHlycGFhZHlyLmRrXC93cC1jb250ZW50XC91cGxvYWRzXC8yMDI1XC8xMFwvcGxlamUuanBnIiwic2xpZGVzaG93IjoiYTIxNmRjZSJ9\">\n\t\t\t\t\t<div class=\"e-gallery-image elementor-gallery-item__image\" data-thumbnail=\"https:\/\/styrpaadyr.dk\/wp-content\/uploads\/2025\/10\/pleje-300x140.jpg\" data-width=\"300\" data-height=\"140\" aria-label=\"\" role=\"img\" ><\/div>\n\t\t\t\t\t\t\t\t\t\t\t<div class=\"elementor-gallery-item__overlay\"><\/div>\n\t\t\t\t\t\t\t\t\t\t\t\t\t\t<\/a>\n\t\t\t\t\t\t\t<a class=\"e-gallery-item elementor-gallery-item elementor-animated-content\" href=\"https:\/\/styrpaadyr.dk\/wp-content\/uploads\/2025\/10\/25_205.jpg\" data-elementor-open-lightbox=\"yes\" data-elementor-lightbox-slideshow=\"a216dce\" data-elementor-lightbox-title=\"25_205\" data-e-action-hash=\"#elementor-action%3Aaction%3Dlightbox%26settings%3DeyJpZCI6MTY1NjAsInVybCI6Imh0dHBzOlwvXC9zdHlycGFhZHlyLmRrXC93cC1jb250ZW50XC91cGxvYWRzXC8yMDI1XC8xMFwvMjVfMjA1LmpwZyIsInNsaWRlc2hvdyI6ImEyMTZkY2UifQ%3D%3D\">\n\t\t\t\t\t<div class=\"e-gallery-image elementor-gallery-item__image\" data-thumbnail=\"https:\/\/styrpaadyr.dk\/wp-content\/uploads\/2025\/10\/25_205.jpg\" data-width=\"290\" data-height=\"190\" aria-label=\"\" role=\"img\" ><\/div>\n\t\t\t\t\t\t\t\t\t\t\t<div class=\"elementor-gallery-item__overlay\"><\/div>\n\t\t\t\t\t\t\t\t\t\t\t\t\t\t<\/a>\n\t\t\t\t\t\t\t<a class=\"e-gallery-item elementor-gallery-item elementor-animated-content\" href=\"https:\/\/styrpaadyr.dk\/wp-content\/uploads\/2025\/10\/56_321.jpg\" data-elementor-open-lightbox=\"yes\" data-elementor-lightbox-slideshow=\"a216dce\" data-elementor-lightbox-title=\"56_321\" data-e-action-hash=\"#elementor-action%3Aaction%3Dlightbox%26settings%3DeyJpZCI6MTY1ODksInVybCI6Imh0dHBzOlwvXC9zdHlycGFhZHlyLmRrXC93cC1jb250ZW50XC91cGxvYWRzXC8yMDI1XC8xMFwvNTZfMzIxLmpwZyIsInNsaWRlc2hvdyI6ImEyMTZkY2UifQ%3D%3D\">\n\t\t\t\t\t<div class=\"e-gallery-image elementor-gallery-item__image\" data-thumbnail=\"https:\/\/styrpaadyr.dk\/wp-content\/uploads\/2025\/10\/56_321.jpg\" data-width=\"290\" data-height=\"190\" aria-label=\"\" role=\"img\" ><\/div>\n\t\t\t\t\t\t\t\t\t\t\t<div class=\"elementor-gallery-item__overlay\"><\/div>\n\t\t\t\t\t\t\t\t\t\t\t\t\t\t<\/a>\n\t\t\t\t\t\t\t<a class=\"e-gallery-item elementor-gallery-item elementor-animated-content\" href=\"https:\/\/styrpaadyr.dk\/wp-content\/uploads\/2025\/10\/23_197.jpg\" data-elementor-open-lightbox=\"yes\" data-elementor-lightbox-slideshow=\"a216dce\" data-elementor-lightbox-title=\"23_197\" data-e-action-hash=\"#elementor-action%3Aaction%3Dlightbox%26settings%3DeyJpZCI6MTY1NTgsInVybCI6Imh0dHBzOlwvXC9zdHlycGFhZHlyLmRrXC93cC1jb250ZW50XC91cGxvYWRzXC8yMDI1XC8xMFwvMjNfMTk3LmpwZyIsInNsaWRlc2hvdyI6ImEyMTZkY2UifQ%3D%3D\">\n\t\t\t\t\t<div class=\"e-gallery-image elementor-gallery-item__image\" data-thumbnail=\"https:\/\/styrpaadyr.dk\/wp-content\/uploads\/2025\/10\/23_197.jpg\" data-width=\"290\" data-height=\"190\" aria-label=\"\" role=\"img\" ><\/div>\n\t\t\t\t\t\t\t\t\t\t\t<div class=\"elementor-gallery-item__overlay\"><\/div>\n\t\t\t\t\t\t\t\t\t\t\t\t\t\t<\/a>\n\t\t\t\t\t<\/div>\n\t\t\t\t\t<\/div>\n\t\t\t\t\t<\/div>\n\t\t\t\t<\/div>\n\t\t\t\t<\/div>","protected":false},"excerpt":{"rendered":"<p>Kig ind i butikken Styr P\u00e5 Dyr Vores sortiment Hos Styr P\u00e5 Dyr finder du alt, hvad du skal bruge til dine k\u00e6ledyr \u2013 samlet \u00e9t sted.Vi har et bredt udvalg af foder til fisk, hunde, katte og gnavere, samt leget\u00f8j og udstyr, der holder dine dyr glade og aktive.Derudover tilbyder vi akvarier, terrarier og [&hellip;]<\/p>\n","protected":false},"author":1,"featured_media":17110,"parent":0,"menu_order":0,"comment_status":"closed","ping_status":"closed","template":"","meta":{"footnotes":""},"class_list":["post-16613","page","type-page","status-publish","has-post-thumbnail","hentry"],"yoast_head":"<!-- This site is optimized with the Yoast SEO plugin v27.3 - https:\/\/yoast.com\/product\/yoast-seo-wordpress\/ -->\n<title>Hos Styr P\u00e5 Dyr finder du alt, hvad du skal bruge til dine k\u00e6ledyr<\/title>\n<meta name=\"description\" content=\"Vi har et bredt udvalg af foder til fisk, hunde, katte og gnavere, samt leget\u00f8j og udstyr, der holder dine dyr glade og aktive. Derudover tilbyder vi akvarier, terrarier og alt tilbeh\u00f8r, s\u00e5 du nemt kan skabe de bedste rammer for b\u00e5de sm\u00e5 og store dyr.\" \/>\n<meta name=\"robots\" content=\"index, follow, max-snippet:-1, max-image-preview:large, max-video-preview:-1\" \/>\n<link rel=\"canonical\" href=\"https:\/\/styrpaadyr.dk\/en\/kig-ind-i-butikken-styr-paa-dyr\/\" \/>\n<meta property=\"og:locale\" content=\"en_US\" \/>\n<meta property=\"og:type\" content=\"article\" \/>\n<meta property=\"og:title\" content=\"Hos Styr P\u00e5 Dyr finder du alt, hvad du skal bruge til dine k\u00e6ledyr\" \/>\n<meta property=\"og:description\" content=\"Vi har et bredt udvalg af foder til fisk, hunde, katte og gnavere, samt leget\u00f8j og udstyr, der holder dine dyr glade og aktive. Derudover tilbyder vi akvarier, terrarier og alt tilbeh\u00f8r, s\u00e5 du nemt kan skabe de bedste rammer for b\u00e5de sm\u00e5 og store dyr.\" \/>\n<meta property=\"og:url\" content=\"https:\/\/styrpaadyr.dk\/en\/kig-ind-i-butikken-styr-paa-dyr\/\" \/>\n<meta property=\"og:site_name\" content=\"Styr p\u00e5 dyr\" \/>\n<meta property=\"article:publisher\" content=\"https:\/\/www.facebook.com\/styrpaadyr\" \/>\n<meta property=\"article:modified_time\" content=\"2026-02-03T06:02:59+00:00\" \/>\n<meta property=\"og:image\" content=\"https:\/\/styrpaadyr.dk\/wp-content\/uploads\/2026\/02\/styrpaadyr.png\" \/>\n\t<meta property=\"og:image:width\" content=\"300\" \/>\n\t<meta property=\"og:image:height\" content=\"300\" \/>\n\t<meta property=\"og:image:type\" content=\"image\/png\" \/>\n<meta name=\"twitter:card\" content=\"summary_large_image\" \/>\n<meta name=\"twitter:label1\" content=\"Est. reading time\" \/>\n\t<meta name=\"twitter:data1\" content=\"1 minute\" \/>\n<script type=\"application\/ld+json\" class=\"yoast-schema-graph\">{\"@context\":\"https:\\\/\\\/schema.org\",\"@graph\":[{\"@type\":\"WebPage\",\"@id\":\"https:\\\/\\\/styrpaadyr.dk\\\/kig-ind-i-butikken-styr-paa-dyr\\\/\",\"url\":\"https:\\\/\\\/styrpaadyr.dk\\\/kig-ind-i-butikken-styr-paa-dyr\\\/\",\"name\":\"Hos Styr P\u00e5 Dyr finder du alt, hvad du skal bruge til dine k\u00e6ledyr\",\"isPartOf\":{\"@id\":\"https:\\\/\\\/styrpaadyr.dk\\\/#website\"},\"primaryImageOfPage\":{\"@id\":\"https:\\\/\\\/styrpaadyr.dk\\\/kig-ind-i-butikken-styr-paa-dyr\\\/#primaryimage\"},\"image\":{\"@id\":\"https:\\\/\\\/styrpaadyr.dk\\\/kig-ind-i-butikken-styr-paa-dyr\\\/#primaryimage\"},\"thumbnailUrl\":\"https:\\\/\\\/styrpaadyr.dk\\\/wp-content\\\/uploads\\\/2026\\\/02\\\/styrpaadyr.png\",\"datePublished\":\"2025-10-13T06:10:24+00:00\",\"dateModified\":\"2026-02-03T06:02:59+00:00\",\"description\":\"Vi har et bredt udvalg af foder til fisk, hunde, katte og gnavere, samt leget\u00f8j og udstyr, der holder dine dyr glade og aktive. Derudover tilbyder vi akvarier, terrarier og alt tilbeh\u00f8r, s\u00e5 du nemt kan skabe de bedste rammer for b\u00e5de sm\u00e5 og store dyr.\",\"breadcrumb\":{\"@id\":\"https:\\\/\\\/styrpaadyr.dk\\\/kig-ind-i-butikken-styr-paa-dyr\\\/#breadcrumb\"},\"inLanguage\":\"en-US\",\"potentialAction\":[{\"@type\":\"ReadAction\",\"target\":[\"https:\\\/\\\/styrpaadyr.dk\\\/kig-ind-i-butikken-styr-paa-dyr\\\/\"]}]},{\"@type\":\"ImageObject\",\"inLanguage\":\"en-US\",\"@id\":\"https:\\\/\\\/styrpaadyr.dk\\\/kig-ind-i-butikken-styr-paa-dyr\\\/#primaryimage\",\"url\":\"https:\\\/\\\/styrpaadyr.dk\\\/wp-content\\\/uploads\\\/2026\\\/02\\\/styrpaadyr.png\",\"contentUrl\":\"https:\\\/\\\/styrpaadyr.dk\\\/wp-content\\\/uploads\\\/2026\\\/02\\\/styrpaadyr.png\",\"width\":300,\"height\":300},{\"@type\":\"BreadcrumbList\",\"@id\":\"https:\\\/\\\/styrpaadyr.dk\\\/kig-ind-i-butikken-styr-paa-dyr\\\/#breadcrumb\",\"itemListElement\":[{\"@type\":\"ListItem\",\"position\":1,\"name\":\"Hjem\",\"item\":\"https:\\\/\\\/styrpaadyr.dk\\\/\"},{\"@type\":\"ListItem\",\"position\":2,\"name\":\"Kig ind i butikken Styr P\u00e5 Dyr\"}]},{\"@type\":\"WebSite\",\"@id\":\"https:\\\/\\\/styrpaadyr.dk\\\/#website\",\"url\":\"https:\\\/\\\/styrpaadyr.dk\\\/\",\"name\":\"Styr p\u00e5 dyr\",\"description\":\"Din ekspert inden for dyr\",\"publisher\":{\"@id\":\"https:\\\/\\\/styrpaadyr.dk\\\/#organization\"},\"potentialAction\":[{\"@type\":\"SearchAction\",\"target\":{\"@type\":\"EntryPoint\",\"urlTemplate\":\"https:\\\/\\\/styrpaadyr.dk\\\/?s={search_term_string}\"},\"query-input\":{\"@type\":\"PropertyValueSpecification\",\"valueRequired\":true,\"valueName\":\"search_term_string\"}}],\"inLanguage\":\"en-US\"},{\"@type\":\"Organization\",\"@id\":\"https:\\\/\\\/styrpaadyr.dk\\\/#organization\",\"name\":\"Styr p\u00e5 dyr\",\"url\":\"https:\\\/\\\/styrpaadyr.dk\\\/\",\"logo\":{\"@type\":\"ImageObject\",\"inLanguage\":\"en-US\",\"@id\":\"https:\\\/\\\/styrpaadyr.dk\\\/#\\\/schema\\\/logo\\\/image\\\/\",\"url\":\"https:\\\/\\\/styrpaadyr.dk\\\/wp-content\\\/uploads\\\/2022\\\/07\\\/logo_3_ub.png\",\"contentUrl\":\"https:\\\/\\\/styrpaadyr.dk\\\/wp-content\\\/uploads\\\/2022\\\/07\\\/logo_3_ub.png\",\"width\":282,\"height\":91,\"caption\":\"Styr p\u00e5 dyr\"},\"image\":{\"@id\":\"https:\\\/\\\/styrpaadyr.dk\\\/#\\\/schema\\\/logo\\\/image\\\/\"},\"sameAs\":[\"https:\\\/\\\/www.facebook.com\\\/styrpaadyr\"]}]}<\/script>\n<!-- \/ Yoast SEO plugin. -->","yoast_head_json":{"title":"Hos Styr P\u00e5 Dyr finder du alt, hvad du skal bruge til dine k\u00e6ledyr","description":"Vi har et bredt udvalg af foder til fisk, hunde, katte og gnavere, samt leget\u00f8j og udstyr, der holder dine dyr glade og aktive. Derudover tilbyder vi akvarier, terrarier og alt tilbeh\u00f8r, s\u00e5 du nemt kan skabe de bedste rammer for b\u00e5de sm\u00e5 og store dyr.","robots":{"index":"index","follow":"follow","max-snippet":"max-snippet:-1","max-image-preview":"max-image-preview:large","max-video-preview":"max-video-preview:-1"},"canonical":"https:\/\/styrpaadyr.dk\/en\/kig-ind-i-butikken-styr-paa-dyr\/","og_locale":"en_US","og_type":"article","og_title":"Hos Styr P\u00e5 Dyr finder du alt, hvad du skal bruge til dine k\u00e6ledyr","og_description":"Vi har et bredt udvalg af foder til fisk, hunde, katte og gnavere, samt leget\u00f8j og udstyr, der holder dine dyr glade og aktive. Derudover tilbyder vi akvarier, terrarier og alt tilbeh\u00f8r, s\u00e5 du nemt kan skabe de bedste rammer for b\u00e5de sm\u00e5 og store dyr.","og_url":"https:\/\/styrpaadyr.dk\/en\/kig-ind-i-butikken-styr-paa-dyr\/","og_site_name":"Styr p\u00e5 dyr","article_publisher":"https:\/\/www.facebook.com\/styrpaadyr","article_modified_time":"2026-02-03T06:02:59+00:00","og_image":[{"width":300,"height":300,"url":"https:\/\/styrpaadyr.dk\/wp-content\/uploads\/2026\/02\/styrpaadyr.png","type":"image\/png"}],"twitter_card":"summary_large_image","twitter_misc":{"Est. reading time":"1 minute"},"schema":{"@context":"https:\/\/schema.org","@graph":[{"@type":"WebPage","@id":"https:\/\/styrpaadyr.dk\/kig-ind-i-butikken-styr-paa-dyr\/","url":"https:\/\/styrpaadyr.dk\/kig-ind-i-butikken-styr-paa-dyr\/","name":"Hos Styr P\u00e5 Dyr finder du alt, hvad du skal bruge til dine k\u00e6ledyr","isPartOf":{"@id":"https:\/\/styrpaadyr.dk\/#website"},"primaryImageOfPage":{"@id":"https:\/\/styrpaadyr.dk\/kig-ind-i-butikken-styr-paa-dyr\/#primaryimage"},"image":{"@id":"https:\/\/styrpaadyr.dk\/kig-ind-i-butikken-styr-paa-dyr\/#primaryimage"},"thumbnailUrl":"https:\/\/styrpaadyr.dk\/wp-content\/uploads\/2026\/02\/styrpaadyr.png","datePublished":"2025-10-13T06:10:24+00:00","dateModified":"2026-02-03T06:02:59+00:00","description":"Vi har et bredt udvalg af foder til fisk, hunde, katte og gnavere, samt leget\u00f8j og udstyr, der holder dine dyr glade og aktive. Derudover tilbyder vi akvarier, terrarier og alt tilbeh\u00f8r, s\u00e5 du nemt kan skabe de bedste rammer for b\u00e5de sm\u00e5 og store dyr.","breadcrumb":{"@id":"https:\/\/styrpaadyr.dk\/kig-ind-i-butikken-styr-paa-dyr\/#breadcrumb"},"inLanguage":"en-US","potentialAction":[{"@type":"ReadAction","target":["https:\/\/styrpaadyr.dk\/kig-ind-i-butikken-styr-paa-dyr\/"]}]},{"@type":"ImageObject","inLanguage":"en-US","@id":"https:\/\/styrpaadyr.dk\/kig-ind-i-butikken-styr-paa-dyr\/#primaryimage","url":"https:\/\/styrpaadyr.dk\/wp-content\/uploads\/2026\/02\/styrpaadyr.png","contentUrl":"https:\/\/styrpaadyr.dk\/wp-content\/uploads\/2026\/02\/styrpaadyr.png","width":300,"height":300},{"@type":"BreadcrumbList","@id":"https:\/\/styrpaadyr.dk\/kig-ind-i-butikken-styr-paa-dyr\/#breadcrumb","itemListElement":[{"@type":"ListItem","position":1,"name":"Hjem","item":"https:\/\/styrpaadyr.dk\/"},{"@type":"ListItem","position":2,"name":"Kig ind i butikken Styr P\u00e5 Dyr"}]},{"@type":"WebSite","@id":"https:\/\/styrpaadyr.dk\/#website","url":"https:\/\/styrpaadyr.dk\/","name":"Styr p\u00e5 dyr","description":"Din ekspert inden for dyr","publisher":{"@id":"https:\/\/styrpaadyr.dk\/#organization"},"potentialAction":[{"@type":"SearchAction","target":{"@type":"EntryPoint","urlTemplate":"https:\/\/styrpaadyr.dk\/?s={search_term_string}"},"query-input":{"@type":"PropertyValueSpecification","valueRequired":true,"valueName":"search_term_string"}}],"inLanguage":"en-US"},{"@type":"Organization","@id":"https:\/\/styrpaadyr.dk\/#organization","name":"Styr p\u00e5 dyr","url":"https:\/\/styrpaadyr.dk\/","logo":{"@type":"ImageObject","inLanguage":"en-US","@id":"https:\/\/styrpaadyr.dk\/#\/schema\/logo\/image\/","url":"https:\/\/styrpaadyr.dk\/wp-content\/uploads\/2022\/07\/logo_3_ub.png","contentUrl":"https:\/\/styrpaadyr.dk\/wp-content\/uploads\/2022\/07\/logo_3_ub.png","width":282,"height":91,"caption":"Styr p\u00e5 dyr"},"image":{"@id":"https:\/\/styrpaadyr.dk\/#\/schema\/logo\/image\/"},"sameAs":["https:\/\/www.facebook.com\/styrpaadyr"]}]}},"_hostinger_reach_plugin_has_subscription_block":false,"_hostinger_reach_plugin_is_elementor":false,"_links":{"self":[{"href":"https:\/\/styrpaadyr.dk\/en\/wp-json\/wp\/v2\/pages\/16613","targetHints":{"allow":["GET"]}}],"collection":[{"href":"https:\/\/styrpaadyr.dk\/en\/wp-json\/wp\/v2\/pages"}],"about":[{"href":"https:\/\/styrpaadyr.dk\/en\/wp-json\/wp\/v2\/types\/page"}],"author":[{"embeddable":true,"href":"https:\/\/styrpaadyr.dk\/en\/wp-json\/wp\/v2\/users\/1"}],"replies":[{"embeddable":true,"href":"https:\/\/styrpaadyr.dk\/en\/wp-json\/wp\/v2\/comments?post=16613"}],"version-history":[{"count":13,"href":"https:\/\/styrpaadyr.dk\/en\/wp-json\/wp\/v2\/pages\/16613\/revisions"}],"predecessor-version":[{"id":17009,"href":"https:\/\/styrpaadyr.dk\/en\/wp-json\/wp\/v2\/pages\/16613\/revisions\/17009"}],"wp:featuredmedia":[{"embeddable":true,"href":"https:\/\/styrpaadyr.dk\/en\/wp-json\/wp\/v2\/media\/17110"}],"wp:attachment":[{"href":"https:\/\/styrpaadyr.dk\/en\/wp-json\/wp\/v2\/media?parent=16613"}],"curies":[{"name":"wp","href":"https:\/\/api.w.org\/{rel}","templated":true}]}}