{"id":16506,"date":"2025-10-13T04:57:03","date_gmt":"2025-10-13T04:57:03","guid":{"rendered":"https:\/\/styrpaadyr.dk\/?page_id=16506"},"modified":"2026-02-03T06:01:58","modified_gmt":"2026-02-03T06:01:58","slug":"boernefoedselsdag","status":"publish","type":"page","link":"https:\/\/styrpaadyr.dk\/en\/boernefoedselsdag\/","title":{"rendered":"Children's birthday"},"content":{"rendered":"\t\t<div data-elementor-type=\"wp-page\" data-elementor-id=\"16506\" class=\"elementor elementor-16506\" data-elementor-post-type=\"page\">\n\t\t\t\t<div class=\"elementor-element elementor-element-0d0631c e-flex e-con-boxed glozin-responsive-column glozin-tablet-column--default glozin-responsive-column glozin-mobile-column--default e-con e-parent\" data-id=\"0d0631c\" data-element_type=\"container\" data-e-type=\"container\">\n\t\t\t\t\t<div class=\"e-con-inner\">\n\t\t<div class=\"elementor-element elementor-element-736eda8 e-con-full e-flex glozin-responsive-column glozin-tablet-column--default glozin-responsive-column glozin-mobile-column--default e-con e-child\" data-id=\"736eda8\" data-element_type=\"container\" data-e-type=\"container\">\n\t\t\t\t<div class=\"elementor-element elementor-element-1cd0385 elementor-widget elementor-widget-heading\" data-id=\"1cd0385\" data-element_type=\"widget\" data-e-type=\"widget\" data-widget_type=\"heading.default\">\n\t\t\t\t\t<h1 class=\"elementor-heading-title elementor-size-default\">B\u00f8rnef\u00f8dselsdag<\/h1>\t\t\t\t<\/div>\n\t\t\t\t<div class=\"elementor-element elementor-element-a6e157f elementor-widget elementor-widget-text-editor\" data-id=\"a6e157f\" data-element_type=\"widget\" data-e-type=\"widget\" data-widget_type=\"text-editor.default\">\n\t\t\t\t\t\t\t\t\t<h4>Kunne I t\u00e6nke jer en fed oplevelse med dyr, s\u00e5 se med her!<\/h4><p>Vi har fire forskellige tilbud man kan benytte sig af, s\u00e5 hvad enten det er en f\u00f8dselsdag, konfirmation, polterabend, eller bare en helt almindelig hverdag. S\u00e5 st\u00e5r vi klar med en oplevelse i dyrenes tegn!<\/p><h4>Vi kommer hjem til jer!<\/h4><p>Vi planl\u00e6gger sammen hvor og hvorn\u00e5r det skal v\u00e6re, I er ogs\u00e5 selv med til at bestemme hvilke dyr vi skal have med. Vi kan dog af alle gode grunde kun have de dyr med som vi har i butikken, p\u00e5 den givende dag. Skulle man v\u00e6re i tvivl om hvilke dyr vi skal have med, s\u00e5 kan vi nemt finde de helt rigtige til jeres arrangement ved hj\u00e6lp af nogle f\u00e5 stikord. Ofte sidder vi i en rundkreds p\u00e5 gulvet, og her vil dyreformidleren sende et dyr rundt ad gangen, mens der bliver delt viden om dyrene, samt svaret p\u00e5 sp\u00f8rgsm\u00e5l. Alle som har lyst f\u00e5r lov at holde dyrene. Der vil typisk v\u00e6re omkring 7 dyr med, og arrangementet vare ca. 1 time<\/p><p><b>PRIS: 2000,- (OBS: Der vil v\u00e6re et transporttill\u00e6g p\u00e5 6 kr. pr. km.)<\/b><\/p><h3>I kommer ud til os!<\/h3><p>Dette arrangement er lavet til \u00e9n person med g\u00e6ster. Her har vi 5 spande, som man ikke kan kigge ned i, man kan kun s\u00e6tte armen derned. Vi har gemt en tyver i spanden, finder man den, s\u00e5 m\u00e5 man beholde den. Det er helt ok at kalde en g\u00e6st op til spandene, hvis man har brug for hj\u00e6lp. Dern\u00e6st har vi en f\u00f8lekasse, man kan ikke selv se hvad der er i f\u00f8le kassen, men g\u00e6sterne kan. Her skal man pr\u00f8ve at g\u00e6tte hvilket dyr der er i kassen, er det for sv\u00e6rt, m\u00e5 g\u00e6sterne komme med praj. Arrangementet tager typisk 1 time.<\/p><p><b>PRIS: 1000,-<\/b><\/p><h4>Hvis man bedst kan lide ro omkring sig!<\/h4><p>Det er ikke alle der f\u00e5r den samme fede oplevelse, n\u00e5r der er mange omkring en. S\u00e5 her har man muligheden for at komme alene, eller sammen med sin familie. Det er ogs\u00e5 ok at tage en bedste ven med, hvis man f\u00f8ler det giver en bedre oplevelse. Her vil man g\u00e5 rundt med en dyrepasser, og f\u00e5 en fed oplevelse med dyrene i vores butik. Vi aftaler n\u00e6rmere p\u00e5 forh\u00e5nd, nogle af de ting der skal ske. Det er bl.a. vigtigt, s\u00e5 vi kan planl\u00e6gge ugens fodre rutiner, s\u00e5 de kommer til at passe med dit bes\u00f8g. Det er nemlig ikke alle vores dyr som spiser hver dag. Arrangementet vare ca. 30 min.<\/p><p><b>PRIS: 500,-<\/b><\/p><h4>De helt store arrangementer!<\/h4><p>Skulle du have brug for vi kommer til et langt st\u00f8rre arrangement, s\u00e5 kan vi ogs\u00e5 klare det. Her skal vi venligst bede om et opkald, da st\u00f8rre arrangementer kan variere meget. Her har vi f\u00f8r deltaget p\u00e5 skoler, i b\u00f8rnehaver, biblioteker samt messecentre og store firma arrangementer.<\/p>\t\t\t\t\t\t\t\t<\/div>\n\t\t\t\t<div class=\"elementor-element elementor-element-621214b elementor-widget elementor-widget-heading\" data-id=\"621214b\" data-element_type=\"widget\" data-e-type=\"widget\" data-widget_type=\"heading.default\">\n\t\t\t\t\t<h2 class=\"elementor-heading-title elementor-size-default\">Kontakt os her eller p\u00e5 telefonen<\/h2>\t\t\t\t<\/div>\n\t\t\t\t<div class=\"elementor-element elementor-element-53f2f89 elementor-mobile-button-align-stretch elementor-button-align-stretch elementor-widget elementor-widget-global elementor-global-16521 elementor-widget-form\" data-id=\"53f2f89\" data-element_type=\"widget\" data-e-type=\"widget\" data-settings=\"{&quot;step_next_label&quot;:&quot;N\\u00e6ste&quot;,&quot;step_previous_label&quot;:&quot;Tilbage&quot;,&quot;button_width&quot;:&quot;100&quot;,&quot;step_type&quot;:&quot;number_text&quot;,&quot;step_icon_shape&quot;:&quot;circle&quot;}\" data-widget_type=\"form.default\">\n\t\t\t\t\t\t\t<form class=\"elementor-form\" method=\"post\" name=\"Reach Out\" aria-label=\"Reach Out\">\n\t\t\t<input type=\"hidden\" name=\"post_id\" value=\"16506\"\/>\n\t\t\t<input type=\"hidden\" name=\"form_id\" value=\"53f2f89\"\/>\n\t\t\t<input type=\"hidden\" name=\"referer_title\" value=\"Styr p\u00e5 dyr\" \/>\n\n\t\t\t\n\t\t\t<div class=\"elementor-form-fields-wrapper elementor-labels-\">\n\t\t\t\t\t\t\t\t<div class=\"elementor-field-type-text elementor-field-group elementor-column elementor-field-group-fullname elementor-col-50\">\n\t\t\t\t\t\t\t\t\t\t\t\t<label for=\"form-field-fullname\" class=\"elementor-field-label elementor-screen-only\">\n\t\t\t\t\t\t\t\tDit navn\t\t\t\t\t\t\t<\/label>\n\t\t\t\t\t\t\t\t\t\t\t\t\t\t<input size=\"1\" type=\"text\" name=\"form_fields[fullname]\" id=\"form-field-fullname\" class=\"elementor-field elementor-size-md  elementor-field-textual\" placeholder=\"Indtast navn\">\n\t\t\t\t\t\t\t\t\t\t\t<\/div>\n\t\t\t\t\t\t\t\t<div class=\"elementor-field-type-email elementor-field-group elementor-column elementor-field-group-email elementor-col-50 elementor-field-required\">\n\t\t\t\t\t\t\t\t\t\t\t\t<label for=\"form-field-email\" class=\"elementor-field-label elementor-screen-only\">\n\t\t\t\t\t\t\t\tEmail\t\t\t\t\t\t\t<\/label>\n\t\t\t\t\t\t\t\t\t\t\t\t\t\t<input size=\"1\" type=\"email\" name=\"form_fields[email]\" id=\"form-field-email\" class=\"elementor-field elementor-size-md  elementor-field-textual\" placeholder=\"indtast din email\" required=\"required\">\n\t\t\t\t\t\t\t\t\t\t\t<\/div>\n\t\t\t\t\t\t\t\t<div class=\"elementor-field-type-tel elementor-field-group elementor-column elementor-field-group-phone_number elementor-col-50\">\n\t\t\t\t\t\t\t\t\t\t\t\t<label for=\"form-field-phone_number\" class=\"elementor-field-label elementor-screen-only\">\n\t\t\t\t\t\t\t\tTelefon\t\t\t\t\t\t\t<\/label>\n\t\t\t\t\t\t\t\t<input size=\"1\" type=\"tel\" name=\"form_fields[phone_number]\" id=\"form-field-phone_number\" class=\"elementor-field elementor-size-md  elementor-field-textual\" placeholder=\"Indtast telefon nr.\" pattern=\"[0-9()#&amp;+*-=.]+\" title=\"Only numbers and phone characters (#, -, *, etc) are accepted.\">\n\n\t\t\t\t\t\t<\/div>\n\t\t\t\t\t\t\t\t<div class=\"elementor-field-type-textarea elementor-field-group elementor-column elementor-field-group-message elementor-col-100\">\n\t\t\t\t\t\t\t\t\t\t\t\t<label for=\"form-field-message\" class=\"elementor-field-label elementor-screen-only\">\n\t\t\t\t\t\t\t\tDin besked\t\t\t\t\t\t\t<\/label>\n\t\t\t\t\t\t<textarea class=\"elementor-field-textual elementor-field  elementor-size-md\" name=\"form_fields[message]\" id=\"form-field-message\" rows=\"4\" placeholder=\"Skriv din besked her\"><\/textarea>\t\t\t\t<\/div>\n\t\t\t\t\t\t\t\t<div class=\"elementor-field-group elementor-column elementor-field-type-submit elementor-col-100 e-form__buttons\">\n\t\t\t\t\t<button class=\"elementor-button elementor-size-md\" type=\"submit\">\n\t\t\t\t\t\t<span class=\"elementor-button-content-wrapper\">\n\t\t\t\t\t\t\t\t\t\t\t\t\t\t\t\t\t\t\t\t\t\t<span class=\"elementor-button-text\">Send besked \u27f6<\/span>\n\t\t\t\t\t\t\t\t\t\t\t\t\t<\/span>\n\t\t\t\t\t<\/button>\n\t\t\t\t<\/div>\n\t\t\t<\/div>\n\t\t<\/form>\n\t\t\t\t\t\t<\/div>\n\t\t\t\t<\/div>\n\t\t<div class=\"elementor-element elementor-element-f43b011 e-con-full e-flex glozin-responsive-column glozin-tablet-column--default glozin-responsive-column glozin-mobile-column--default e-con e-child\" data-id=\"f43b011\" data-element_type=\"container\" data-e-type=\"container\">\n\t\t\t\t<div class=\"elementor-element elementor-element-1859990 elementor-widget elementor-widget-glozin-widget-image\" data-id=\"1859990\" data-element_type=\"widget\" data-e-type=\"widget\" data-widget_type=\"glozin-widget-image.default\">\n\t\t\t\t<div class=\"elementor-widget-container\">\n\t\t\t\t\t<div class=\"glozin-widget-image h-100\" style=\"--gz-ratio-percent: 134%;\">\t\t\t\t\t\t\t\t\t\t\t\t\t\t\t<div class=\"gz-ratio h-100\"><div class=\"gz-responsive-image w-100 gz-responsive-image__desktop \"><img fetchpriority=\"high\" decoding=\"async\" width=\"400\" height=\"533\" src=\"https:\/\/styrpaadyr.dk\/wp-content\/uploads\/2025\/10\/Billede1.jpg\" class=\"attachment-full size-full\" alt=\"\" fetchpriority=\"high\" loading=\"eager\" srcset=\"https:\/\/styrpaadyr.dk\/wp-content\/uploads\/2025\/10\/Billede1.jpg 400w, https:\/\/styrpaadyr.dk\/wp-content\/uploads\/2025\/10\/Billede1-130x173.jpg 130w, https:\/\/styrpaadyr.dk\/wp-content\/uploads\/2025\/10\/Billede1-225x300.jpg 225w\" sizes=\"(max-width: 400px) 100vw, 400px\" \/><\/div><\/div>\t\t\t\t\t\t\t\t\t\t\t\t\t\t\t<\/div>\t\t\t\t<\/div>\n\t\t\t\t<\/div>\n\t\t\t\t<\/div>\n\t\t\t\t\t<\/div>\n\t\t\t\t<\/div>\n\t\t\t\t<\/div>\n\t\t","protected":false},"excerpt":{"rendered":"<p>B\u00f8rnef\u00f8dselsdag Kunne I t\u00e6nke jer en fed oplevelse med dyr, s\u00e5 se med her! Vi har fire forskellige tilbud man kan benytte sig af, s\u00e5 hvad enten det er en f\u00f8dselsdag, konfirmation, polterabend, eller bare en helt almindelig hverdag. S\u00e5 st\u00e5r vi klar med en oplevelse i dyrenes tegn! Vi kommer hjem til jer! Vi [&hellip;]<\/p>\n","protected":false},"author":1,"featured_media":17110,"parent":0,"menu_order":0,"comment_status":"closed","ping_status":"closed","template":"","meta":{"footnotes":""},"class_list":["post-16506","page","type-page","status-publish","has-post-thumbnail","hentry"],"yoast_head":"<!-- This site is optimized with the Yoast SEO plugin v27.3 - https:\/\/yoast.com\/product\/yoast-seo-wordpress\/ -->\n<title>B\u00f8rnef\u00f8dselsdag - Styr p\u00e5 dyr<\/title>\n<meta name=\"description\" content=\"B\u00f8rnef\u00f8dselsdag med dyr i Aalborg \u2013 Styr P\u00e5 Dyr skaber sjove og l\u00e6rerige oplevelser hjemme hos jer eller i butikken. Book en unik dag i dyrenes tegn.\" \/>\n<meta name=\"robots\" content=\"index, follow, max-snippet:-1, max-image-preview:large, max-video-preview:-1\" \/>\n<link rel=\"canonical\" href=\"https:\/\/styrpaadyr.dk\/en\/boernefoedselsdag\/\" \/>\n<meta property=\"og:locale\" content=\"en_US\" \/>\n<meta property=\"og:type\" content=\"article\" \/>\n<meta property=\"og:title\" content=\"B\u00f8rnef\u00f8dselsdag - Styr p\u00e5 dyr\" \/>\n<meta property=\"og:description\" content=\"B\u00f8rnef\u00f8dselsdag med dyr i Aalborg \u2013 Styr P\u00e5 Dyr skaber sjove og l\u00e6rerige oplevelser hjemme hos jer eller i butikken. Book en unik dag i dyrenes tegn.\" \/>\n<meta property=\"og:url\" content=\"https:\/\/styrpaadyr.dk\/en\/boernefoedselsdag\/\" \/>\n<meta property=\"og:site_name\" content=\"Styr p\u00e5 dyr\" \/>\n<meta property=\"article:publisher\" content=\"https:\/\/www.facebook.com\/styrpaadyr\" \/>\n<meta property=\"article:modified_time\" content=\"2026-02-03T06:01:58+00:00\" \/>\n<meta property=\"og:image\" content=\"https:\/\/styrpaadyr.dk\/wp-content\/uploads\/2026\/02\/styrpaadyr.png\" \/>\n\t<meta property=\"og:image:width\" content=\"300\" \/>\n\t<meta property=\"og:image:height\" content=\"300\" \/>\n\t<meta property=\"og:image:type\" content=\"image\/png\" \/>\n<meta name=\"twitter:card\" content=\"summary_large_image\" \/>\n<meta name=\"twitter:label1\" content=\"Est. reading time\" \/>\n\t<meta name=\"twitter:data1\" content=\"4 minutes\" \/>\n<script type=\"application\/ld+json\" class=\"yoast-schema-graph\">{\"@context\":\"https:\\\/\\\/schema.org\",\"@graph\":[{\"@type\":\"WebPage\",\"@id\":\"https:\\\/\\\/styrpaadyr.dk\\\/boernefoedselsdag\\\/\",\"url\":\"https:\\\/\\\/styrpaadyr.dk\\\/boernefoedselsdag\\\/\",\"name\":\"B\u00f8rnef\u00f8dselsdag - Styr p\u00e5 dyr\",\"isPartOf\":{\"@id\":\"https:\\\/\\\/styrpaadyr.dk\\\/#website\"},\"primaryImageOfPage\":{\"@id\":\"https:\\\/\\\/styrpaadyr.dk\\\/boernefoedselsdag\\\/#primaryimage\"},\"image\":{\"@id\":\"https:\\\/\\\/styrpaadyr.dk\\\/boernefoedselsdag\\\/#primaryimage\"},\"thumbnailUrl\":\"https:\\\/\\\/styrpaadyr.dk\\\/wp-content\\\/uploads\\\/2026\\\/02\\\/styrpaadyr.png\",\"datePublished\":\"2025-10-13T04:57:03+00:00\",\"dateModified\":\"2026-02-03T06:01:58+00:00\",\"description\":\"B\u00f8rnef\u00f8dselsdag med dyr i Aalborg \u2013 Styr P\u00e5 Dyr skaber sjove og l\u00e6rerige oplevelser hjemme hos jer eller i butikken. Book en unik dag i dyrenes tegn.\",\"breadcrumb\":{\"@id\":\"https:\\\/\\\/styrpaadyr.dk\\\/boernefoedselsdag\\\/#breadcrumb\"},\"inLanguage\":\"en-US\",\"potentialAction\":[{\"@type\":\"ReadAction\",\"target\":[\"https:\\\/\\\/styrpaadyr.dk\\\/boernefoedselsdag\\\/\"]}]},{\"@type\":\"ImageObject\",\"inLanguage\":\"en-US\",\"@id\":\"https:\\\/\\\/styrpaadyr.dk\\\/boernefoedselsdag\\\/#primaryimage\",\"url\":\"https:\\\/\\\/styrpaadyr.dk\\\/wp-content\\\/uploads\\\/2026\\\/02\\\/styrpaadyr.png\",\"contentUrl\":\"https:\\\/\\\/styrpaadyr.dk\\\/wp-content\\\/uploads\\\/2026\\\/02\\\/styrpaadyr.png\",\"width\":300,\"height\":300},{\"@type\":\"BreadcrumbList\",\"@id\":\"https:\\\/\\\/styrpaadyr.dk\\\/boernefoedselsdag\\\/#breadcrumb\",\"itemListElement\":[{\"@type\":\"ListItem\",\"position\":1,\"name\":\"Hjem\",\"item\":\"https:\\\/\\\/styrpaadyr.dk\\\/\"},{\"@type\":\"ListItem\",\"position\":2,\"name\":\"B\u00f8rnef\u00f8dselsdag\"}]},{\"@type\":\"WebSite\",\"@id\":\"https:\\\/\\\/styrpaadyr.dk\\\/#website\",\"url\":\"https:\\\/\\\/styrpaadyr.dk\\\/\",\"name\":\"Styr p\u00e5 dyr\",\"description\":\"Din ekspert inden for dyr\",\"publisher\":{\"@id\":\"https:\\\/\\\/styrpaadyr.dk\\\/#organization\"},\"potentialAction\":[{\"@type\":\"SearchAction\",\"target\":{\"@type\":\"EntryPoint\",\"urlTemplate\":\"https:\\\/\\\/styrpaadyr.dk\\\/?s={search_term_string}\"},\"query-input\":{\"@type\":\"PropertyValueSpecification\",\"valueRequired\":true,\"valueName\":\"search_term_string\"}}],\"inLanguage\":\"en-US\"},{\"@type\":\"Organization\",\"@id\":\"https:\\\/\\\/styrpaadyr.dk\\\/#organization\",\"name\":\"Styr p\u00e5 dyr\",\"url\":\"https:\\\/\\\/styrpaadyr.dk\\\/\",\"logo\":{\"@type\":\"ImageObject\",\"inLanguage\":\"en-US\",\"@id\":\"https:\\\/\\\/styrpaadyr.dk\\\/#\\\/schema\\\/logo\\\/image\\\/\",\"url\":\"https:\\\/\\\/styrpaadyr.dk\\\/wp-content\\\/uploads\\\/2022\\\/07\\\/logo_3_ub.png\",\"contentUrl\":\"https:\\\/\\\/styrpaadyr.dk\\\/wp-content\\\/uploads\\\/2022\\\/07\\\/logo_3_ub.png\",\"width\":282,\"height\":91,\"caption\":\"Styr p\u00e5 dyr\"},\"image\":{\"@id\":\"https:\\\/\\\/styrpaadyr.dk\\\/#\\\/schema\\\/logo\\\/image\\\/\"},\"sameAs\":[\"https:\\\/\\\/www.facebook.com\\\/styrpaadyr\"]}]}<\/script>\n<!-- \/ Yoast SEO plugin. -->","yoast_head_json":{"title":"B\u00f8rnef\u00f8dselsdag - Styr p\u00e5 dyr","description":"B\u00f8rnef\u00f8dselsdag med dyr i Aalborg \u2013 Styr P\u00e5 Dyr skaber sjove og l\u00e6rerige oplevelser hjemme hos jer eller i butikken. Book en unik dag i dyrenes tegn.","robots":{"index":"index","follow":"follow","max-snippet":"max-snippet:-1","max-image-preview":"max-image-preview:large","max-video-preview":"max-video-preview:-1"},"canonical":"https:\/\/styrpaadyr.dk\/en\/boernefoedselsdag\/","og_locale":"en_US","og_type":"article","og_title":"B\u00f8rnef\u00f8dselsdag - Styr p\u00e5 dyr","og_description":"B\u00f8rnef\u00f8dselsdag med dyr i Aalborg \u2013 Styr P\u00e5 Dyr skaber sjove og l\u00e6rerige oplevelser hjemme hos jer eller i butikken. Book en unik dag i dyrenes tegn.","og_url":"https:\/\/styrpaadyr.dk\/en\/boernefoedselsdag\/","og_site_name":"Styr p\u00e5 dyr","article_publisher":"https:\/\/www.facebook.com\/styrpaadyr","article_modified_time":"2026-02-03T06:01:58+00:00","og_image":[{"width":300,"height":300,"url":"https:\/\/styrpaadyr.dk\/wp-content\/uploads\/2026\/02\/styrpaadyr.png","type":"image\/png"}],"twitter_card":"summary_large_image","twitter_misc":{"Est. reading time":"4 minutes"},"schema":{"@context":"https:\/\/schema.org","@graph":[{"@type":"WebPage","@id":"https:\/\/styrpaadyr.dk\/boernefoedselsdag\/","url":"https:\/\/styrpaadyr.dk\/boernefoedselsdag\/","name":"B\u00f8rnef\u00f8dselsdag - Styr p\u00e5 dyr","isPartOf":{"@id":"https:\/\/styrpaadyr.dk\/#website"},"primaryImageOfPage":{"@id":"https:\/\/styrpaadyr.dk\/boernefoedselsdag\/#primaryimage"},"image":{"@id":"https:\/\/styrpaadyr.dk\/boernefoedselsdag\/#primaryimage"},"thumbnailUrl":"https:\/\/styrpaadyr.dk\/wp-content\/uploads\/2026\/02\/styrpaadyr.png","datePublished":"2025-10-13T04:57:03+00:00","dateModified":"2026-02-03T06:01:58+00:00","description":"B\u00f8rnef\u00f8dselsdag med dyr i Aalborg \u2013 Styr P\u00e5 Dyr skaber sjove og l\u00e6rerige oplevelser hjemme hos jer eller i butikken. Book en unik dag i dyrenes tegn.","breadcrumb":{"@id":"https:\/\/styrpaadyr.dk\/boernefoedselsdag\/#breadcrumb"},"inLanguage":"en-US","potentialAction":[{"@type":"ReadAction","target":["https:\/\/styrpaadyr.dk\/boernefoedselsdag\/"]}]},{"@type":"ImageObject","inLanguage":"en-US","@id":"https:\/\/styrpaadyr.dk\/boernefoedselsdag\/#primaryimage","url":"https:\/\/styrpaadyr.dk\/wp-content\/uploads\/2026\/02\/styrpaadyr.png","contentUrl":"https:\/\/styrpaadyr.dk\/wp-content\/uploads\/2026\/02\/styrpaadyr.png","width":300,"height":300},{"@type":"BreadcrumbList","@id":"https:\/\/styrpaadyr.dk\/boernefoedselsdag\/#breadcrumb","itemListElement":[{"@type":"ListItem","position":1,"name":"Hjem","item":"https:\/\/styrpaadyr.dk\/"},{"@type":"ListItem","position":2,"name":"B\u00f8rnef\u00f8dselsdag"}]},{"@type":"WebSite","@id":"https:\/\/styrpaadyr.dk\/#website","url":"https:\/\/styrpaadyr.dk\/","name":"Styr p\u00e5 dyr","description":"Din ekspert inden for dyr","publisher":{"@id":"https:\/\/styrpaadyr.dk\/#organization"},"potentialAction":[{"@type":"SearchAction","target":{"@type":"EntryPoint","urlTemplate":"https:\/\/styrpaadyr.dk\/?s={search_term_string}"},"query-input":{"@type":"PropertyValueSpecification","valueRequired":true,"valueName":"search_term_string"}}],"inLanguage":"en-US"},{"@type":"Organization","@id":"https:\/\/styrpaadyr.dk\/#organization","name":"Styr p\u00e5 dyr","url":"https:\/\/styrpaadyr.dk\/","logo":{"@type":"ImageObject","inLanguage":"en-US","@id":"https:\/\/styrpaadyr.dk\/#\/schema\/logo\/image\/","url":"https:\/\/styrpaadyr.dk\/wp-content\/uploads\/2022\/07\/logo_3_ub.png","contentUrl":"https:\/\/styrpaadyr.dk\/wp-content\/uploads\/2022\/07\/logo_3_ub.png","width":282,"height":91,"caption":"Styr p\u00e5 dyr"},"image":{"@id":"https:\/\/styrpaadyr.dk\/#\/schema\/logo\/image\/"},"sameAs":["https:\/\/www.facebook.com\/styrpaadyr"]}]}},"_hostinger_reach_plugin_has_subscription_block":false,"_hostinger_reach_plugin_is_elementor":false,"_links":{"self":[{"href":"https:\/\/styrpaadyr.dk\/en\/wp-json\/wp\/v2\/pages\/16506","targetHints":{"allow":["GET"]}}],"collection":[{"href":"https:\/\/styrpaadyr.dk\/en\/wp-json\/wp\/v2\/pages"}],"about":[{"href":"https:\/\/styrpaadyr.dk\/en\/wp-json\/wp\/v2\/types\/page"}],"author":[{"embeddable":true,"href":"https:\/\/styrpaadyr.dk\/en\/wp-json\/wp\/v2\/users\/1"}],"replies":[{"embeddable":true,"href":"https:\/\/styrpaadyr.dk\/en\/wp-json\/wp\/v2\/comments?post=16506"}],"version-history":[{"count":31,"href":"https:\/\/styrpaadyr.dk\/en\/wp-json\/wp\/v2\/pages\/16506\/revisions"}],"predecessor-version":[{"id":17108,"href":"https:\/\/styrpaadyr.dk\/en\/wp-json\/wp\/v2\/pages\/16506\/revisions\/17108"}],"wp:featuredmedia":[{"embeddable":true,"href":"https:\/\/styrpaadyr.dk\/en\/wp-json\/wp\/v2\/media\/17110"}],"wp:attachment":[{"href":"https:\/\/styrpaadyr.dk\/en\/wp-json\/wp\/v2\/media?parent=16506"}],"curies":[{"name":"wp","href":"https:\/\/api.w.org\/{rel}","templated":true}]}}